{"id":34529,"date":"2023-07-05T11:26:56","date_gmt":"2023-07-05T09:26:56","guid":{"rendered":"https:\/\/www.topiom.com\/de\/?page_id=34529"},"modified":"2025-03-28T07:39:51","modified_gmt":"2025-03-28T06:39:51","slug":"garantie","status":"publish","type":"page","link":"https:\/\/www.topiom.com\/de\/garantie\/","title":{"rendered":"Garantiezeit"},"content":{"rendered":"\n<p>Diese beschr\u00e4nkte Garantie k\u00f6nnte auf eine zweij\u00e4hrige Komponentengarantie und eine zweij\u00e4hrige Holzrahmengarantie erweitert werden, wenn die Garantieregistrierung innerhalb eines Monats nach dem Bestelldatum erfolgt. Nach dem angegebenen Zeitraum von einem Jahr sind Sie nicht mehr berechtigt, Ihre Garantie zu registrieren und zu erweitern. Diese beschr\u00e4nkte Garantie gilt nur f\u00fcr die Erstk\u00e4ufer des Produkts und ist nicht auf andere Parteien \u00fcbertragbar. Diese beschr\u00e4nkte Garantie deckt alle Material- oder Herstellungsfehler bei normalem Gebrauch w\u00e4hrend der Garantiezeit ab. Die beschr\u00e4nkten Garantiezeiten beginnen mit dem Eingang der Bestellung. Die Garantie gilt f\u00fcr das Gebiet der Europ\u00e4ischen Union.<\/p>\n\n\n\n<h3 class=\"wp-block-heading\">Anspruch auf Kundendienst-Sales Support Claim<\/h3>\n\n\n\n<p>W\u00e4hrend der Garantiezeit wird Topiom das Produkt oder die Komponente nach eigenem Ermessen \u00fcberpr\u00fcfen, reparieren oder ersetzen. Der Anspruchsteller muss Topiom zun\u00e4chst unverz\u00fcglich \u00fcber die M\u00e4ngel oder Sch\u00e4den informieren, die bei normaler Benutzung und Wartung innerhalb der Garantiezeit entstanden sind und eine Best\u00e4tigung von Topiom erhalten. Bitte klicken Sie hier, um ein Support-Ticket zu erstellen und wir werden uns so schnell wie m\u00f6glich bei Ihnen melden.<\/p>\n\n\n\n<h3 class=\"wp-block-heading\">Ausnahmen<\/h3>\n\n\n\n<p>Es wird keine Garantie gew\u00e4hrt f\u00fcr Vorf\u00e4lle, die auf unvorhersehbare Umst\u00e4nde oder Ereignisse h\u00f6herer Gewalt zur\u00fcckzuf\u00fchren sind, oder f\u00fcr Ersatz oder Reparaturen, die sich aus der normalen Abnutzung des Materials, Verschlechterungen oder Unf\u00e4llen infolge von b\u00f6swilligen oder fahrl\u00e4ssigen Handlungen, fehlerhafter Installation, Abbruch, Transport, Lagerung, Reinigung oder Wartung oder einem anormalen oder nicht den Anweisungen von Topiom entsprechenden Betrieb ergeben. Alle Komponenten, die kostenlos zur Verf\u00fcgung gestellt werden, fallen nicht unter diese Garantie.<\/p>\n\n\n\n<h3 class=\"wp-block-heading\">Verpflichtungen des Garantieantragstellers<\/h3>\n\n\n\n<p>Wenn Sie beabsichtigen, einen Garantieantrag zu stellen, m\u00fcssen Sie als Antragsteller \u2013 zuerst Topiom unverz\u00fcglich und schriftlich \u00fcber die M\u00e4ngel informieren, die das Produkt aufweist und alle Dokumente vorlegen, die die Realit\u00e4t dieser M\u00e4ngel belegen; \u2013 Ihren Garantieantrag einreichen und es Topiom erm\u00f6glichen, diese M\u00e4ngel zu \u00fcberpr\u00fcfen und zu best\u00e4tigen.<\/p>\n\n\n\n<h3 class=\"wp-block-heading\">Garantie Registrierung<\/h3>\n\n\n\n<p>Registrieren Sie Ihre Garantie, damit Topiom Sie w\u00e4hrend der Garantiezeit besser betreuen kann. Garantieleistungen sind nicht verl\u00e4ngerbar. Sie bewirken auch keine neue Garantiezeit. Weitergehende Anspr\u00fcche, insbesondere Anspr\u00fcche f\u00fcr Sch\u00e4den, die entstanden sind, wenn Sie das Produkt nicht benutzen, sind ausgeschlossen.<\/p>\n","protected":false},"excerpt":{"rendered":"<p>Diese beschr\u00e4nkte Garantie k\u00f6nnte auf eine zweij\u00e4hrige Komponentengarantie und eine zweij\u00e4hrige Holzrahmengarantie erweitert werden, wenn die Garantieregistrierung innerhalb eines Monats nach dem Bestelldatum erfolgt. Nach dem angegebenen Zeitraum von einem Jahr sind Sie nicht mehr berechtigt, Ihre Garantie zu registrieren und zu erweitern. Diese beschr\u00e4nkte Garantie gilt nur f\u00fcr die Erstk\u00e4ufer des Produkts und ist [&hellip;]<\/p>\n","protected":false},"author":1,"featured_media":0,"parent":0,"menu_order":0,"comment_status":"closed","ping_status":"closed","template":"","meta":{"footnotes":""},"class_list":["post-34529","page","type-page","status-publish","hentry"],"yoast_head":"<!-- This site is optimized with the Yoast SEO plugin v22.7 - https:\/\/yoast.com\/wordpress\/plugins\/seo\/ -->\n<title>Garantiezeit - Topiom Deutschland<\/title>\n<meta name=\"description\" content=\"Garantiezeit - Topiom Deutschland\" \/>\n<meta name=\"robots\" content=\"index, follow, max-snippet:-1, max-image-preview:large, max-video-preview:-1\" \/>\n<link rel=\"canonical\" href=\"https:\/\/www.topiom.com\/de\/garantie\/\" \/>\n<meta property=\"og:locale\" content=\"de_DE\" \/>\n<meta property=\"og:type\" content=\"article\" \/>\n<meta property=\"og:title\" content=\"Garantiezeit - Topiom Deutschland\" \/>\n<meta property=\"og:description\" content=\"Garantiezeit - Topiom Deutschland\" \/>\n<meta property=\"og:url\" content=\"https:\/\/www.topiom.com\/de\/garantie\/\" \/>\n<meta property=\"og:site_name\" content=\"Topiom Deutschland\" \/>\n<meta property=\"article:modified_time\" content=\"2025-03-28T06:39:51+00:00\" \/>\n<meta name=\"twitter:card\" content=\"summary_large_image\" \/>\n<meta name=\"twitter:label1\" content=\"Gesch\u00e4tzte Lesezeit\" \/>\n\t<meta name=\"twitter:data1\" content=\"2 Minuten\" \/>\n<script type=\"application\/ld+json\" class=\"yoast-schema-graph\">{\"@context\":\"https:\/\/schema.org\",\"@graph\":[{\"@type\":\"WebPage\",\"@id\":\"https:\/\/www.topiom.com\/de\/garantie\/\",\"url\":\"https:\/\/www.topiom.com\/de\/garantie\/\",\"name\":\"Garantiezeit - Topiom Deutschland\",\"isPartOf\":{\"@id\":\"https:\/\/www.topiom.com\/de\/#website\"},\"datePublished\":\"2023-07-05T09:26:56+00:00\",\"dateModified\":\"2025-03-28T06:39:51+00:00\",\"description\":\"Garantiezeit - Topiom Deutschland\",\"breadcrumb\":{\"@id\":\"https:\/\/www.topiom.com\/de\/garantie\/#breadcrumb\"},\"inLanguage\":\"de-DE\",\"potentialAction\":[{\"@type\":\"ReadAction\",\"target\":[\"https:\/\/www.topiom.com\/de\/garantie\/\"]}]},{\"@type\":\"BreadcrumbList\",\"@id\":\"https:\/\/www.topiom.com\/de\/garantie\/#breadcrumb\",\"itemListElement\":[{\"@type\":\"ListItem\",\"position\":1,\"name\":\"Home\",\"item\":\"https:\/\/www.topiom.com\/de\/\"},{\"@type\":\"ListItem\",\"position\":2,\"name\":\"Garantiezeit\"}]},{\"@type\":\"WebSite\",\"@id\":\"https:\/\/www.topiom.com\/de\/#website\",\"url\":\"https:\/\/www.topiom.com\/de\/\",\"name\":\"Topiom Deutschland\",\"description\":\"Home Fitness leicht gemacht\",\"potentialAction\":[{\"@type\":\"SearchAction\",\"target\":{\"@type\":\"EntryPoint\",\"urlTemplate\":\"https:\/\/www.topiom.com\/de\/?s={search_term_string}\"},\"query-input\":\"required name=search_term_string\"}],\"inLanguage\":\"de-DE\"}]}<\/script>\n<!-- \/ Yoast SEO plugin. -->","yoast_head_json":{"title":"Garantiezeit - Topiom Deutschland","description":"Garantiezeit - Topiom Deutschland","robots":{"index":"index","follow":"follow","max-snippet":"max-snippet:-1","max-image-preview":"max-image-preview:large","max-video-preview":"max-video-preview:-1"},"canonical":"https:\/\/www.topiom.com\/de\/garantie\/","og_locale":"de_DE","og_type":"article","og_title":"Garantiezeit - Topiom Deutschland","og_description":"Garantiezeit - Topiom Deutschland","og_url":"https:\/\/www.topiom.com\/de\/garantie\/","og_site_name":"Topiom Deutschland","article_modified_time":"2025-03-28T06:39:51+00:00","twitter_card":"summary_large_image","twitter_misc":{"Gesch\u00e4tzte Lesezeit":"2 Minuten"},"schema":{"@context":"https:\/\/schema.org","@graph":[{"@type":"WebPage","@id":"https:\/\/www.topiom.com\/de\/garantie\/","url":"https:\/\/www.topiom.com\/de\/garantie\/","name":"Garantiezeit - Topiom Deutschland","isPartOf":{"@id":"https:\/\/www.topiom.com\/de\/#website"},"datePublished":"2023-07-05T09:26:56+00:00","dateModified":"2025-03-28T06:39:51+00:00","description":"Garantiezeit - Topiom Deutschland","breadcrumb":{"@id":"https:\/\/www.topiom.com\/de\/garantie\/#breadcrumb"},"inLanguage":"de-DE","potentialAction":[{"@type":"ReadAction","target":["https:\/\/www.topiom.com\/de\/garantie\/"]}]},{"@type":"BreadcrumbList","@id":"https:\/\/www.topiom.com\/de\/garantie\/#breadcrumb","itemListElement":[{"@type":"ListItem","position":1,"name":"Home","item":"https:\/\/www.topiom.com\/de\/"},{"@type":"ListItem","position":2,"name":"Garantiezeit"}]},{"@type":"WebSite","@id":"https:\/\/www.topiom.com\/de\/#website","url":"https:\/\/www.topiom.com\/de\/","name":"Topiom Deutschland","description":"Home Fitness leicht gemacht","potentialAction":[{"@type":"SearchAction","target":{"@type":"EntryPoint","urlTemplate":"https:\/\/www.topiom.com\/de\/?s={search_term_string}"},"query-input":"required name=search_term_string"}],"inLanguage":"de-DE"}]}},"jetpack_sharing_enabled":true,"_links":{"self":[{"href":"https:\/\/www.topiom.com\/de\/wp-json\/wp\/v2\/pages\/34529"}],"collection":[{"href":"https:\/\/www.topiom.com\/de\/wp-json\/wp\/v2\/pages"}],"about":[{"href":"https:\/\/www.topiom.com\/de\/wp-json\/wp\/v2\/types\/page"}],"author":[{"embeddable":true,"href":"https:\/\/www.topiom.com\/de\/wp-json\/wp\/v2\/users\/1"}],"replies":[{"embeddable":true,"href":"https:\/\/www.topiom.com\/de\/wp-json\/wp\/v2\/comments?post=34529"}],"version-history":[{"count":2,"href":"https:\/\/www.topiom.com\/de\/wp-json\/wp\/v2\/pages\/34529\/revisions"}],"predecessor-version":[{"id":40804,"href":"https:\/\/www.topiom.com\/de\/wp-json\/wp\/v2\/pages\/34529\/revisions\/40804"}],"wp:attachment":[{"href":"https:\/\/www.topiom.com\/de\/wp-json\/wp\/v2\/media?parent=34529"}],"curies":[{"name":"wp","href":"https:\/\/api.w.org\/{rel}","templated":true}]}}