{"id":34531,"date":"2023-07-05T11:46:41","date_gmt":"2023-07-05T09:46:41","guid":{"rendered":"https:\/\/www.topiom.com\/de\/?page_id=34531"},"modified":"2023-07-05T11:46:42","modified_gmt":"2023-07-05T09:46:42","slug":"versandinformationen","status":"publish","type":"page","link":"https:\/\/www.topiom.com\/de\/versandinformationen\/","title":{"rendered":"Versandinformationen"},"content":{"rendered":"\n<p>Vielen Dank f\u00fcr Ihren Besuch und Ihren Einkauf bei Topiom. Im Folgenden finden Sie die Bedingungen und Konditionen, die unsere Versandrichtlinien darstellen.<\/p>\n\n\n\n<h3 class=\"wp-block-heading\">I. Bearbeitungszeit der Sendung<\/h3>\n\n\n\n<p>Die Lieferzeiten f\u00fcr Ger\u00e4te, Zubeh\u00f6r und andere Teile sind im Warenkorb angegeben und variieren je nach Nachfrage. Sollte sich der Versand Ihrer Bestellung erheblich verz\u00f6gern, werden wir Sie per E-Mail oder Telefon kontaktieren.<\/p>\n\n\n\n<h3 class=\"wp-block-heading\">II. Versandkosten &amp; voraussichtliche Lieferzeiten<\/h3>\n\n\n\n<figure class=\"wp-block-table\"><table><thead><tr><th>Land<\/th><th>Versandart<\/th><th>Voraussichtliche Lieferzeit<\/th><th>Versandkosten<\/th><\/tr><\/thead><tbody><tr><td>DE<\/td><td>Standard Versand<\/td><td>3-7 Werktage<\/td><td>Kostenloser Versand<\/td><\/tr><\/tbody><\/table><\/figure>\n\n\n\n<p>Bei ausreichendem Lagerbestand versenden wir das Produkt in der Regel innerhalb von 48 Stunden. Bitte ber\u00fccksichtigen Sie zus\u00e4tzliche Tage f\u00fcr Ihre Lieferung, wenn Feiertage, extreme\/unkontrollierbare Umst\u00e4nde, z.B. extreme Wetterbedingungen usw. vorliegen. Da wir f\u00fcr den Versand von Bestellungen mit externen Transportunternehmen zusammenarbeiten, unterliegen die Lieferregionen unseren Versandunternehmen.<\/p>\n\n\n\n<h3 class=\"wp-block-heading\">IV. Versandbest\u00e4tigung<\/h3>\n\n\n\n<p>Ihre Bestellung wird standardm\u00e4\u00dfig von den Versandunternehmen UPS und DPD ausgeliefert. Entsprechende UPS- oder DPD-Verfolgungsnummern werden f\u00fcr jedes Paket generiert. Sobald Ihre Bestellung versendet wurde, erhalten Sie eine E-Mail-Benachrichtigung mit den Sendungsverfolgungsnummern Ihrer Bestellung. Bitte beachten Sie, dass wir eine Bestellung nach dem Versand nicht mehr stornieren oder \u00c4nderungen an der Bestellung vornehmen k\u00f6nnen. Normalerweise werden die beiden Pakete mit Rudermaschinen aufgrund unterschiedlicher Logistikkan\u00e4le nicht gleichzeitig geliefert, das erste Paket kann 1~3 Tage fr\u00fcher als das zweite Paket ankommen.<\/p>\n\n\n\n<h3 class=\"wp-block-heading\">UPS<\/h3>\n\n\n\n<p>Ihr Paket wird 2-3 Werktage nach der Abholung durch den Paketdienst zugestellt. UPS bietet eine \u00fcbliche Zustellung zwischen 9:00 und 19:00 Uhr an.<\/p>\n\n\n\n<h3 class=\"wp-block-heading\">VI. Liefereinschr\u00e4nkungen<\/h3>\n\n\n\n<p>Obwohl unsere Transportunternehmen mit detaillierten Stra\u00dfenkarten f\u00fcr jedes Gebiet in Deutschland ausgestattet sind, w\u00e4ren weitere Informationen, die Ihnen die Suche nach Ihrem Wohnort\/Gesch\u00e4ft erleichtern w\u00fcrden hilfreich. Aufgrund der Gesamtgr\u00f6\u00dfe einiger Lieferfahrzeuge m\u00fcssen Topiom oder die in unserem Auftrag liefernden Spediteure \u00fcber eventuelle Zugangsbeschr\u00e4nkungen f\u00fcr das Lieferfahrzeug informiert werden. Dazu geh\u00f6ren, wenn auch nicht ausschlie\u00dflich, Stufen (einschlie\u00dflich derer, die f\u00fcr den Zugang zum Grundst\u00fcckseingang erklommen werden m\u00fcssen), B\u00e4ume, Str\u00e4ucher, stark absch\u00fcssige Einfahrten, enge Gassen, enge Kurven oder andere Einschr\u00e4nkungen, die dem Lieferfahrzeug den Zugang zum Lieferort erschweren k\u00f6nnten. Topiom akzeptiert keine Schadenersatzforderungen, die sich aus der Nicht-\/Fehl-\/Verweigerungszustellung von Artikeln ergeben, bei denen die Spediteure oder Topiom nicht auf Punkte bez\u00fcglich Zugangsbeschr\u00e4nkungen hingewiesen wurden. Im Falle einer Verweigerung\/Annullierung des Artikels aufgrund dieser Einschr\u00e4nkungen haften Sie f\u00fcr alle Transportkosten und es wird eine Wiedereinlagerungsgeb\u00fchr von 15% erhoben. Wir empfehlen Ihnen daher, daf\u00fcr Sorge zu tragen, dass das Produkt problemlos zu seinem Aufstellort im Erdgeschoss transportiert werden kann. Wenn Sie die Abmessungen eines Produkts \u00fcberpr\u00fcfen m\u00fcssen, achten Sie bitte vor der Bestellung auf die oben angegebenen Versandma\u00dfe.<\/p>\n\n\n\n<h3 class=\"wp-block-heading\">VII. Lieferbedingungen<\/h3>\n\n\n\n<p>Bitte beachten Sie: Aufgrund von Gesundheits- und Sicherheitsvorschriften liegt die Lieferung in die oberen Stockwerke im Ermessen des Transporteurs und wird nicht garantiert. Dazu geh\u00f6ren u.a. Stufen, die sich unmittelbar au\u00dferhalb des Gel\u00e4ndes befinden und die f\u00fcr den Zugang zum Grundst\u00fcck betreten werden m\u00fcssen.<\/p>\n\n\n\n<h3 class=\"wp-block-heading\">VIII. Installation<\/h3>\n\n\n\n<p>Topiom-Ruderger\u00e4te werden teilweise zerlegt geliefert und erfordern eine einfache Installation. Die Installation sollte mit Hilfe der Montageanleitung nicht l\u00e4nger als 30 Minuten dauern.<\/p>\n\n\n\n<h3 class=\"wp-block-heading\">IX. Weitere Informationen<\/h3>\n\n\n\n<p>Die Lieferung sollte sofort nach Erhalt auf Vollst\u00e4ndigkeit und eventuelle Transportsch\u00e4den \u00fcberpr\u00fcft werden, damit schnellstm\u00f6glich f\u00fcr Nachbesserung gesorgt werden kann.<\/p>\n\n\n\n<h5 class=\"wp-block-heading\">Transportsch\u00e4den<\/h5>\n\n\n\n<p>Wenn das Produkt besch\u00e4digt wurde, bitten wir Sie, uns am Tag des Bestelleingangs eine E-Mail an support@topiom.com zu senden. Bitte f\u00fcgen Sie eine Beschreibung des Schadens und Fotos bei, damit wir den Vorgang f\u00fcr Sie schneller und effizienter abwickeln k\u00f6nnen.<\/p>\n\n\n\n<h5 class=\"wp-block-heading\">Versp\u00e4tete Lieferungen<\/h5>\n\n\n\n<p>Wenn Ihre Bestellung nicht eingetroffen ist, wenden Sie sich bitte an support@topiom.com und wir werden uns so schnell wie m\u00f6glich darum k\u00fcmmern.<\/p>\n","protected":false},"excerpt":{"rendered":"<p>Vielen Dank f\u00fcr Ihren Besuch und Ihren Einkauf bei Topiom. Im Folgenden finden Sie die Bedingungen und Konditionen, die unsere Versandrichtlinien darstellen. I. Bearbeitungszeit der Sendung Die Lieferzeiten f\u00fcr Ger\u00e4te, Zubeh\u00f6r und andere Teile sind im Warenkorb angegeben und variieren je nach Nachfrage. Sollte sich der Versand Ihrer Bestellung erheblich verz\u00f6gern, werden wir Sie per [&hellip;]<\/p>\n","protected":false},"author":1,"featured_media":0,"parent":0,"menu_order":0,"comment_status":"closed","ping_status":"closed","template":"","meta":{"footnotes":""},"class_list":["post-34531","page","type-page","status-publish","hentry"],"yoast_head":"<!-- This site is optimized with the Yoast SEO plugin v22.7 - https:\/\/yoast.com\/wordpress\/plugins\/seo\/ -->\n<title>Versandinformationen - Topiom Deutschland<\/title>\n<meta name=\"description\" content=\"Versandinformationen - Topiom Deutschland\" \/>\n<meta name=\"robots\" content=\"index, follow, max-snippet:-1, max-image-preview:large, max-video-preview:-1\" \/>\n<link rel=\"canonical\" href=\"https:\/\/www.topiom.com\/de\/versandinformationen\/\" \/>\n<meta property=\"og:locale\" content=\"de_DE\" \/>\n<meta property=\"og:type\" content=\"article\" \/>\n<meta property=\"og:title\" content=\"Versandinformationen - Topiom Deutschland\" \/>\n<meta property=\"og:description\" content=\"Versandinformationen - Topiom Deutschland\" \/>\n<meta property=\"og:url\" content=\"https:\/\/www.topiom.com\/de\/versandinformationen\/\" \/>\n<meta property=\"og:site_name\" content=\"Topiom Deutschland\" \/>\n<meta property=\"article:modified_time\" content=\"2023-07-05T09:46:42+00:00\" \/>\n<meta name=\"twitter:card\" content=\"summary_large_image\" \/>\n<meta name=\"twitter:label1\" content=\"Gesch\u00e4tzte Lesezeit\" \/>\n\t<meta name=\"twitter:data1\" content=\"3 Minuten\" \/>\n<script type=\"application\/ld+json\" class=\"yoast-schema-graph\">{\"@context\":\"https:\/\/schema.org\",\"@graph\":[{\"@type\":\"WebPage\",\"@id\":\"https:\/\/www.topiom.com\/de\/versandinformationen\/\",\"url\":\"https:\/\/www.topiom.com\/de\/versandinformationen\/\",\"name\":\"Versandinformationen - Topiom Deutschland\",\"isPartOf\":{\"@id\":\"https:\/\/www.topiom.com\/de\/#website\"},\"datePublished\":\"2023-07-05T09:46:41+00:00\",\"dateModified\":\"2023-07-05T09:46:42+00:00\",\"description\":\"Versandinformationen - Topiom Deutschland\",\"breadcrumb\":{\"@id\":\"https:\/\/www.topiom.com\/de\/versandinformationen\/#breadcrumb\"},\"inLanguage\":\"de-DE\",\"potentialAction\":[{\"@type\":\"ReadAction\",\"target\":[\"https:\/\/www.topiom.com\/de\/versandinformationen\/\"]}]},{\"@type\":\"BreadcrumbList\",\"@id\":\"https:\/\/www.topiom.com\/de\/versandinformationen\/#breadcrumb\",\"itemListElement\":[{\"@type\":\"ListItem\",\"position\":1,\"name\":\"Home\",\"item\":\"https:\/\/www.topiom.com\/de\/\"},{\"@type\":\"ListItem\",\"position\":2,\"name\":\"Versandinformationen\"}]},{\"@type\":\"WebSite\",\"@id\":\"https:\/\/www.topiom.com\/de\/#website\",\"url\":\"https:\/\/www.topiom.com\/de\/\",\"name\":\"Topiom Deutschland\",\"description\":\"Home Fitness leicht gemacht\",\"potentialAction\":[{\"@type\":\"SearchAction\",\"target\":{\"@type\":\"EntryPoint\",\"urlTemplate\":\"https:\/\/www.topiom.com\/de\/?s={search_term_string}\"},\"query-input\":\"required name=search_term_string\"}],\"inLanguage\":\"de-DE\"}]}<\/script>\n<!-- \/ Yoast SEO plugin. -->","yoast_head_json":{"title":"Versandinformationen - Topiom Deutschland","description":"Versandinformationen - Topiom Deutschland","robots":{"index":"index","follow":"follow","max-snippet":"max-snippet:-1","max-image-preview":"max-image-preview:large","max-video-preview":"max-video-preview:-1"},"canonical":"https:\/\/www.topiom.com\/de\/versandinformationen\/","og_locale":"de_DE","og_type":"article","og_title":"Versandinformationen - Topiom Deutschland","og_description":"Versandinformationen - Topiom Deutschland","og_url":"https:\/\/www.topiom.com\/de\/versandinformationen\/","og_site_name":"Topiom Deutschland","article_modified_time":"2023-07-05T09:46:42+00:00","twitter_card":"summary_large_image","twitter_misc":{"Gesch\u00e4tzte Lesezeit":"3 Minuten"},"schema":{"@context":"https:\/\/schema.org","@graph":[{"@type":"WebPage","@id":"https:\/\/www.topiom.com\/de\/versandinformationen\/","url":"https:\/\/www.topiom.com\/de\/versandinformationen\/","name":"Versandinformationen - Topiom Deutschland","isPartOf":{"@id":"https:\/\/www.topiom.com\/de\/#website"},"datePublished":"2023-07-05T09:46:41+00:00","dateModified":"2023-07-05T09:46:42+00:00","description":"Versandinformationen - Topiom Deutschland","breadcrumb":{"@id":"https:\/\/www.topiom.com\/de\/versandinformationen\/#breadcrumb"},"inLanguage":"de-DE","potentialAction":[{"@type":"ReadAction","target":["https:\/\/www.topiom.com\/de\/versandinformationen\/"]}]},{"@type":"BreadcrumbList","@id":"https:\/\/www.topiom.com\/de\/versandinformationen\/#breadcrumb","itemListElement":[{"@type":"ListItem","position":1,"name":"Home","item":"https:\/\/www.topiom.com\/de\/"},{"@type":"ListItem","position":2,"name":"Versandinformationen"}]},{"@type":"WebSite","@id":"https:\/\/www.topiom.com\/de\/#website","url":"https:\/\/www.topiom.com\/de\/","name":"Topiom Deutschland","description":"Home Fitness leicht gemacht","potentialAction":[{"@type":"SearchAction","target":{"@type":"EntryPoint","urlTemplate":"https:\/\/www.topiom.com\/de\/?s={search_term_string}"},"query-input":"required name=search_term_string"}],"inLanguage":"de-DE"}]}},"jetpack_sharing_enabled":true,"_links":{"self":[{"href":"https:\/\/www.topiom.com\/de\/wp-json\/wp\/v2\/pages\/34531"}],"collection":[{"href":"https:\/\/www.topiom.com\/de\/wp-json\/wp\/v2\/pages"}],"about":[{"href":"https:\/\/www.topiom.com\/de\/wp-json\/wp\/v2\/types\/page"}],"author":[{"embeddable":true,"href":"https:\/\/www.topiom.com\/de\/wp-json\/wp\/v2\/users\/1"}],"replies":[{"embeddable":true,"href":"https:\/\/www.topiom.com\/de\/wp-json\/wp\/v2\/comments?post=34531"}],"version-history":[{"count":1,"href":"https:\/\/www.topiom.com\/de\/wp-json\/wp\/v2\/pages\/34531\/revisions"}],"predecessor-version":[{"id":34532,"href":"https:\/\/www.topiom.com\/de\/wp-json\/wp\/v2\/pages\/34531\/revisions\/34532"}],"wp:attachment":[{"href":"https:\/\/www.topiom.com\/de\/wp-json\/wp\/v2\/media?parent=34531"}],"curies":[{"name":"wp","href":"https:\/\/api.w.org\/{rel}","templated":true}]}}