{"id":34477,"date":"2023-07-08T09:30:28","date_gmt":"2023-07-08T07:30:28","guid":{"rendered":"https:\/\/www.topiom.com\/de\/?post_type=product&#038;p=34477"},"modified":"2026-04-12T17:42:02","modified_gmt":"2026-04-12T15:42:02","slug":"topiom-tm3-monitor-for-sale","status":"publish","type":"product","link":"https:\/\/www.topiom.com\/de\/product\/topiom-tm3-monitor-for-sale\/","title":{"rendered":"Topiom TM3 Monitor"},"content":{"rendered":"\t\t<div data-elementor-type=\"wp-post\" data-elementor-id=\"34477\" class=\"elementor elementor-34477\">\n\t\t\t\t\t\t<section class=\"elementor-section elementor-top-section elementor-element elementor-element-79893da7 elementor-section-boxed elementor-section-height-default elementor-section-height-default\" data-id=\"79893da7\" data-element_type=\"section\">\n\t\t\t\t\t\t<div class=\"elementor-container elementor-column-gap-default\">\n\t\t\t\t\t<div class=\"elementor-column elementor-col-100 elementor-top-column elementor-element elementor-element-55808896\" data-id=\"55808896\" data-element_type=\"column\">\n\t\t\t<div class=\"elementor-widget-wrap elementor-element-populated\">\n\t\t\t\t\t\t<div class=\"elementor-element elementor-element-209f2c9 elementor-widget elementor-widget-text-editor\" data-id=\"209f2c9\" data-element_type=\"widget\" data-widget_type=\"text-editor.default\">\n\t\t\t\t<div class=\"elementor-widget-container\">\n\t\t\t<style>\/*! elementor - v3.21.0 - 22-05-2024 *\/\n.elementor-widget-text-editor.elementor-drop-cap-view-stacked .elementor-drop-cap{background-color:#69727d;color:#fff}.elementor-widget-text-editor.elementor-drop-cap-view-framed .elementor-drop-cap{color:#69727d;border:3px solid;background-color:transparent}.elementor-widget-text-editor:not(.elementor-drop-cap-view-default) .elementor-drop-cap{margin-top:8px}.elementor-widget-text-editor:not(.elementor-drop-cap-view-default) .elementor-drop-cap-letter{width:1em;height:1em}.elementor-widget-text-editor .elementor-drop-cap{float:left;text-align:center;line-height:1;font-size:50px}.elementor-widget-text-editor .elementor-drop-cap-letter{display:inline-block}<\/style>\t\t\t\t<p>The TM3 monitor focuses more on data accuracy compared with the V2 monitor.<\/p>\t\t\t\t\t\t<\/div>\n\t\t\t\t<\/div>\n\t\t\t\t<div class=\"elementor-element elementor-element-136e415 elementor-widget elementor-widget-text-editor\" data-id=\"136e415\" data-element_type=\"widget\" data-widget_type=\"text-editor.default\">\n\t\t\t\t<div class=\"elementor-widget-container\">\n\t\t\t\t\t\t\t<p>\u3010Mehrere Daten\u00fcberwachung\u3011 m\/s, mph, \/500m, \/2km, Watt, kcal\/h, Meter, KM, Meilen, Schl\u00e4ge usw. Die \u00dcberwachung mehrerer Trainingsdaten kann den Datenerfordernissen verschiedener Sportbegeisterter gerecht werden, um ihnen zu helfen, die Trainingssituation besser zu verstehen.<\/p><p>\u3010Bluetooth-Unterst\u00fctzung\u3011Der TM3 Monitor kann \u00fcber Bluetooth mit den Kinomap- und Fitshow-Apps verbunden werden, sodass Sie m\u00fchelos Ihre Trainingseinheiten mit Ihrem Smartphone verfolgen k\u00f6nnen.<\/p><p>\u3010Trainingsplan erstellen\u3011Zeittraining, Distanztraining, Dauerintervalltraining, Distanzintervalltraining und andere Trainingsmodi k\u00f6nnen Ihnen helfen, bessere Trainingspl\u00e4ne zu erstellen und die gew\u00fcnschten Fitnessergebnisse zu erzielen.<\/p><p>\u3010Automatische Speicherfunktion f\u00fcr Trainingsdaten\u3011Aufzeichnungen von bis zu 150 Trainingseinheiten werden automatisch gespeichert, sodass Sie Ihre aktuellen Trainingseinheiten verfolgen und Ihre Leistung verstehen k\u00f6nnen.<\/p><p>\u3010Ladefunktion\u3011Der TM3 Monitor kann wiederaufladbare Batterien verwenden, was gesund und umweltfreundlich ist. Nachdem die Energie aufgebraucht ist, k\u00f6nnen Sie das Datenkabel verwenden, um direkt aufzuladen, ohne die Batterie zu entfernen, was einfach und bequem ist.<\/p><p>\u3010Vielseitig einsetzbar\u3011Er kann als Ersatz f\u00fcr alte Monitore verschiedener Ruderger\u00e4te aus Holz verwendet werden. Wenn Sie Fragen zu diesem Produkt haben, z\u00f6gern Sie bitte nicht, uns zu kontaktieren.<\/p>\t\t\t\t\t\t<\/div>\n\t\t\t\t<\/div>\n\t\t\t\t<div class=\"elementor-element elementor-element-6ccdf46 elementor-widget elementor-widget-text-editor\" data-id=\"6ccdf46\" data-element_type=\"widget\" data-widget_type=\"text-editor.default\">\n\t\t\t\t<div class=\"elementor-widget-container\">\n\t\t\t\t\t\t\t<p><span style=\"font-weight: bolder;\">Das TM3-Display ist mit allen Ruderger\u00e4ten von TOPIOM kompatibel, mit Ausnahme des faltbaren Modells. Dazu geh\u00f6ren<\/span><\/p><p><span style=\"color: #993300;\"><strong><a style=\"color: #993300;\" href=\"https:\/\/www.topiom.com\/de\/product\/topiom-indoor-rudergeraet-zu-verkaufen\/\" target=\"_blank\" rel=\"noopener\">Topiom V2 Indoor WASSER-RUDERGER\u00c4T (Mit V2 Monitor)<\/a><\/strong><\/span><\/p><p><strong><span style=\"color: #993300;\"><a style=\"color: #993300;\" href=\"https:\/\/www.topiom.com\/de\/product\/topiom-wasser-rudergeraet-v2-pro\/\" target=\"_blank\" rel=\"noopener\">Topiom WASSER-RUDERGER\u00c4T V2 Pro mit TM3<\/a><\/span><\/strong><\/p><p><strong><span style=\"color: #993300;\"><a style=\"color: #993300;\" href=\"https:\/\/www.topiom.com\/de\/product\/topiom-jupiter-wasser-rudergeraet-vorbestellung\/\" target=\"_blank\" rel=\"noopener\">Topiom Jupiter Wasser-Ruderger\u00e4t<\/a><\/span><\/strong><\/p><p><span style=\"font-weight: bolder;\">Bitte \u00fcberpr\u00fcfen Sie die folgenden Bilder sorgf\u00e4ltig, um sicherzustellen, dass Ihr Ruderger\u00e4t mit dem TM3-Display kompatibel ist.<\/span><\/p>\t\t\t\t\t\t<\/div>\n\t\t\t\t<\/div>\n\t\t\t\t<section class=\"elementor-section elementor-inner-section elementor-element elementor-element-487ed2b elementor-section-boxed elementor-section-height-default elementor-section-height-default\" data-id=\"487ed2b\" data-element_type=\"section\">\n\t\t\t\t\t\t<div class=\"elementor-container elementor-column-gap-default\">\n\t\t\t\t\t<div class=\"elementor-column elementor-col-50 elementor-inner-column elementor-element elementor-element-bae49c1\" data-id=\"bae49c1\" data-element_type=\"column\">\n\t\t\t<div class=\"elementor-widget-wrap elementor-element-populated\">\n\t\t\t\t\t\t<div class=\"elementor-element elementor-element-81af1e6 elementor-widget elementor-widget-image\" data-id=\"81af1e6\" data-element_type=\"widget\" data-widget_type=\"image.default\">\n\t\t\t\t<div class=\"elementor-widget-container\">\n\t\t\t<style>\/*! elementor - v3.21.0 - 22-05-2024 *\/\n.elementor-widget-image{text-align:center}.elementor-widget-image a{display:inline-block}.elementor-widget-image a img[src$=\".svg\"]{width:48px}.elementor-widget-image img{vertical-align:middle;display:inline-block}<\/style>\t\t\t\t\t\t\t<figure class=\"wp-caption\">\n\t\t\t\t\t\t\t\t\t\t<img fetchpriority=\"high\" decoding=\"async\" width=\"300\" height=\"300\" src=\"https:\/\/www.topiom.com\/de\/wp-content\/uploads\/sites\/2\/2023\/07\/TM3-1-300x300.jpg\" class=\"attachment-medium size-medium wp-image-39556\" alt=\"TM3\" \/>\t\t\t\t\t\t\t\t\t\t\t<figcaption class=\"widget-image-caption wp-caption-text\">TM3-Befestigungsstelle<\/figcaption>\n\t\t\t\t\t\t\t\t\t\t<\/figure>\n\t\t\t\t\t\t\t<\/div>\n\t\t\t\t<\/div>\n\t\t\t\t\t<\/div>\n\t\t<\/div>\n\t\t\t\t<div class=\"elementor-column elementor-col-50 elementor-inner-column elementor-element elementor-element-09a26fd\" data-id=\"09a26fd\" data-element_type=\"column\">\n\t\t\t<div class=\"elementor-widget-wrap elementor-element-populated\">\n\t\t\t\t\t\t<div class=\"elementor-element elementor-element-e5faacf elementor-widget elementor-widget-image\" data-id=\"e5faacf\" data-element_type=\"widget\" data-widget_type=\"image.default\">\n\t\t\t\t<div class=\"elementor-widget-container\">\n\t\t\t\t\t\t\t\t\t\t<figure class=\"wp-caption\">\n\t\t\t\t\t\t\t\t\t\t<img decoding=\"async\" width=\"1024\" height=\"483\" src=\"https:\/\/www.topiom.com\/de\/wp-content\/uploads\/sites\/2\/2023\/07\/TM3-2-1024x483.jpg\" class=\"attachment-large size-large wp-image-39557\" alt=\"TM3\" \/>\t\t\t\t\t\t\t\t\t\t\t<figcaption class=\"widget-image-caption wp-caption-text\">Mit dem TM3 kompatible Ruderger\u00e4te-Anschl\u00fcsse<\/figcaption>\n\t\t\t\t\t\t\t\t\t\t<\/figure>\n\t\t\t\t\t\t\t<\/div>\n\t\t\t\t<\/div>\n\t\t\t\t\t<\/div>\n\t\t<\/div>\n\t\t\t\t\t<\/div>\n\t\t<\/section>\n\t\t\t\t<div class=\"elementor-element elementor-element-15cfb2d2 elementor-widget elementor-widget-text-editor\" data-id=\"15cfb2d2\" data-element_type=\"widget\" data-widget_type=\"text-editor.default\">\n\t\t\t\t<div class=\"elementor-widget-container\">\n\t\t\t\t\t\t\t<p><strong style=\"font-size: 1rem;\">*If you are not sure of the battery model of the monitor, you can also contact our customer service: <\/strong><span style=\"color: #993300;\"><strong>support@topiom.com<\/strong><\/span><\/p><p><a href=\"https:\/\/www.youtube.com\/watch?v=NAaoCOCUtA0&amp;list=PLTbo79KX4qQxtHLi_EqSy9u3pznMoEcpr&amp;index=2\" target=\"_blank\" rel=\"noopener noreferrer\"><span style=\"font-weight: bold; color: #b12704;\">The TM3 monitor test video as a reference<span class=\"cta-title\">&gt;&gt;<\/span><\/span><\/a><\/p><p><a href=\"https:\/\/youtu.be\/F46cKmetf1c;list=PLTbo79KX4qQxtHLi_EqSy9u3pznMoEcpr&amp;index=2\" target=\"_blank\" rel=\"noopener noreferrer\"><span style=\"font-weight: bold; color: #b12704;\">TM3-Monitor-Installationsvideo<span class=\"cta-title\">&gt;&gt;<\/span><\/span><\/a><\/p>\t\t\t\t\t\t<\/div>\n\t\t\t\t<\/div>\n\t\t\t\t\t<\/div>\n\t\t<\/div>\n\t\t\t\t\t<\/div>\n\t\t<\/section>\n\t\t\t\t<\/div>\n\t\t","protected":false},"excerpt":{"rendered":"[wt-smart-coupon id=39541]\n","protected":false},"featured_media":35368,"comment_status":"open","ping_status":"closed","template":"","meta":[],"product_cat":[183,153],"product_tag":[],"class_list":{"0":"post-34477","1":"product","2":"type-product","3":"status-publish","4":"has-post-thumbnail","6":"product_brand-topiom","7":"product_cat-top-angebot","8":"product_cat-zubehoer","11":"first","12":"instock","13":"taxable","14":"shipping-taxable","15":"purchasable","16":"product-type-simple"},"yoast_head":"<!-- This site is optimized with the Yoast SEO plugin v22.7 - https:\/\/yoast.com\/wordpress\/plugins\/seo\/ -->\n<title>Topiom TM3 Monitor - Topiom Deutschland<\/title>\n<meta name=\"description\" content=\"Topiom TM3 Monitor - Topiom Deutschland\" \/>\n<meta name=\"robots\" content=\"index, follow, max-snippet:-1, max-image-preview:large, max-video-preview:-1\" \/>\n<link rel=\"canonical\" href=\"https:\/\/www.topiom.com\/de\/product\/topiom-tm3-monitor-for-sale\/\" \/>\n<meta property=\"og:locale\" content=\"de_DE\" \/>\n<meta property=\"og:type\" content=\"article\" \/>\n<meta property=\"og:title\" content=\"Topiom TM3 Monitor - Topiom Deutschland\" \/>\n<meta property=\"og:description\" content=\"Topiom TM3 Monitor - Topiom Deutschland\" \/>\n<meta property=\"og:url\" content=\"https:\/\/www.topiom.com\/de\/product\/topiom-tm3-monitor-for-sale\/\" \/>\n<meta property=\"og:site_name\" content=\"Topiom Deutschland\" \/>\n<meta property=\"article:modified_time\" content=\"2026-04-12T15:42:02+00:00\" \/>\n<meta property=\"og:image\" content=\"https:\/\/www.topiom.com\/de\/wp-content\/uploads\/sites\/2\/2023\/07\/Topiom-TM3-Monitor-1.jpg\" \/>\n\t<meta property=\"og:image:width\" content=\"1600\" \/>\n\t<meta property=\"og:image:height\" content=\"1040\" \/>\n\t<meta property=\"og:image:type\" content=\"image\/jpeg\" \/>\n<meta name=\"twitter:card\" content=\"summary_large_image\" \/>\n<meta name=\"twitter:label1\" content=\"Gesch\u00e4tzte Lesezeit\" \/>\n\t<meta name=\"twitter:data1\" content=\"3 Minuten\" \/>\n<script type=\"application\/ld+json\" class=\"yoast-schema-graph\">{\"@context\":\"https:\/\/schema.org\",\"@graph\":[{\"@type\":\"WebPage\",\"@id\":\"https:\/\/www.topiom.com\/de\/product\/topiom-tm3-monitor-for-sale\/\",\"url\":\"https:\/\/www.topiom.com\/de\/product\/topiom-tm3-monitor-for-sale\/\",\"name\":\"Topiom TM3 Monitor - Topiom Deutschland\",\"isPartOf\":{\"@id\":\"https:\/\/www.topiom.com\/de\/#website\"},\"primaryImageOfPage\":{\"@id\":\"https:\/\/www.topiom.com\/de\/product\/topiom-tm3-monitor-for-sale\/#primaryimage\"},\"image\":{\"@id\":\"https:\/\/www.topiom.com\/de\/product\/topiom-tm3-monitor-for-sale\/#primaryimage\"},\"thumbnailUrl\":\"https:\/\/www.topiom.com\/de\/wp-content\/uploads\/sites\/2\/2023\/07\/Topiom-TM3-Monitor-1.jpg\",\"datePublished\":\"2023-07-08T07:30:28+00:00\",\"dateModified\":\"2026-04-12T15:42:02+00:00\",\"description\":\"Topiom TM3 Monitor - Topiom Deutschland\",\"breadcrumb\":{\"@id\":\"https:\/\/www.topiom.com\/de\/product\/topiom-tm3-monitor-for-sale\/#breadcrumb\"},\"inLanguage\":\"de-DE\",\"potentialAction\":[{\"@type\":\"ReadAction\",\"target\":[\"https:\/\/www.topiom.com\/de\/product\/topiom-tm3-monitor-for-sale\/\"]}]},{\"@type\":\"ImageObject\",\"inLanguage\":\"de-DE\",\"@id\":\"https:\/\/www.topiom.com\/de\/product\/topiom-tm3-monitor-for-sale\/#primaryimage\",\"url\":\"https:\/\/www.topiom.com\/de\/wp-content\/uploads\/sites\/2\/2023\/07\/Topiom-TM3-Monitor-1.jpg\",\"contentUrl\":\"https:\/\/www.topiom.com\/de\/wp-content\/uploads\/sites\/2\/2023\/07\/Topiom-TM3-Monitor-1.jpg\",\"width\":1600,\"height\":1040},{\"@type\":\"BreadcrumbList\",\"@id\":\"https:\/\/www.topiom.com\/de\/product\/topiom-tm3-monitor-for-sale\/#breadcrumb\",\"itemListElement\":[{\"@type\":\"ListItem\",\"position\":1,\"name\":\"Home\",\"item\":\"https:\/\/www.topiom.com\/de\/\"},{\"@type\":\"ListItem\",\"position\":2,\"name\":\"Shop\",\"item\":\"https:\/\/www.topiom.com\/de\/shop\/\"},{\"@type\":\"ListItem\",\"position\":3,\"name\":\"Topiom TM3 Monitor\"}]},{\"@type\":\"WebSite\",\"@id\":\"https:\/\/www.topiom.com\/de\/#website\",\"url\":\"https:\/\/www.topiom.com\/de\/\",\"name\":\"Topiom Deutschland\",\"description\":\"Home Fitness leicht gemacht\",\"potentialAction\":[{\"@type\":\"SearchAction\",\"target\":{\"@type\":\"EntryPoint\",\"urlTemplate\":\"https:\/\/www.topiom.com\/de\/?s={search_term_string}\"},\"query-input\":\"required name=search_term_string\"}],\"inLanguage\":\"de-DE\"}]}<\/script>\n<!-- \/ Yoast SEO plugin. -->","yoast_head_json":{"title":"Topiom TM3 Monitor - Topiom Deutschland","description":"Topiom TM3 Monitor - Topiom Deutschland","robots":{"index":"index","follow":"follow","max-snippet":"max-snippet:-1","max-image-preview":"max-image-preview:large","max-video-preview":"max-video-preview:-1"},"canonical":"https:\/\/www.topiom.com\/de\/product\/topiom-tm3-monitor-for-sale\/","og_locale":"de_DE","og_type":"article","og_title":"Topiom TM3 Monitor - Topiom Deutschland","og_description":"Topiom TM3 Monitor - Topiom Deutschland","og_url":"https:\/\/www.topiom.com\/de\/product\/topiom-tm3-monitor-for-sale\/","og_site_name":"Topiom Deutschland","article_modified_time":"2026-04-12T15:42:02+00:00","og_image":[{"width":1600,"height":1040,"url":"https:\/\/www.topiom.com\/de\/wp-content\/uploads\/sites\/2\/2023\/07\/Topiom-TM3-Monitor-1.jpg","type":"image\/jpeg"}],"twitter_card":"summary_large_image","twitter_misc":{"Gesch\u00e4tzte Lesezeit":"3 Minuten"},"schema":{"@context":"https:\/\/schema.org","@graph":[{"@type":"WebPage","@id":"https:\/\/www.topiom.com\/de\/product\/topiom-tm3-monitor-for-sale\/","url":"https:\/\/www.topiom.com\/de\/product\/topiom-tm3-monitor-for-sale\/","name":"Topiom TM3 Monitor - Topiom Deutschland","isPartOf":{"@id":"https:\/\/www.topiom.com\/de\/#website"},"primaryImageOfPage":{"@id":"https:\/\/www.topiom.com\/de\/product\/topiom-tm3-monitor-for-sale\/#primaryimage"},"image":{"@id":"https:\/\/www.topiom.com\/de\/product\/topiom-tm3-monitor-for-sale\/#primaryimage"},"thumbnailUrl":"https:\/\/www.topiom.com\/de\/wp-content\/uploads\/sites\/2\/2023\/07\/Topiom-TM3-Monitor-1.jpg","datePublished":"2023-07-08T07:30:28+00:00","dateModified":"2026-04-12T15:42:02+00:00","description":"Topiom TM3 Monitor - Topiom Deutschland","breadcrumb":{"@id":"https:\/\/www.topiom.com\/de\/product\/topiom-tm3-monitor-for-sale\/#breadcrumb"},"inLanguage":"de-DE","potentialAction":[{"@type":"ReadAction","target":["https:\/\/www.topiom.com\/de\/product\/topiom-tm3-monitor-for-sale\/"]}]},{"@type":"ImageObject","inLanguage":"de-DE","@id":"https:\/\/www.topiom.com\/de\/product\/topiom-tm3-monitor-for-sale\/#primaryimage","url":"https:\/\/www.topiom.com\/de\/wp-content\/uploads\/sites\/2\/2023\/07\/Topiom-TM3-Monitor-1.jpg","contentUrl":"https:\/\/www.topiom.com\/de\/wp-content\/uploads\/sites\/2\/2023\/07\/Topiom-TM3-Monitor-1.jpg","width":1600,"height":1040},{"@type":"BreadcrumbList","@id":"https:\/\/www.topiom.com\/de\/product\/topiom-tm3-monitor-for-sale\/#breadcrumb","itemListElement":[{"@type":"ListItem","position":1,"name":"Home","item":"https:\/\/www.topiom.com\/de\/"},{"@type":"ListItem","position":2,"name":"Shop","item":"https:\/\/www.topiom.com\/de\/shop\/"},{"@type":"ListItem","position":3,"name":"Topiom TM3 Monitor"}]},{"@type":"WebSite","@id":"https:\/\/www.topiom.com\/de\/#website","url":"https:\/\/www.topiom.com\/de\/","name":"Topiom Deutschland","description":"Home Fitness leicht gemacht","potentialAction":[{"@type":"SearchAction","target":{"@type":"EntryPoint","urlTemplate":"https:\/\/www.topiom.com\/de\/?s={search_term_string}"},"query-input":"required name=search_term_string"}],"inLanguage":"de-DE"}]}},"jetpack_sharing_enabled":true,"_links":{"self":[{"href":"https:\/\/www.topiom.com\/de\/wp-json\/wp\/v2\/product\/34477"}],"collection":[{"href":"https:\/\/www.topiom.com\/de\/wp-json\/wp\/v2\/product"}],"about":[{"href":"https:\/\/www.topiom.com\/de\/wp-json\/wp\/v2\/types\/product"}],"replies":[{"embeddable":true,"href":"https:\/\/www.topiom.com\/de\/wp-json\/wp\/v2\/comments?post=34477"}],"version-history":[{"count":33,"href":"https:\/\/www.topiom.com\/de\/wp-json\/wp\/v2\/product\/34477\/revisions"}],"predecessor-version":[{"id":41449,"href":"https:\/\/www.topiom.com\/de\/wp-json\/wp\/v2\/product\/34477\/revisions\/41449"}],"wp:featuredmedia":[{"embeddable":true,"href":"https:\/\/www.topiom.com\/de\/wp-json\/wp\/v2\/media\/35368"}],"wp:attachment":[{"href":"https:\/\/www.topiom.com\/de\/wp-json\/wp\/v2\/media?parent=34477"}],"wp:term":[{"taxonomy":"product_cat","embeddable":true,"href":"https:\/\/www.topiom.com\/de\/wp-json\/wp\/v2\/product_cat?post=34477"},{"taxonomy":"product_tag","embeddable":true,"href":"https:\/\/www.topiom.com\/de\/wp-json\/wp\/v2\/product_tag?post=34477"}],"curies":[{"name":"wp","href":"https:\/\/api.w.org\/{rel}","templated":true}]}}