{"id":34688,"date":"2023-07-07T08:18:38","date_gmt":"2023-07-07T06:18:38","guid":{"rendered":"https:\/\/www.topiom.com\/de\/?post_type=product&#038;p=34688"},"modified":"2025-05-03T13:04:25","modified_gmt":"2025-05-03T11:04:25","slug":"topiom-handyhalter","status":"publish","type":"product","link":"https:\/\/www.topiom.com\/de\/product\/topiom-handyhalter\/","title":{"rendered":"Topiom Handyhalter"},"content":{"rendered":"<ul>\n<li>[Hochkompatibilit\u00e4t] Dieser Handy-St\u00e4nder ist f\u00fcr Handys mit einer Breite von 3,5 bis 11 Zoll ausgelegt und eignet sich f\u00fcr die meisten Smartphones und Tablets. Die Klammer dieses Telefonhalters passt in einen Bereich von 2 Zoll. Der Handy-Clip und der Tisch-Clip sind innen mit Gummipolstern versehen, um Kratzer an Ihren M\u00f6beln zu verhindern.<\/li>\n<li>[Hohe Flexibilit\u00e4t] Der TOPIOM Handy-Video-St\u00e4nder enth\u00e4lt einen drehbaren Kopf, der um 360 Grad gedreht werden kann, und seine Standarme bewegen sich um bis zu 180\u00b0. Er kann verdreht, gedreht und in jedem von Ihnen gew\u00e4hlten Winkel geneigt werden.<\/li>\n<li>[Vielf\u00e4ltige Anwendung] Der TOPIOM Lazy-Handyhalter eignet sich ideal, um Ihre H\u00e4nde frei zu haben, perfekt f\u00fcr Live-Streaming, Video-Chats, Fotos und zum Anschauen von Videos. Sie k\u00f6nnen ein Tablet oder ein Handy bequem auf Augenh\u00f6he auf dem Stuhl verwenden, besonders f\u00fcr Kinder.<\/li>\n<li>[Ausgezeichnete Qualit\u00e4t] Der TOPIOM Handyhalter und Tisch-Clip besteht aus robustem Edelstahl und biegt oder bricht nicht. Er ist sehr robust und langlebig und wird lange halten.<\/li>\n<li>[Gesundheitsf\u00f6rdernd] Sie k\u00f6nnen Ihr Handy bequem auf Augenh\u00f6he betrachten, anstatt st\u00e4ndig den Kopf zu beugen oder die Arme zu heben. Die Verwendung dieses Handyhalters f\u00fcr einen Schreibtisch reduziert Nackenschmerzen und Armm\u00fcdigkeit und sch\u00fctzt Ihr Augenlicht.<\/li>\n<\/ul>\n","protected":false},"excerpt":{"rendered":"<p>[Hochkompatibilit\u00e4t] Dieser Handy-St\u00e4nder ist f\u00fcr Handys mit einer Breite von 3,5 bis 11 Zoll ausgelegt und eignet sich f\u00fcr die meisten Smartphones und Tablets. Die Klammer dieses Telefonhalters passt in einen Bereich von 2 Zoll. Der Handy-Clip und der Tisch-Clip sind innen mit Gummipolstern versehen, um Kratzer an Ihren M\u00f6beln zu verhindern. [Hohe Flexibilit\u00e4t] Der [&hellip;]<\/p>\n","protected":false},"featured_media":35355,"comment_status":"closed","ping_status":"closed","template":"","meta":[],"product_cat":[153],"product_tag":[],"class_list":{"0":"post-34688","1":"product","2":"type-product","3":"status-publish","4":"has-post-thumbnail","6":"product_brand-topiom","7":"product_cat-zubehoer","10":"first","11":"instock","12":"sale","13":"taxable","14":"shipping-taxable","15":"purchasable","16":"product-type-simple"},"yoast_head":"<!-- This site is optimized with the Yoast SEO plugin v22.7 - https:\/\/yoast.com\/wordpress\/plugins\/seo\/ -->\n<title>Topiom Handyhalter - Topiom Deutschland<\/title>\n<meta name=\"description\" content=\"Topiom Handyhalter - Topiom Deutschland\" \/>\n<meta name=\"robots\" content=\"index, follow, max-snippet:-1, max-image-preview:large, max-video-preview:-1\" \/>\n<link rel=\"canonical\" href=\"https:\/\/www.topiom.com\/de\/product\/topiom-handyhalter\/\" \/>\n<meta property=\"og:locale\" content=\"de_DE\" \/>\n<meta property=\"og:type\" content=\"article\" \/>\n<meta property=\"og:title\" content=\"Topiom Handyhalter - Topiom Deutschland\" \/>\n<meta property=\"og:description\" content=\"Topiom Handyhalter - Topiom Deutschland\" \/>\n<meta property=\"og:url\" content=\"https:\/\/www.topiom.com\/de\/product\/topiom-handyhalter\/\" \/>\n<meta property=\"og:site_name\" content=\"Topiom Deutschland\" \/>\n<meta property=\"article:modified_time\" content=\"2025-05-03T11:04:25+00:00\" \/>\n<meta property=\"og:image\" content=\"https:\/\/www.topiom.com\/de\/wp-content\/uploads\/sites\/2\/2023\/07\/TOPIOM-Cell-Phone-Holder-1.jpg\" \/>\n\t<meta property=\"og:image:width\" content=\"1600\" \/>\n\t<meta property=\"og:image:height\" content=\"1040\" \/>\n\t<meta property=\"og:image:type\" content=\"image\/jpeg\" \/>\n<meta name=\"twitter:card\" content=\"summary_large_image\" \/>\n<meta name=\"twitter:label1\" content=\"Gesch\u00e4tzte Lesezeit\" \/>\n\t<meta name=\"twitter:data1\" content=\"2 Minuten\" \/>\n<script type=\"application\/ld+json\" class=\"yoast-schema-graph\">{\"@context\":\"https:\/\/schema.org\",\"@graph\":[{\"@type\":\"WebPage\",\"@id\":\"https:\/\/www.topiom.com\/de\/product\/topiom-handyhalter\/\",\"url\":\"https:\/\/www.topiom.com\/de\/product\/topiom-handyhalter\/\",\"name\":\"Topiom Handyhalter - Topiom Deutschland\",\"isPartOf\":{\"@id\":\"https:\/\/www.topiom.com\/de\/#website\"},\"primaryImageOfPage\":{\"@id\":\"https:\/\/www.topiom.com\/de\/product\/topiom-handyhalter\/#primaryimage\"},\"image\":{\"@id\":\"https:\/\/www.topiom.com\/de\/product\/topiom-handyhalter\/#primaryimage\"},\"thumbnailUrl\":\"https:\/\/www.topiom.com\/de\/wp-content\/uploads\/sites\/2\/2023\/07\/TOPIOM-Cell-Phone-Holder-1.jpg\",\"datePublished\":\"2023-07-07T06:18:38+00:00\",\"dateModified\":\"2025-05-03T11:04:25+00:00\",\"description\":\"Topiom Handyhalter - Topiom Deutschland\",\"breadcrumb\":{\"@id\":\"https:\/\/www.topiom.com\/de\/product\/topiom-handyhalter\/#breadcrumb\"},\"inLanguage\":\"de-DE\",\"potentialAction\":[{\"@type\":\"ReadAction\",\"target\":[\"https:\/\/www.topiom.com\/de\/product\/topiom-handyhalter\/\"]}]},{\"@type\":\"ImageObject\",\"inLanguage\":\"de-DE\",\"@id\":\"https:\/\/www.topiom.com\/de\/product\/topiom-handyhalter\/#primaryimage\",\"url\":\"https:\/\/www.topiom.com\/de\/wp-content\/uploads\/sites\/2\/2023\/07\/TOPIOM-Cell-Phone-Holder-1.jpg\",\"contentUrl\":\"https:\/\/www.topiom.com\/de\/wp-content\/uploads\/sites\/2\/2023\/07\/TOPIOM-Cell-Phone-Holder-1.jpg\",\"width\":1600,\"height\":1040},{\"@type\":\"BreadcrumbList\",\"@id\":\"https:\/\/www.topiom.com\/de\/product\/topiom-handyhalter\/#breadcrumb\",\"itemListElement\":[{\"@type\":\"ListItem\",\"position\":1,\"name\":\"Home\",\"item\":\"https:\/\/www.topiom.com\/de\/\"},{\"@type\":\"ListItem\",\"position\":2,\"name\":\"Shop\",\"item\":\"https:\/\/www.topiom.com\/de\/shop\/\"},{\"@type\":\"ListItem\",\"position\":3,\"name\":\"Topiom Handyhalter\"}]},{\"@type\":\"WebSite\",\"@id\":\"https:\/\/www.topiom.com\/de\/#website\",\"url\":\"https:\/\/www.topiom.com\/de\/\",\"name\":\"Topiom Deutschland\",\"description\":\"Home Fitness leicht gemacht\",\"potentialAction\":[{\"@type\":\"SearchAction\",\"target\":{\"@type\":\"EntryPoint\",\"urlTemplate\":\"https:\/\/www.topiom.com\/de\/?s={search_term_string}\"},\"query-input\":\"required name=search_term_string\"}],\"inLanguage\":\"de-DE\"}]}<\/script>\n<!-- \/ Yoast SEO plugin. -->","yoast_head_json":{"title":"Topiom Handyhalter - Topiom Deutschland","description":"Topiom Handyhalter - Topiom Deutschland","robots":{"index":"index","follow":"follow","max-snippet":"max-snippet:-1","max-image-preview":"max-image-preview:large","max-video-preview":"max-video-preview:-1"},"canonical":"https:\/\/www.topiom.com\/de\/product\/topiom-handyhalter\/","og_locale":"de_DE","og_type":"article","og_title":"Topiom Handyhalter - Topiom Deutschland","og_description":"Topiom Handyhalter - Topiom Deutschland","og_url":"https:\/\/www.topiom.com\/de\/product\/topiom-handyhalter\/","og_site_name":"Topiom Deutschland","article_modified_time":"2025-05-03T11:04:25+00:00","og_image":[{"width":1600,"height":1040,"url":"https:\/\/www.topiom.com\/de\/wp-content\/uploads\/sites\/2\/2023\/07\/TOPIOM-Cell-Phone-Holder-1.jpg","type":"image\/jpeg"}],"twitter_card":"summary_large_image","twitter_misc":{"Gesch\u00e4tzte Lesezeit":"2 Minuten"},"schema":{"@context":"https:\/\/schema.org","@graph":[{"@type":"WebPage","@id":"https:\/\/www.topiom.com\/de\/product\/topiom-handyhalter\/","url":"https:\/\/www.topiom.com\/de\/product\/topiom-handyhalter\/","name":"Topiom Handyhalter - Topiom Deutschland","isPartOf":{"@id":"https:\/\/www.topiom.com\/de\/#website"},"primaryImageOfPage":{"@id":"https:\/\/www.topiom.com\/de\/product\/topiom-handyhalter\/#primaryimage"},"image":{"@id":"https:\/\/www.topiom.com\/de\/product\/topiom-handyhalter\/#primaryimage"},"thumbnailUrl":"https:\/\/www.topiom.com\/de\/wp-content\/uploads\/sites\/2\/2023\/07\/TOPIOM-Cell-Phone-Holder-1.jpg","datePublished":"2023-07-07T06:18:38+00:00","dateModified":"2025-05-03T11:04:25+00:00","description":"Topiom Handyhalter - Topiom Deutschland","breadcrumb":{"@id":"https:\/\/www.topiom.com\/de\/product\/topiom-handyhalter\/#breadcrumb"},"inLanguage":"de-DE","potentialAction":[{"@type":"ReadAction","target":["https:\/\/www.topiom.com\/de\/product\/topiom-handyhalter\/"]}]},{"@type":"ImageObject","inLanguage":"de-DE","@id":"https:\/\/www.topiom.com\/de\/product\/topiom-handyhalter\/#primaryimage","url":"https:\/\/www.topiom.com\/de\/wp-content\/uploads\/sites\/2\/2023\/07\/TOPIOM-Cell-Phone-Holder-1.jpg","contentUrl":"https:\/\/www.topiom.com\/de\/wp-content\/uploads\/sites\/2\/2023\/07\/TOPIOM-Cell-Phone-Holder-1.jpg","width":1600,"height":1040},{"@type":"BreadcrumbList","@id":"https:\/\/www.topiom.com\/de\/product\/topiom-handyhalter\/#breadcrumb","itemListElement":[{"@type":"ListItem","position":1,"name":"Home","item":"https:\/\/www.topiom.com\/de\/"},{"@type":"ListItem","position":2,"name":"Shop","item":"https:\/\/www.topiom.com\/de\/shop\/"},{"@type":"ListItem","position":3,"name":"Topiom Handyhalter"}]},{"@type":"WebSite","@id":"https:\/\/www.topiom.com\/de\/#website","url":"https:\/\/www.topiom.com\/de\/","name":"Topiom Deutschland","description":"Home Fitness leicht gemacht","potentialAction":[{"@type":"SearchAction","target":{"@type":"EntryPoint","urlTemplate":"https:\/\/www.topiom.com\/de\/?s={search_term_string}"},"query-input":"required name=search_term_string"}],"inLanguage":"de-DE"}]}},"jetpack_sharing_enabled":true,"_links":{"self":[{"href":"https:\/\/www.topiom.com\/de\/wp-json\/wp\/v2\/product\/34688"}],"collection":[{"href":"https:\/\/www.topiom.com\/de\/wp-json\/wp\/v2\/product"}],"about":[{"href":"https:\/\/www.topiom.com\/de\/wp-json\/wp\/v2\/types\/product"}],"replies":[{"embeddable":true,"href":"https:\/\/www.topiom.com\/de\/wp-json\/wp\/v2\/comments?post=34688"}],"version-history":[{"count":2,"href":"https:\/\/www.topiom.com\/de\/wp-json\/wp\/v2\/product\/34688\/revisions"}],"predecessor-version":[{"id":35354,"href":"https:\/\/www.topiom.com\/de\/wp-json\/wp\/v2\/product\/34688\/revisions\/35354"}],"wp:featuredmedia":[{"embeddable":true,"href":"https:\/\/www.topiom.com\/de\/wp-json\/wp\/v2\/media\/35355"}],"wp:attachment":[{"href":"https:\/\/www.topiom.com\/de\/wp-json\/wp\/v2\/media?parent=34688"}],"wp:term":[{"taxonomy":"product_cat","embeddable":true,"href":"https:\/\/www.topiom.com\/de\/wp-json\/wp\/v2\/product_cat?post=34688"},{"taxonomy":"product_tag","embeddable":true,"href":"https:\/\/www.topiom.com\/de\/wp-json\/wp\/v2\/product_tag?post=34688"}],"curies":[{"name":"wp","href":"https:\/\/api.w.org\/{rel}","templated":true}]}}