{"id":34707,"date":"2023-07-07T08:33:49","date_gmt":"2023-07-07T06:33:49","guid":{"rendered":"https:\/\/www.topiom.com\/de\/?post_type=product&#038;p=34707"},"modified":"2025-10-22T10:12:36","modified_gmt":"2025-10-22T08:12:36","slug":"topiom-smartphonehalterung-holz","status":"publish","type":"product","link":"https:\/\/www.topiom.com\/de\/product\/topiom-smartphonehalterung-holz\/","title":{"rendered":"Topiom Smartphonehalterung-Holz"},"content":{"rendered":"<p>Vielseitig: es gilt besonders f\u00fcr Topiom Rudergerat, aber auch im B\u00fcro auf dem Schreibtisch, im Bad zum Musikh\u00f6ren oder Videos schauen, beim Homeschooling, f\u00fcr eine lange Zugfahrt oder auch aktiv beim online Video Sport.<\/p>\n<p>Universell: gilt f\u00fcr Smartphone \/ Tablets mit oder ohne H\u00fclle. Drehe ihn einfach um und du hast immer den perfekten, passenden Winkel \/ Stand.<\/p>\n<p>Passend: Passend f\u00fcr Kinder, Teenager, Singles, Paare, Eltern, Oma oder Opa.<\/p>\n<p>Transportabel: Er passt in jede Handtasche, Jackentasche. Er ist leicht und dennoch super stabil.<\/p>\n","protected":false},"excerpt":{"rendered":"<p>Vielseitig: es gilt besonders f\u00fcr Topiom Rudergerat, aber auch im B\u00fcro auf dem Schreibtisch, im Bad zum Musikh\u00f6ren oder Videos schauen, beim Homeschooling, f\u00fcr eine lange Zugfahrt oder auch aktiv beim online Video Sport. Universell: gilt f\u00fcr Smartphone \/ Tablets mit oder ohne H\u00fclle. Drehe ihn einfach um und du hast immer den perfekten, passenden [&hellip;]<\/p>\n","protected":false},"featured_media":35305,"comment_status":"closed","ping_status":"closed","template":"","meta":[],"product_cat":[153],"product_tag":[],"class_list":{"0":"post-34707","1":"product","2":"type-product","3":"status-publish","4":"has-post-thumbnail","6":"product_brand-topiom","7":"product_cat-zubehoer","10":"first","11":"instock","12":"taxable","13":"shipping-taxable","14":"purchasable","15":"product-type-simple"},"yoast_head":"<!-- This site is optimized with the Yoast SEO plugin v22.7 - https:\/\/yoast.com\/wordpress\/plugins\/seo\/ -->\n<title>Topiom Smartphonehalterung-Holz - Topiom Deutschland<\/title>\n<meta name=\"description\" content=\"Topiom Smartphonehalterung-Holz - Topiom Deutschland\" \/>\n<meta name=\"robots\" content=\"index, follow, max-snippet:-1, max-image-preview:large, max-video-preview:-1\" \/>\n<link rel=\"canonical\" href=\"https:\/\/www.topiom.com\/de\/product\/topiom-smartphonehalterung-holz\/\" \/>\n<meta property=\"og:locale\" content=\"de_DE\" \/>\n<meta property=\"og:type\" content=\"article\" \/>\n<meta property=\"og:title\" content=\"Topiom Smartphonehalterung-Holz - Topiom Deutschland\" \/>\n<meta property=\"og:description\" content=\"Topiom Smartphonehalterung-Holz - Topiom Deutschland\" \/>\n<meta property=\"og:url\" content=\"https:\/\/www.topiom.com\/de\/product\/topiom-smartphonehalterung-holz\/\" \/>\n<meta property=\"og:site_name\" content=\"Topiom Deutschland\" \/>\n<meta property=\"article:modified_time\" content=\"2025-10-22T08:12:36+00:00\" \/>\n<meta property=\"og:image\" content=\"https:\/\/www.topiom.com\/de\/wp-content\/uploads\/sites\/2\/2023\/07\/Topiom-Mobile-Phone-Holder-1.jpg\" \/>\n\t<meta property=\"og:image:width\" content=\"1600\" \/>\n\t<meta property=\"og:image:height\" content=\"1040\" \/>\n\t<meta property=\"og:image:type\" content=\"image\/jpeg\" \/>\n<meta name=\"twitter:card\" content=\"summary_large_image\" \/>\n<meta name=\"twitter:label1\" content=\"Gesch\u00e4tzte Lesezeit\" \/>\n\t<meta name=\"twitter:data1\" content=\"1 Minute\" \/>\n<script type=\"application\/ld+json\" class=\"yoast-schema-graph\">{\"@context\":\"https:\/\/schema.org\",\"@graph\":[{\"@type\":\"WebPage\",\"@id\":\"https:\/\/www.topiom.com\/de\/product\/topiom-smartphonehalterung-holz\/\",\"url\":\"https:\/\/www.topiom.com\/de\/product\/topiom-smartphonehalterung-holz\/\",\"name\":\"Topiom Smartphonehalterung-Holz - Topiom Deutschland\",\"isPartOf\":{\"@id\":\"https:\/\/www.topiom.com\/de\/#website\"},\"primaryImageOfPage\":{\"@id\":\"https:\/\/www.topiom.com\/de\/product\/topiom-smartphonehalterung-holz\/#primaryimage\"},\"image\":{\"@id\":\"https:\/\/www.topiom.com\/de\/product\/topiom-smartphonehalterung-holz\/#primaryimage\"},\"thumbnailUrl\":\"https:\/\/www.topiom.com\/de\/wp-content\/uploads\/sites\/2\/2023\/07\/Topiom-Mobile-Phone-Holder-1.jpg\",\"datePublished\":\"2023-07-07T06:33:49+00:00\",\"dateModified\":\"2025-10-22T08:12:36+00:00\",\"description\":\"Topiom Smartphonehalterung-Holz - Topiom Deutschland\",\"breadcrumb\":{\"@id\":\"https:\/\/www.topiom.com\/de\/product\/topiom-smartphonehalterung-holz\/#breadcrumb\"},\"inLanguage\":\"de-DE\",\"potentialAction\":[{\"@type\":\"ReadAction\",\"target\":[\"https:\/\/www.topiom.com\/de\/product\/topiom-smartphonehalterung-holz\/\"]}]},{\"@type\":\"ImageObject\",\"inLanguage\":\"de-DE\",\"@id\":\"https:\/\/www.topiom.com\/de\/product\/topiom-smartphonehalterung-holz\/#primaryimage\",\"url\":\"https:\/\/www.topiom.com\/de\/wp-content\/uploads\/sites\/2\/2023\/07\/Topiom-Mobile-Phone-Holder-1.jpg\",\"contentUrl\":\"https:\/\/www.topiom.com\/de\/wp-content\/uploads\/sites\/2\/2023\/07\/Topiom-Mobile-Phone-Holder-1.jpg\",\"width\":1600,\"height\":1040},{\"@type\":\"BreadcrumbList\",\"@id\":\"https:\/\/www.topiom.com\/de\/product\/topiom-smartphonehalterung-holz\/#breadcrumb\",\"itemListElement\":[{\"@type\":\"ListItem\",\"position\":1,\"name\":\"Home\",\"item\":\"https:\/\/www.topiom.com\/de\/\"},{\"@type\":\"ListItem\",\"position\":2,\"name\":\"Shop\",\"item\":\"https:\/\/www.topiom.com\/de\/shop\/\"},{\"@type\":\"ListItem\",\"position\":3,\"name\":\"Topiom Smartphonehalterung-Holz\"}]},{\"@type\":\"WebSite\",\"@id\":\"https:\/\/www.topiom.com\/de\/#website\",\"url\":\"https:\/\/www.topiom.com\/de\/\",\"name\":\"Topiom Deutschland\",\"description\":\"Home Fitness leicht gemacht\",\"potentialAction\":[{\"@type\":\"SearchAction\",\"target\":{\"@type\":\"EntryPoint\",\"urlTemplate\":\"https:\/\/www.topiom.com\/de\/?s={search_term_string}\"},\"query-input\":\"required name=search_term_string\"}],\"inLanguage\":\"de-DE\"}]}<\/script>\n<!-- \/ Yoast SEO plugin. -->","yoast_head_json":{"title":"Topiom Smartphonehalterung-Holz - Topiom Deutschland","description":"Topiom Smartphonehalterung-Holz - Topiom Deutschland","robots":{"index":"index","follow":"follow","max-snippet":"max-snippet:-1","max-image-preview":"max-image-preview:large","max-video-preview":"max-video-preview:-1"},"canonical":"https:\/\/www.topiom.com\/de\/product\/topiom-smartphonehalterung-holz\/","og_locale":"de_DE","og_type":"article","og_title":"Topiom Smartphonehalterung-Holz - Topiom Deutschland","og_description":"Topiom Smartphonehalterung-Holz - Topiom Deutschland","og_url":"https:\/\/www.topiom.com\/de\/product\/topiom-smartphonehalterung-holz\/","og_site_name":"Topiom Deutschland","article_modified_time":"2025-10-22T08:12:36+00:00","og_image":[{"width":1600,"height":1040,"url":"https:\/\/www.topiom.com\/de\/wp-content\/uploads\/sites\/2\/2023\/07\/Topiom-Mobile-Phone-Holder-1.jpg","type":"image\/jpeg"}],"twitter_card":"summary_large_image","twitter_misc":{"Gesch\u00e4tzte Lesezeit":"1 Minute"},"schema":{"@context":"https:\/\/schema.org","@graph":[{"@type":"WebPage","@id":"https:\/\/www.topiom.com\/de\/product\/topiom-smartphonehalterung-holz\/","url":"https:\/\/www.topiom.com\/de\/product\/topiom-smartphonehalterung-holz\/","name":"Topiom Smartphonehalterung-Holz - Topiom Deutschland","isPartOf":{"@id":"https:\/\/www.topiom.com\/de\/#website"},"primaryImageOfPage":{"@id":"https:\/\/www.topiom.com\/de\/product\/topiom-smartphonehalterung-holz\/#primaryimage"},"image":{"@id":"https:\/\/www.topiom.com\/de\/product\/topiom-smartphonehalterung-holz\/#primaryimage"},"thumbnailUrl":"https:\/\/www.topiom.com\/de\/wp-content\/uploads\/sites\/2\/2023\/07\/Topiom-Mobile-Phone-Holder-1.jpg","datePublished":"2023-07-07T06:33:49+00:00","dateModified":"2025-10-22T08:12:36+00:00","description":"Topiom Smartphonehalterung-Holz - Topiom Deutschland","breadcrumb":{"@id":"https:\/\/www.topiom.com\/de\/product\/topiom-smartphonehalterung-holz\/#breadcrumb"},"inLanguage":"de-DE","potentialAction":[{"@type":"ReadAction","target":["https:\/\/www.topiom.com\/de\/product\/topiom-smartphonehalterung-holz\/"]}]},{"@type":"ImageObject","inLanguage":"de-DE","@id":"https:\/\/www.topiom.com\/de\/product\/topiom-smartphonehalterung-holz\/#primaryimage","url":"https:\/\/www.topiom.com\/de\/wp-content\/uploads\/sites\/2\/2023\/07\/Topiom-Mobile-Phone-Holder-1.jpg","contentUrl":"https:\/\/www.topiom.com\/de\/wp-content\/uploads\/sites\/2\/2023\/07\/Topiom-Mobile-Phone-Holder-1.jpg","width":1600,"height":1040},{"@type":"BreadcrumbList","@id":"https:\/\/www.topiom.com\/de\/product\/topiom-smartphonehalterung-holz\/#breadcrumb","itemListElement":[{"@type":"ListItem","position":1,"name":"Home","item":"https:\/\/www.topiom.com\/de\/"},{"@type":"ListItem","position":2,"name":"Shop","item":"https:\/\/www.topiom.com\/de\/shop\/"},{"@type":"ListItem","position":3,"name":"Topiom Smartphonehalterung-Holz"}]},{"@type":"WebSite","@id":"https:\/\/www.topiom.com\/de\/#website","url":"https:\/\/www.topiom.com\/de\/","name":"Topiom Deutschland","description":"Home Fitness leicht gemacht","potentialAction":[{"@type":"SearchAction","target":{"@type":"EntryPoint","urlTemplate":"https:\/\/www.topiom.com\/de\/?s={search_term_string}"},"query-input":"required name=search_term_string"}],"inLanguage":"de-DE"}]}},"jetpack_sharing_enabled":true,"_links":{"self":[{"href":"https:\/\/www.topiom.com\/de\/wp-json\/wp\/v2\/product\/34707"}],"collection":[{"href":"https:\/\/www.topiom.com\/de\/wp-json\/wp\/v2\/product"}],"about":[{"href":"https:\/\/www.topiom.com\/de\/wp-json\/wp\/v2\/types\/product"}],"replies":[{"embeddable":true,"href":"https:\/\/www.topiom.com\/de\/wp-json\/wp\/v2\/comments?post=34707"}],"version-history":[{"count":1,"href":"https:\/\/www.topiom.com\/de\/wp-json\/wp\/v2\/product\/34707\/revisions"}],"predecessor-version":[{"id":35281,"href":"https:\/\/www.topiom.com\/de\/wp-json\/wp\/v2\/product\/34707\/revisions\/35281"}],"wp:featuredmedia":[{"embeddable":true,"href":"https:\/\/www.topiom.com\/de\/wp-json\/wp\/v2\/media\/35305"}],"wp:attachment":[{"href":"https:\/\/www.topiom.com\/de\/wp-json\/wp\/v2\/media?parent=34707"}],"wp:term":[{"taxonomy":"product_cat","embeddable":true,"href":"https:\/\/www.topiom.com\/de\/wp-json\/wp\/v2\/product_cat?post=34707"},{"taxonomy":"product_tag","embeddable":true,"href":"https:\/\/www.topiom.com\/de\/wp-json\/wp\/v2\/product_tag?post=34707"}],"curies":[{"name":"wp","href":"https:\/\/api.w.org\/{rel}","templated":true}]}}