{"id":34708,"date":"2023-07-07T08:40:20","date_gmt":"2023-07-07T06:40:20","guid":{"rendered":"https:\/\/www.topiom.com\/de\/?post_type=product&#038;p=34708"},"modified":"2025-12-29T13:53:43","modified_gmt":"2025-12-29T12:53:43","slug":"topiom-handschuhe","status":"publish","type":"product","link":"https:\/\/www.topiom.com\/de\/product\/topiom-handschuhe\/","title":{"rendered":"Topiom Handschuhe"},"content":{"rendered":"<p>Atmungsaktives Material: Der Handschuh besteht aus atmungsaktivem Mikrofasernetz, das W\u00e4rme und Feuchtigkeit schnell an der Hand ableiten und die Handfl\u00e4che k\u00fchl und trocken halten kann.<\/p>\n<p>Rutschfestes Silikonkissen: Auf den Handschuhen befindet sich eine Schicht Silikonkissen, die ein Verrutschen verhindern, die Greifkraft erh\u00f6hen und Ihre H\u00e4nde vor Verschlei\u00df und langen Kokons sch\u00fctzen kann.<\/p>\n<p>LEICHT &amp; LANGLEBIG: Das Gewicht eines Satzes Handschuhe betr\u00e4gt weniger als 40g, was leicht und flexibel ist. Es kann helfen, harte Sportger\u00e4te zu isolieren und den Sportkomfort zu verbessern, wenn Sie sie zum Training tragen.<\/p>\n<p>EINFACH ZU TRAGEN: Robuste Klettverschlussschnur f\u00fcr gute Stabilit\u00e4t w\u00e4hrend des Trainings. Der Zugring am Mittelfinger und am Ringfinger dient zum schnellen Entfernen der Handschuhe. Mit dem schwei\u00dfabsorbierenden Tuch kann es den Schwei\u00df w\u00e4hrend des Trainings leicht abwischen, ohne Handschuhe auszuziehen.<\/p>\n<p>BREITE ANWENDUNG: Geeignet f\u00fcr verschiedene Outdoor- \/ Indoor-Aktivit\u00e4ten wie Gewichtheben, Radfahren, Yoga, Fitnesstraining, Rudern, Stretching, Klimmz\u00fcge usw.<\/p>\n","protected":false},"excerpt":{"rendered":"<p>Atmungsaktives Material: Der Handschuh besteht aus atmungsaktivem Mikrofasernetz, das W\u00e4rme und Feuchtigkeit schnell an der Hand ableiten und die Handfl\u00e4che k\u00fchl und trocken halten kann. Rutschfestes Silikonkissen: Auf den Handschuhen befindet sich eine Schicht Silikonkissen, die ein Verrutschen verhindern, die Greifkraft erh\u00f6hen und Ihre H\u00e4nde vor Verschlei\u00df und langen Kokons sch\u00fctzen kann. LEICHT &amp; LANGLEBIG: [&hellip;]<\/p>\n","protected":false},"featured_media":35297,"comment_status":"closed","ping_status":"closed","template":"","meta":[],"product_cat":[153],"product_tag":[],"class_list":{"0":"post-34708","1":"product","2":"type-product","3":"status-publish","4":"has-post-thumbnail","6":"product_brand-topiom","7":"product_cat-zubehoer","10":"first","11":"instock","12":"taxable","13":"shipping-taxable","14":"purchasable","15":"product-type-variable","16":"rtwpvg-product"},"yoast_head":"<!-- This site is optimized with the Yoast SEO plugin v22.7 - https:\/\/yoast.com\/wordpress\/plugins\/seo\/ -->\n<title>Topiom Handschuhe - Topiom Deutschland<\/title>\n<meta name=\"description\" content=\"Topiom Handschuhe - Topiom Deutschland\" \/>\n<meta name=\"robots\" content=\"index, follow, max-snippet:-1, max-image-preview:large, max-video-preview:-1\" \/>\n<link rel=\"canonical\" href=\"https:\/\/www.topiom.com\/de\/product\/topiom-handschuhe\/\" \/>\n<meta property=\"og:locale\" content=\"de_DE\" \/>\n<meta property=\"og:type\" content=\"article\" \/>\n<meta property=\"og:title\" content=\"Topiom Handschuhe - Topiom Deutschland\" \/>\n<meta property=\"og:description\" content=\"Topiom Handschuhe - Topiom Deutschland\" \/>\n<meta property=\"og:url\" content=\"https:\/\/www.topiom.com\/de\/product\/topiom-handschuhe\/\" \/>\n<meta property=\"og:site_name\" content=\"Topiom Deutschland\" \/>\n<meta property=\"article:modified_time\" content=\"2025-12-29T12:53:43+00:00\" \/>\n<meta property=\"og:image\" content=\"https:\/\/www.topiom.com\/de\/wp-content\/uploads\/sites\/2\/2023\/07\/Topiom-Sports-Gloves-1.jpg\" \/>\n\t<meta property=\"og:image:width\" content=\"1600\" \/>\n\t<meta property=\"og:image:height\" content=\"1040\" \/>\n\t<meta property=\"og:image:type\" content=\"image\/jpeg\" \/>\n<meta name=\"twitter:card\" content=\"summary_large_image\" \/>\n<meta name=\"twitter:label1\" content=\"Gesch\u00e4tzte Lesezeit\" \/>\n\t<meta name=\"twitter:data1\" content=\"1 Minute\" \/>\n<script type=\"application\/ld+json\" class=\"yoast-schema-graph\">{\"@context\":\"https:\/\/schema.org\",\"@graph\":[{\"@type\":\"WebPage\",\"@id\":\"https:\/\/www.topiom.com\/de\/product\/topiom-handschuhe\/\",\"url\":\"https:\/\/www.topiom.com\/de\/product\/topiom-handschuhe\/\",\"name\":\"Topiom Handschuhe - Topiom Deutschland\",\"isPartOf\":{\"@id\":\"https:\/\/www.topiom.com\/de\/#website\"},\"primaryImageOfPage\":{\"@id\":\"https:\/\/www.topiom.com\/de\/product\/topiom-handschuhe\/#primaryimage\"},\"image\":{\"@id\":\"https:\/\/www.topiom.com\/de\/product\/topiom-handschuhe\/#primaryimage\"},\"thumbnailUrl\":\"https:\/\/www.topiom.com\/de\/wp-content\/uploads\/sites\/2\/2023\/07\/Topiom-Sports-Gloves-1.jpg\",\"datePublished\":\"2023-07-07T06:40:20+00:00\",\"dateModified\":\"2025-12-29T12:53:43+00:00\",\"description\":\"Topiom Handschuhe - Topiom Deutschland\",\"breadcrumb\":{\"@id\":\"https:\/\/www.topiom.com\/de\/product\/topiom-handschuhe\/#breadcrumb\"},\"inLanguage\":\"de-DE\",\"potentialAction\":[{\"@type\":\"ReadAction\",\"target\":[\"https:\/\/www.topiom.com\/de\/product\/topiom-handschuhe\/\"]}]},{\"@type\":\"ImageObject\",\"inLanguage\":\"de-DE\",\"@id\":\"https:\/\/www.topiom.com\/de\/product\/topiom-handschuhe\/#primaryimage\",\"url\":\"https:\/\/www.topiom.com\/de\/wp-content\/uploads\/sites\/2\/2023\/07\/Topiom-Sports-Gloves-1.jpg\",\"contentUrl\":\"https:\/\/www.topiom.com\/de\/wp-content\/uploads\/sites\/2\/2023\/07\/Topiom-Sports-Gloves-1.jpg\",\"width\":1600,\"height\":1040},{\"@type\":\"BreadcrumbList\",\"@id\":\"https:\/\/www.topiom.com\/de\/product\/topiom-handschuhe\/#breadcrumb\",\"itemListElement\":[{\"@type\":\"ListItem\",\"position\":1,\"name\":\"Home\",\"item\":\"https:\/\/www.topiom.com\/de\/\"},{\"@type\":\"ListItem\",\"position\":2,\"name\":\"Shop\",\"item\":\"https:\/\/www.topiom.com\/de\/shop\/\"},{\"@type\":\"ListItem\",\"position\":3,\"name\":\"Topiom Handschuhe\"}]},{\"@type\":\"WebSite\",\"@id\":\"https:\/\/www.topiom.com\/de\/#website\",\"url\":\"https:\/\/www.topiom.com\/de\/\",\"name\":\"Topiom Deutschland\",\"description\":\"Home Fitness leicht gemacht\",\"potentialAction\":[{\"@type\":\"SearchAction\",\"target\":{\"@type\":\"EntryPoint\",\"urlTemplate\":\"https:\/\/www.topiom.com\/de\/?s={search_term_string}\"},\"query-input\":\"required name=search_term_string\"}],\"inLanguage\":\"de-DE\"}]}<\/script>\n<!-- \/ Yoast SEO plugin. -->","yoast_head_json":{"title":"Topiom Handschuhe - Topiom Deutschland","description":"Topiom Handschuhe - Topiom Deutschland","robots":{"index":"index","follow":"follow","max-snippet":"max-snippet:-1","max-image-preview":"max-image-preview:large","max-video-preview":"max-video-preview:-1"},"canonical":"https:\/\/www.topiom.com\/de\/product\/topiom-handschuhe\/","og_locale":"de_DE","og_type":"article","og_title":"Topiom Handschuhe - Topiom Deutschland","og_description":"Topiom Handschuhe - Topiom Deutschland","og_url":"https:\/\/www.topiom.com\/de\/product\/topiom-handschuhe\/","og_site_name":"Topiom Deutschland","article_modified_time":"2025-12-29T12:53:43+00:00","og_image":[{"width":1600,"height":1040,"url":"https:\/\/www.topiom.com\/de\/wp-content\/uploads\/sites\/2\/2023\/07\/Topiom-Sports-Gloves-1.jpg","type":"image\/jpeg"}],"twitter_card":"summary_large_image","twitter_misc":{"Gesch\u00e4tzte Lesezeit":"1 Minute"},"schema":{"@context":"https:\/\/schema.org","@graph":[{"@type":"WebPage","@id":"https:\/\/www.topiom.com\/de\/product\/topiom-handschuhe\/","url":"https:\/\/www.topiom.com\/de\/product\/topiom-handschuhe\/","name":"Topiom Handschuhe - Topiom Deutschland","isPartOf":{"@id":"https:\/\/www.topiom.com\/de\/#website"},"primaryImageOfPage":{"@id":"https:\/\/www.topiom.com\/de\/product\/topiom-handschuhe\/#primaryimage"},"image":{"@id":"https:\/\/www.topiom.com\/de\/product\/topiom-handschuhe\/#primaryimage"},"thumbnailUrl":"https:\/\/www.topiom.com\/de\/wp-content\/uploads\/sites\/2\/2023\/07\/Topiom-Sports-Gloves-1.jpg","datePublished":"2023-07-07T06:40:20+00:00","dateModified":"2025-12-29T12:53:43+00:00","description":"Topiom Handschuhe - Topiom Deutschland","breadcrumb":{"@id":"https:\/\/www.topiom.com\/de\/product\/topiom-handschuhe\/#breadcrumb"},"inLanguage":"de-DE","potentialAction":[{"@type":"ReadAction","target":["https:\/\/www.topiom.com\/de\/product\/topiom-handschuhe\/"]}]},{"@type":"ImageObject","inLanguage":"de-DE","@id":"https:\/\/www.topiom.com\/de\/product\/topiom-handschuhe\/#primaryimage","url":"https:\/\/www.topiom.com\/de\/wp-content\/uploads\/sites\/2\/2023\/07\/Topiom-Sports-Gloves-1.jpg","contentUrl":"https:\/\/www.topiom.com\/de\/wp-content\/uploads\/sites\/2\/2023\/07\/Topiom-Sports-Gloves-1.jpg","width":1600,"height":1040},{"@type":"BreadcrumbList","@id":"https:\/\/www.topiom.com\/de\/product\/topiom-handschuhe\/#breadcrumb","itemListElement":[{"@type":"ListItem","position":1,"name":"Home","item":"https:\/\/www.topiom.com\/de\/"},{"@type":"ListItem","position":2,"name":"Shop","item":"https:\/\/www.topiom.com\/de\/shop\/"},{"@type":"ListItem","position":3,"name":"Topiom Handschuhe"}]},{"@type":"WebSite","@id":"https:\/\/www.topiom.com\/de\/#website","url":"https:\/\/www.topiom.com\/de\/","name":"Topiom Deutschland","description":"Home Fitness leicht gemacht","potentialAction":[{"@type":"SearchAction","target":{"@type":"EntryPoint","urlTemplate":"https:\/\/www.topiom.com\/de\/?s={search_term_string}"},"query-input":"required name=search_term_string"}],"inLanguage":"de-DE"}]}},"jetpack_sharing_enabled":true,"_links":{"self":[{"href":"https:\/\/www.topiom.com\/de\/wp-json\/wp\/v2\/product\/34708"}],"collection":[{"href":"https:\/\/www.topiom.com\/de\/wp-json\/wp\/v2\/product"}],"about":[{"href":"https:\/\/www.topiom.com\/de\/wp-json\/wp\/v2\/types\/product"}],"replies":[{"embeddable":true,"href":"https:\/\/www.topiom.com\/de\/wp-json\/wp\/v2\/comments?post=34708"}],"version-history":[{"count":1,"href":"https:\/\/www.topiom.com\/de\/wp-json\/wp\/v2\/product\/34708\/revisions"}],"predecessor-version":[{"id":35167,"href":"https:\/\/www.topiom.com\/de\/wp-json\/wp\/v2\/product\/34708\/revisions\/35167"}],"wp:featuredmedia":[{"embeddable":true,"href":"https:\/\/www.topiom.com\/de\/wp-json\/wp\/v2\/media\/35297"}],"wp:attachment":[{"href":"https:\/\/www.topiom.com\/de\/wp-json\/wp\/v2\/media?parent=34708"}],"wp:term":[{"taxonomy":"product_cat","embeddable":true,"href":"https:\/\/www.topiom.com\/de\/wp-json\/wp\/v2\/product_cat?post=34708"},{"taxonomy":"product_tag","embeddable":true,"href":"https:\/\/www.topiom.com\/de\/wp-json\/wp\/v2\/product_tag?post=34708"}],"curies":[{"name":"wp","href":"https:\/\/api.w.org\/{rel}","templated":true}]}}