{"id":34713,"date":"2023-07-06T08:44:24","date_gmt":"2023-07-06T06:44:24","guid":{"rendered":"https:\/\/www.topiom.com\/de\/?post_type=product&#038;p=34713"},"modified":"2025-04-29T11:48:31","modified_gmt":"2025-04-29T09:48:31","slug":"topiom-rutschfeste-matte-fuer-rudergeraet-zu-verkaufen","status":"publish","type":"product","link":"https:\/\/www.topiom.com\/de\/product\/topiom-rutschfeste-matte-fuer-rudergeraet-zu-verkaufen\/","title":{"rendered":"Topiom rutschfeste Matte"},"content":{"rendered":"\t\t<div data-elementor-type=\"wp-post\" data-elementor-id=\"34713\" class=\"elementor elementor-34713\">\n\t\t\t\t\t\t<section class=\"elementor-section elementor-top-section elementor-element elementor-element-599a2293 elementor-section-boxed elementor-section-height-default elementor-section-height-default\" data-id=\"599a2293\" data-element_type=\"section\">\n\t\t\t\t\t\t<div class=\"elementor-container elementor-column-gap-default\">\n\t\t\t\t\t<div class=\"elementor-column elementor-col-100 elementor-top-column elementor-element elementor-element-3b829f67\" data-id=\"3b829f67\" data-element_type=\"column\">\n\t\t\t<div class=\"elementor-widget-wrap elementor-element-populated\">\n\t\t\t\t\t\t<div class=\"elementor-element elementor-element-1b445f7 elementor-widget elementor-widget-heading\" data-id=\"1b445f7\" data-element_type=\"widget\" data-widget_type=\"heading.default\">\n\t\t\t\t<div class=\"elementor-widget-container\">\n\t\t\t<style>\/*! elementor - v3.21.0 - 22-05-2024 *\/\n.elementor-heading-title{padding:0;margin:0;line-height:1}.elementor-widget-heading .elementor-heading-title[class*=elementor-size-]>a{color:inherit;font-size:inherit;line-height:inherit}.elementor-widget-heading .elementor-heading-title.elementor-size-small{font-size:15px}.elementor-widget-heading .elementor-heading-title.elementor-size-medium{font-size:19px}.elementor-widget-heading .elementor-heading-title.elementor-size-large{font-size:29px}.elementor-widget-heading .elementor-heading-title.elementor-size-xl{font-size:39px}.elementor-widget-heading .elementor-heading-title.elementor-size-xxl{font-size:59px}<\/style><h2 class=\"elementor-heading-title elementor-size-default\">PREMIUM-QUALIT\u00c4T SPORT BODENSCHUTZMATTE<\/h2>\t\t<\/div>\n\t\t\t\t<\/div>\n\t\t\t\t\t<\/div>\n\t\t<\/div>\n\t\t\t\t\t<\/div>\n\t\t<\/section>\n\t\t\t\t<section class=\"elementor-section elementor-top-section elementor-element elementor-element-51cd77c elementor-section-boxed elementor-section-height-default elementor-section-height-default\" data-id=\"51cd77c\" data-element_type=\"section\">\n\t\t\t\t\t\t<div class=\"elementor-container elementor-column-gap-default\">\n\t\t\t\t\t<div class=\"elementor-column elementor-col-100 elementor-top-column elementor-element elementor-element-ff193c0\" data-id=\"ff193c0\" data-element_type=\"column\">\n\t\t\t<div class=\"elementor-widget-wrap elementor-element-populated\">\n\t\t\t\t\t\t<div class=\"elementor-element elementor-element-1efb2c7 elementor-widget elementor-widget-text-editor\" data-id=\"1efb2c7\" data-element_type=\"widget\" data-widget_type=\"text-editor.default\">\n\t\t\t\t<div class=\"elementor-widget-container\">\n\t\t\t<style>\/*! elementor - v3.21.0 - 22-05-2024 *\/\n.elementor-widget-text-editor.elementor-drop-cap-view-stacked .elementor-drop-cap{background-color:#69727d;color:#fff}.elementor-widget-text-editor.elementor-drop-cap-view-framed .elementor-drop-cap{color:#69727d;border:3px solid;background-color:transparent}.elementor-widget-text-editor:not(.elementor-drop-cap-view-default) .elementor-drop-cap{margin-top:8px}.elementor-widget-text-editor:not(.elementor-drop-cap-view-default) .elementor-drop-cap-letter{width:1em;height:1em}.elementor-widget-text-editor .elementor-drop-cap{float:left;text-align:center;line-height:1;font-size:50px}.elementor-widget-text-editor .elementor-drop-cap-letter{display:inline-block}<\/style>\t\t\t\t<p><strong>ARTIKELDETAILS<\/strong><\/p><p>Artikelseite(LxBxH): 244&#215;95.5&#215;0.6(cm)<\/p><p>Verpackungseite(LxBxH): 97&#215;15.5&#215;15.50(cm)<\/p><p>Nettogewicht: 3.8kg<\/p><p>Material: PVC-Schaum mit hoher Dichte<\/p>\t\t\t\t\t\t<\/div>\n\t\t\t\t<\/div>\n\t\t\t\t\t<\/div>\n\t\t<\/div>\n\t\t\t\t\t<\/div>\n\t\t<\/section>\n\t\t\t\t<section class=\"elementor-section elementor-top-section elementor-element elementor-element-efc08bf elementor-section-boxed elementor-section-height-default elementor-section-height-default\" data-id=\"efc08bf\" data-element_type=\"section\">\n\t\t\t\t\t\t<div class=\"elementor-container elementor-column-gap-default\">\n\t\t\t\t\t<div class=\"elementor-column elementor-col-100 elementor-top-column elementor-element elementor-element-9002274\" data-id=\"9002274\" data-element_type=\"column\">\n\t\t\t<div class=\"elementor-widget-wrap elementor-element-populated\">\n\t\t\t\t\t\t<div class=\"elementor-element elementor-element-6739690 elementor-widget elementor-widget-text-editor\" data-id=\"6739690\" data-element_type=\"widget\" data-widget_type=\"text-editor.default\">\n\t\t\t\t<div class=\"elementor-widget-container\">\n\t\t\t\t\t\t\t<p>Die Topiom Unterlegmatte ist ein hochwertiges Produkt, und speziell f\u00fcr Fitnessger\u00e4te entwickelt wurde. Dank dem PVC Material dient die Matte als ausgezeichnete Unterlage f\u00fcr Heimtrainer, Crosstrainer, Ruderger\u00e4te, Vibrationsplatten und Laufb\u00e4nder. Sie hilft verschiedene Unebenheiten zu nivellieren, d\u00e4mpft unerw\u00fcnschte Ger\u00e4usche und sch\u00fctz den Boden.<\/p>\t\t\t\t\t\t<\/div>\n\t\t\t\t<\/div>\n\t\t\t\t\t<\/div>\n\t\t<\/div>\n\t\t\t\t\t<\/div>\n\t\t<\/section>\n\t\t\t\t<section class=\"elementor-section elementor-top-section elementor-element elementor-element-1ee36d9 elementor-section-boxed elementor-section-height-default elementor-section-height-default\" data-id=\"1ee36d9\" data-element_type=\"section\">\n\t\t\t\t\t\t<div class=\"elementor-container elementor-column-gap-default\">\n\t\t\t\t\t<div class=\"elementor-column elementor-col-100 elementor-top-column elementor-element elementor-element-f8eadcc\" data-id=\"f8eadcc\" data-element_type=\"column\">\n\t\t\t<div class=\"elementor-widget-wrap elementor-element-populated\">\n\t\t\t\t\t\t<div class=\"elementor-element elementor-element-30bc3bc elementor-widget elementor-widget-text-editor\" data-id=\"30bc3bc\" data-element_type=\"widget\" data-widget_type=\"text-editor.default\">\n\t\t\t\t<div class=\"elementor-widget-container\">\n\t\t\t\t\t\t\t<p>Unterlagsmatte f\u00fcr Sport- und Fitnessger\u00e4te aus schadstoffgepr\u00fcftem PVC<\/p><p>Eigenschaften: Bodenschutz, Anti-Rutsch-Funktion, Ger\u00e4uschd\u00e4mpfung, wasser- und schwei\u00dfresistent<\/p><p>Gilt auch f\u00fcr Fliesenb\u00f6den, Parkettb\u00f6den, Laminatb\u00f6den, Teppichb\u00f6den usw.<\/p><p>Geeignet f\u00fcr z.B. Topiom Ruderger\u00e4te, Laufb\u00e4nder usw.<\/p>\t\t\t\t\t\t<\/div>\n\t\t\t\t<\/div>\n\t\t\t\t\t<\/div>\n\t\t<\/div>\n\t\t\t\t\t<\/div>\n\t\t<\/section>\n\t\t\t\t<section class=\"elementor-section elementor-top-section elementor-element elementor-element-1873ade elementor-section-boxed elementor-section-height-default elementor-section-height-default\" data-id=\"1873ade\" data-element_type=\"section\">\n\t\t\t\t\t\t<div class=\"elementor-container elementor-column-gap-default\">\n\t\t\t\t\t<div class=\"elementor-column elementor-col-100 elementor-top-column elementor-element elementor-element-0de6a32\" data-id=\"0de6a32\" data-element_type=\"column\">\n\t\t\t<div class=\"elementor-widget-wrap elementor-element-populated\">\n\t\t\t\t\t\t<div class=\"elementor-element elementor-element-0104067 elementor-widget elementor-widget-text-editor\" data-id=\"0104067\" data-element_type=\"widget\" data-widget_type=\"text-editor.default\">\n\t\t\t\t<div class=\"elementor-widget-container\">\n\t\t\t\t\t\t\t<p>[Mehrfachapplikation]: 247 x 95 cm (97,24 x 37,4 Zoll), gro\u00df genug f\u00fcr die meisten Fitnessaktivit\u00e4ten. Tolle Idee f\u00fcr Ruderger\u00e4te, Heimtrainer und andere Fitnessger\u00e4te. Sie k\u00f6nnen diese Trainingsmatte auch als Yogamatte verwenden.<\/p><p>[Ger\u00e4uschlos &amp; Schutz]: Bei dieser Trainingsmatte ist beim \u00dcben fast kein Ton zu h\u00f6ren. Die rutschfeste Matte sch\u00fctzt auch Ihren Boden und Ihre Trainingsger\u00e4te vor Kratzern. Die elliptische Matte kann auf jeder harten Oberfl\u00e4che wie Fliesen, Vinyl, Holz verwendet werden.<\/p><p>[Wasserdicht und leicht zu reinigen]: Diese Fitnessmatte ist wasserdicht und schwei\u00dfbest\u00e4ndig. Sie k\u00f6nnen es einfach mit einem feuchten Handtuch reinigen.<\/p><p>[Hohe Qualit\u00e4t]: Hergestellt aus hochdichtem\u00a0<span style=\"font-size: 1rem;\">PVC und\u00a0<\/span><span style=\"font-size: 1rem;\">EVA-Material, langlebig und tragbar. Durch die hohe Flexibilit\u00e4t kann die Trainingsmatte leicht aufgerollt und verstaut werden.<\/span><\/p>\t\t\t\t\t\t<\/div>\n\t\t\t\t<\/div>\n\t\t\t\t\t<\/div>\n\t\t<\/div>\n\t\t\t\t\t<\/div>\n\t\t<\/section>\n\t\t\t\t<section class=\"elementor-section elementor-top-section elementor-element elementor-element-c56b2af elementor-section-boxed elementor-section-height-default elementor-section-height-default\" data-id=\"c56b2af\" data-element_type=\"section\">\n\t\t\t\t\t\t<div class=\"elementor-container elementor-column-gap-default\">\n\t\t\t\t\t<div class=\"elementor-column elementor-col-100 elementor-top-column elementor-element elementor-element-41a77d5\" data-id=\"41a77d5\" data-element_type=\"column\">\n\t\t\t<div class=\"elementor-widget-wrap elementor-element-populated\">\n\t\t\t\t\t\t<div class=\"elementor-element elementor-element-cc9419b elementor-widget elementor-widget-heading\" data-id=\"cc9419b\" data-element_type=\"widget\" data-widget_type=\"heading.default\">\n\t\t\t\t<div class=\"elementor-widget-container\">\n\t\t\t<h4 class=\"elementor-heading-title elementor-size-default\">Gilt f\u00fcr folgende Produkte<\/h4>\t\t<\/div>\n\t\t\t\t<\/div>\n\t\t\t\t\t<\/div>\n\t\t<\/div>\n\t\t\t\t\t<\/div>\n\t\t<\/section>\n\t\t\t\t<section class=\"elementor-section elementor-top-section elementor-element elementor-element-9c3cfa8 elementor-section-boxed elementor-section-height-default elementor-section-height-default\" data-id=\"9c3cfa8\" data-element_type=\"section\">\n\t\t\t\t\t\t<div class=\"elementor-container elementor-column-gap-default\">\n\t\t\t\t\t<div class=\"elementor-column elementor-col-100 elementor-top-column elementor-element elementor-element-bae55b5\" data-id=\"bae55b5\" data-element_type=\"column\">\n\t\t\t<div class=\"elementor-widget-wrap elementor-element-populated\">\n\t\t\t\t\t\t<div class=\"elementor-element elementor-element-7b64132 elementor-widget elementor-widget-text-editor\" data-id=\"7b64132\" data-element_type=\"widget\" data-widget_type=\"text-editor.default\">\n\t\t\t\t<div class=\"elementor-widget-container\">\n\t\t\t\t\t\t\t<p><strong>JETZT NUR 389 EURO! Derzeit im Angebot \u2013 <a href=\"https:\/\/www.topiom.com\/de\/product\/topiom-wasser-rudergeraet-v2-pro\/\" target=\"_blank\" rel=\"noopener\">klicken<\/a> Sie auf das Bild f\u00fcr Details.\u00a0<\/strong><\/p>\t\t\t\t\t\t<\/div>\n\t\t\t\t<\/div>\n\t\t\t\t<div class=\"elementor-element elementor-element-087992e elementor-widget elementor-widget-image\" data-id=\"087992e\" data-element_type=\"widget\" data-widget_type=\"image.default\">\n\t\t\t\t<div class=\"elementor-widget-container\">\n\t\t\t<style>\/*! elementor - v3.21.0 - 22-05-2024 *\/\n.elementor-widget-image{text-align:center}.elementor-widget-image a{display:inline-block}.elementor-widget-image a img[src$=\".svg\"]{width:48px}.elementor-widget-image img{vertical-align:middle;display:inline-block}<\/style>\t\t\t\t\t\t\t<figure class=\"wp-caption\">\n\t\t\t\t\t\t\t\t\t\t\t<a href=\"https:\/\/www.topiom.com\/de\/product\/topiom-wasser-rudergeraet-v2-pro\/\" target=\"_blank\">\n\t\t\t\t\t\t\t<img fetchpriority=\"high\" decoding=\"async\" width=\"1040\" height=\"1040\" src=\"https:\/\/www.topiom.com\/de\/wp-content\/uploads\/sites\/2\/2023\/07\/999.jpg\" class=\"attachment-full size-full wp-image-39402\" alt=\"Topiom WASSER-RUDERGER\u00c4T V2 Pro mit TM3\" \/>\t\t\t\t\t\t\t\t<\/a>\n\t\t\t\t\t\t\t\t\t\t\t<figcaption class=\"widget-image-caption wp-caption-text\">Topiom WASSER-RUDERGER\u00c4T V2 Pro mit TM3<\/figcaption>\n\t\t\t\t\t\t\t\t\t\t<\/figure>\n\t\t\t\t\t\t\t<\/div>\n\t\t\t\t<\/div>\n\t\t\t\t\t<\/div>\n\t\t<\/div>\n\t\t\t\t\t<\/div>\n\t\t<\/section>\n\t\t\t\t<section class=\"elementor-section elementor-top-section elementor-element elementor-element-cdfc2e0 elementor-section-boxed elementor-section-height-default elementor-section-height-default\" data-id=\"cdfc2e0\" data-element_type=\"section\">\n\t\t\t\t\t\t<div class=\"elementor-container elementor-column-gap-default\">\n\t\t\t\t\t<div class=\"elementor-column elementor-col-100 elementor-top-column elementor-element elementor-element-f3f6e8b\" data-id=\"f3f6e8b\" data-element_type=\"column\">\n\t\t\t<div class=\"elementor-widget-wrap elementor-element-populated\">\n\t\t\t\t\t\t<div class=\"elementor-element elementor-element-7d45a31 elementor-widget elementor-widget-text-editor\" data-id=\"7d45a31\" data-element_type=\"widget\" data-widget_type=\"text-editor.default\">\n\t\t\t\t<div class=\"elementor-widget-container\">\n\t\t\t\t\t\t\t<p><strong>JETZT NUR 269 EURO! Derzeit im Vorverkauf \u2013 Versand ab Oktober. Nach dem Vorverkauf gilt wieder der regul\u00e4re Preis. <a href=\"https:\/\/www.topiom.com\/de\/product\/topiom-faltbares-wasser-rudergeraet\/\" target=\"_blank\" rel=\"noopener\">Klicken<\/a> Sie auf das Bild f\u00fcr Details.\u00a0<\/strong><\/p>\t\t\t\t\t\t<\/div>\n\t\t\t\t<\/div>\n\t\t\t\t\t<\/div>\n\t\t<\/div>\n\t\t\t\t\t<\/div>\n\t\t<\/section>\n\t\t\t\t<section class=\"elementor-section elementor-top-section elementor-element elementor-element-818f3e2 elementor-section-boxed elementor-section-height-default elementor-section-height-default\" data-id=\"818f3e2\" data-element_type=\"section\">\n\t\t\t\t\t\t<div class=\"elementor-container elementor-column-gap-default\">\n\t\t\t\t\t<div class=\"elementor-column elementor-col-100 elementor-top-column elementor-element elementor-element-5077a72\" data-id=\"5077a72\" data-element_type=\"column\">\n\t\t\t<div class=\"elementor-widget-wrap elementor-element-populated\">\n\t\t\t\t\t\t<div class=\"elementor-element elementor-element-ed702d1 elementor-widget elementor-widget-image\" data-id=\"ed702d1\" data-element_type=\"widget\" data-widget_type=\"image.default\">\n\t\t\t\t<div class=\"elementor-widget-container\">\n\t\t\t\t\t\t\t\t\t\t<figure class=\"wp-caption\">\n\t\t\t\t\t\t\t\t\t\t\t<a href=\"https:\/\/www.topiom.com\/de\/product\/topiom-faltbares-wasser-rudergeraet\/\" target=\"_blank\">\n\t\t\t\t\t\t\t<img decoding=\"async\" width=\"1920\" height=\"1200\" src=\"https:\/\/www.topiom.com\/de\/wp-content\/uploads\/sites\/2\/2024\/05\/Parameter-1.jpg\" class=\"attachment-full size-full wp-image-38499\" alt=\"Topiom faltbares Wasser-Ruderger\u00e4t Parameter\" \/>\t\t\t\t\t\t\t\t<\/a>\n\t\t\t\t\t\t\t\t\t\t\t<figcaption class=\"widget-image-caption wp-caption-text\">Topiom faltbares Wasser-Ruderger\u00e4t<\/figcaption>\n\t\t\t\t\t\t\t\t\t\t<\/figure>\n\t\t\t\t\t\t\t<\/div>\n\t\t\t\t<\/div>\n\t\t\t\t\t<\/div>\n\t\t<\/div>\n\t\t\t\t\t<\/div>\n\t\t<\/section>\n\t\t\t\t<\/div>\n\t\t","protected":false},"excerpt":{"rendered":"<p>PREMIUM-QUALIT\u00c4T SPORT BODENSCHUTZMATTE ARTIKELDETAILS Artikelseite(LxBxH): 244&#215;95.5&#215;0.6(cm) Verpackungseite(LxBxH): 97&#215;15.5&#215;15.50(cm) Nettogewicht: 3.8kg Material: PVC-Schaum mit hoher Dichte Die Topiom Unterlegmatte ist ein hochwertiges Produkt, und speziell f\u00fcr Fitnessger\u00e4te entwickelt wurde. Dank dem PVC Material dient die Matte als ausgezeichnete Unterlage f\u00fcr Heimtrainer, Crosstrainer, Ruderger\u00e4te, Vibrationsplatten und Laufb\u00e4nder. Sie hilft verschiedene Unebenheiten zu nivellieren, d\u00e4mpft unerw\u00fcnschte Ger\u00e4usche und [&hellip;]<\/p>\n","protected":false},"featured_media":39370,"comment_status":"open","ping_status":"closed","template":"","meta":[],"product_cat":[183,153],"product_tag":[],"class_list":{"0":"post-34713","1":"product","2":"type-product","3":"status-publish","4":"has-post-thumbnail","6":"product_brand-topiom","7":"product_cat-top-angebot","8":"product_cat-zubehoer","11":"first","12":"outofstock","13":"taxable","14":"shipping-taxable","15":"purchasable","16":"product-type-simple"},"yoast_head":"<!-- This site is optimized with the Yoast SEO plugin v22.7 - https:\/\/yoast.com\/wordpress\/plugins\/seo\/ -->\n<title>Topiom rutschfeste Matte - Topiom Deutschland<\/title>\n<meta name=\"description\" content=\"Topiom rutschfeste Matte - Topiom Deutschland\" \/>\n<meta name=\"robots\" content=\"index, follow, max-snippet:-1, max-image-preview:large, max-video-preview:-1\" \/>\n<link rel=\"canonical\" href=\"https:\/\/www.topiom.com\/de\/product\/topiom-rutschfeste-matte-fuer-rudergeraet-zu-verkaufen\/\" \/>\n<meta property=\"og:locale\" content=\"de_DE\" \/>\n<meta property=\"og:type\" content=\"article\" \/>\n<meta property=\"og:title\" content=\"Topiom rutschfeste Matte - Topiom Deutschland\" \/>\n<meta property=\"og:description\" content=\"Topiom rutschfeste Matte - Topiom Deutschland\" \/>\n<meta property=\"og:url\" content=\"https:\/\/www.topiom.com\/de\/product\/topiom-rutschfeste-matte-fuer-rudergeraet-zu-verkaufen\/\" \/>\n<meta property=\"og:site_name\" content=\"Topiom Deutschland\" \/>\n<meta property=\"article:modified_time\" content=\"2025-04-29T09:48:31+00:00\" \/>\n<meta property=\"og:image\" content=\"https:\/\/www.topiom.com\/de\/wp-content\/uploads\/sites\/2\/2023\/07\/1-2.jpg\" \/>\n\t<meta property=\"og:image:width\" content=\"1500\" \/>\n\t<meta property=\"og:image:height\" content=\"1500\" \/>\n\t<meta property=\"og:image:type\" content=\"image\/jpeg\" \/>\n<meta name=\"twitter:card\" content=\"summary_large_image\" \/>\n<meta name=\"twitter:label1\" content=\"Gesch\u00e4tzte Lesezeit\" \/>\n\t<meta name=\"twitter:data1\" content=\"3 Minuten\" \/>\n<script type=\"application\/ld+json\" class=\"yoast-schema-graph\">{\"@context\":\"https:\/\/schema.org\",\"@graph\":[{\"@type\":\"WebPage\",\"@id\":\"https:\/\/www.topiom.com\/de\/product\/topiom-rutschfeste-matte-fuer-rudergeraet-zu-verkaufen\/\",\"url\":\"https:\/\/www.topiom.com\/de\/product\/topiom-rutschfeste-matte-fuer-rudergeraet-zu-verkaufen\/\",\"name\":\"Topiom rutschfeste Matte - Topiom Deutschland\",\"isPartOf\":{\"@id\":\"https:\/\/www.topiom.com\/de\/#website\"},\"primaryImageOfPage\":{\"@id\":\"https:\/\/www.topiom.com\/de\/product\/topiom-rutschfeste-matte-fuer-rudergeraet-zu-verkaufen\/#primaryimage\"},\"image\":{\"@id\":\"https:\/\/www.topiom.com\/de\/product\/topiom-rutschfeste-matte-fuer-rudergeraet-zu-verkaufen\/#primaryimage\"},\"thumbnailUrl\":\"https:\/\/www.topiom.com\/de\/wp-content\/uploads\/sites\/2\/2023\/07\/1-2.jpg\",\"datePublished\":\"2023-07-06T06:44:24+00:00\",\"dateModified\":\"2025-04-29T09:48:31+00:00\",\"description\":\"Topiom rutschfeste Matte - Topiom Deutschland\",\"breadcrumb\":{\"@id\":\"https:\/\/www.topiom.com\/de\/product\/topiom-rutschfeste-matte-fuer-rudergeraet-zu-verkaufen\/#breadcrumb\"},\"inLanguage\":\"de-DE\",\"potentialAction\":[{\"@type\":\"ReadAction\",\"target\":[\"https:\/\/www.topiom.com\/de\/product\/topiom-rutschfeste-matte-fuer-rudergeraet-zu-verkaufen\/\"]}]},{\"@type\":\"ImageObject\",\"inLanguage\":\"de-DE\",\"@id\":\"https:\/\/www.topiom.com\/de\/product\/topiom-rutschfeste-matte-fuer-rudergeraet-zu-verkaufen\/#primaryimage\",\"url\":\"https:\/\/www.topiom.com\/de\/wp-content\/uploads\/sites\/2\/2023\/07\/1-2.jpg\",\"contentUrl\":\"https:\/\/www.topiom.com\/de\/wp-content\/uploads\/sites\/2\/2023\/07\/1-2.jpg\",\"width\":1500,\"height\":1500,\"caption\":\"rutschfeste Matte\"},{\"@type\":\"BreadcrumbList\",\"@id\":\"https:\/\/www.topiom.com\/de\/product\/topiom-rutschfeste-matte-fuer-rudergeraet-zu-verkaufen\/#breadcrumb\",\"itemListElement\":[{\"@type\":\"ListItem\",\"position\":1,\"name\":\"Home\",\"item\":\"https:\/\/www.topiom.com\/de\/\"},{\"@type\":\"ListItem\",\"position\":2,\"name\":\"Shop\",\"item\":\"https:\/\/www.topiom.com\/de\/shop\/\"},{\"@type\":\"ListItem\",\"position\":3,\"name\":\"Topiom rutschfeste Matte\"}]},{\"@type\":\"WebSite\",\"@id\":\"https:\/\/www.topiom.com\/de\/#website\",\"url\":\"https:\/\/www.topiom.com\/de\/\",\"name\":\"Topiom Deutschland\",\"description\":\"Home Fitness leicht gemacht\",\"potentialAction\":[{\"@type\":\"SearchAction\",\"target\":{\"@type\":\"EntryPoint\",\"urlTemplate\":\"https:\/\/www.topiom.com\/de\/?s={search_term_string}\"},\"query-input\":\"required name=search_term_string\"}],\"inLanguage\":\"de-DE\"}]}<\/script>\n<!-- \/ Yoast SEO plugin. -->","yoast_head_json":{"title":"Topiom rutschfeste Matte - Topiom Deutschland","description":"Topiom rutschfeste Matte - Topiom Deutschland","robots":{"index":"index","follow":"follow","max-snippet":"max-snippet:-1","max-image-preview":"max-image-preview:large","max-video-preview":"max-video-preview:-1"},"canonical":"https:\/\/www.topiom.com\/de\/product\/topiom-rutschfeste-matte-fuer-rudergeraet-zu-verkaufen\/","og_locale":"de_DE","og_type":"article","og_title":"Topiom rutschfeste Matte - Topiom Deutschland","og_description":"Topiom rutschfeste Matte - Topiom Deutschland","og_url":"https:\/\/www.topiom.com\/de\/product\/topiom-rutschfeste-matte-fuer-rudergeraet-zu-verkaufen\/","og_site_name":"Topiom Deutschland","article_modified_time":"2025-04-29T09:48:31+00:00","og_image":[{"width":1500,"height":1500,"url":"https:\/\/www.topiom.com\/de\/wp-content\/uploads\/sites\/2\/2023\/07\/1-2.jpg","type":"image\/jpeg"}],"twitter_card":"summary_large_image","twitter_misc":{"Gesch\u00e4tzte Lesezeit":"3 Minuten"},"schema":{"@context":"https:\/\/schema.org","@graph":[{"@type":"WebPage","@id":"https:\/\/www.topiom.com\/de\/product\/topiom-rutschfeste-matte-fuer-rudergeraet-zu-verkaufen\/","url":"https:\/\/www.topiom.com\/de\/product\/topiom-rutschfeste-matte-fuer-rudergeraet-zu-verkaufen\/","name":"Topiom rutschfeste Matte - Topiom Deutschland","isPartOf":{"@id":"https:\/\/www.topiom.com\/de\/#website"},"primaryImageOfPage":{"@id":"https:\/\/www.topiom.com\/de\/product\/topiom-rutschfeste-matte-fuer-rudergeraet-zu-verkaufen\/#primaryimage"},"image":{"@id":"https:\/\/www.topiom.com\/de\/product\/topiom-rutschfeste-matte-fuer-rudergeraet-zu-verkaufen\/#primaryimage"},"thumbnailUrl":"https:\/\/www.topiom.com\/de\/wp-content\/uploads\/sites\/2\/2023\/07\/1-2.jpg","datePublished":"2023-07-06T06:44:24+00:00","dateModified":"2025-04-29T09:48:31+00:00","description":"Topiom rutschfeste Matte - Topiom Deutschland","breadcrumb":{"@id":"https:\/\/www.topiom.com\/de\/product\/topiom-rutschfeste-matte-fuer-rudergeraet-zu-verkaufen\/#breadcrumb"},"inLanguage":"de-DE","potentialAction":[{"@type":"ReadAction","target":["https:\/\/www.topiom.com\/de\/product\/topiom-rutschfeste-matte-fuer-rudergeraet-zu-verkaufen\/"]}]},{"@type":"ImageObject","inLanguage":"de-DE","@id":"https:\/\/www.topiom.com\/de\/product\/topiom-rutschfeste-matte-fuer-rudergeraet-zu-verkaufen\/#primaryimage","url":"https:\/\/www.topiom.com\/de\/wp-content\/uploads\/sites\/2\/2023\/07\/1-2.jpg","contentUrl":"https:\/\/www.topiom.com\/de\/wp-content\/uploads\/sites\/2\/2023\/07\/1-2.jpg","width":1500,"height":1500,"caption":"rutschfeste Matte"},{"@type":"BreadcrumbList","@id":"https:\/\/www.topiom.com\/de\/product\/topiom-rutschfeste-matte-fuer-rudergeraet-zu-verkaufen\/#breadcrumb","itemListElement":[{"@type":"ListItem","position":1,"name":"Home","item":"https:\/\/www.topiom.com\/de\/"},{"@type":"ListItem","position":2,"name":"Shop","item":"https:\/\/www.topiom.com\/de\/shop\/"},{"@type":"ListItem","position":3,"name":"Topiom rutschfeste Matte"}]},{"@type":"WebSite","@id":"https:\/\/www.topiom.com\/de\/#website","url":"https:\/\/www.topiom.com\/de\/","name":"Topiom Deutschland","description":"Home Fitness leicht gemacht","potentialAction":[{"@type":"SearchAction","target":{"@type":"EntryPoint","urlTemplate":"https:\/\/www.topiom.com\/de\/?s={search_term_string}"},"query-input":"required name=search_term_string"}],"inLanguage":"de-DE"}]}},"jetpack_sharing_enabled":true,"_links":{"self":[{"href":"https:\/\/www.topiom.com\/de\/wp-json\/wp\/v2\/product\/34713"}],"collection":[{"href":"https:\/\/www.topiom.com\/de\/wp-json\/wp\/v2\/product"}],"about":[{"href":"https:\/\/www.topiom.com\/de\/wp-json\/wp\/v2\/types\/product"}],"replies":[{"embeddable":true,"href":"https:\/\/www.topiom.com\/de\/wp-json\/wp\/v2\/comments?post=34713"}],"version-history":[{"count":38,"href":"https:\/\/www.topiom.com\/de\/wp-json\/wp\/v2\/product\/34713\/revisions"}],"predecessor-version":[{"id":40470,"href":"https:\/\/www.topiom.com\/de\/wp-json\/wp\/v2\/product\/34713\/revisions\/40470"}],"wp:featuredmedia":[{"embeddable":true,"href":"https:\/\/www.topiom.com\/de\/wp-json\/wp\/v2\/media\/39370"}],"wp:attachment":[{"href":"https:\/\/www.topiom.com\/de\/wp-json\/wp\/v2\/media?parent=34713"}],"wp:term":[{"taxonomy":"product_cat","embeddable":true,"href":"https:\/\/www.topiom.com\/de\/wp-json\/wp\/v2\/product_cat?post=34713"},{"taxonomy":"product_tag","embeddable":true,"href":"https:\/\/www.topiom.com\/de\/wp-json\/wp\/v2\/product_tag?post=34713"}],"curies":[{"name":"wp","href":"https:\/\/api.w.org\/{rel}","templated":true}]}}