{"id":37361,"date":"2023-12-26T11:28:58","date_gmt":"2023-12-26T10:28:58","guid":{"rendered":"https:\/\/www.topiom.com\/de\/?post_type=product&#038;p=37361"},"modified":"2024-05-06T10:35:59","modified_gmt":"2024-05-06T08:35:59","slug":"topiom-wasser-rudergeraet-v2-pro-nussbaum-rail","status":"publish","type":"product","link":"https:\/\/www.topiom.com\/de\/product\/topiom-wasser-rudergeraet-v2-pro-nussbaum-rail\/","title":{"rendered":"Topiom WASSER-RUDERGER\u00c4T V2 Pro:  Nussbaum Rail"},"content":{"rendered":"\t\t<div data-elementor-type=\"wp-post\" data-elementor-id=\"37361\" class=\"elementor elementor-37361\">\n\t\t\t\t\t\t<section class=\"elementor-section elementor-top-section elementor-element elementor-element-59d766d elementor-section-boxed elementor-section-height-default elementor-section-height-default\" data-id=\"59d766d\" data-element_type=\"section\">\n\t\t\t\t\t\t<div class=\"elementor-container elementor-column-gap-default\">\n\t\t\t\t\t<div class=\"elementor-column elementor-col-100 elementor-top-column elementor-element elementor-element-fa8c42f\" data-id=\"fa8c42f\" data-element_type=\"column\">\n\t\t\t<div class=\"elementor-widget-wrap elementor-element-populated\">\n\t\t\t\t\t\t<div class=\"elementor-element elementor-element-2417614 elementor-widget elementor-widget-image\" data-id=\"2417614\" data-element_type=\"widget\" data-widget_type=\"image.default\">\n\t\t\t\t<div class=\"elementor-widget-container\">\n\t\t\t<style>\/*! elementor - v3.21.0 - 22-05-2024 *\/\n.elementor-widget-image{text-align:center}.elementor-widget-image a{display:inline-block}.elementor-widget-image a img[src$=\".svg\"]{width:48px}.elementor-widget-image img{vertical-align:middle;display:inline-block}<\/style>\t\t\t\t\t\t\t\t\t\t<img fetchpriority=\"high\" decoding=\"async\" width=\"2048\" height=\"410\" src=\"https:\/\/www.topiom.com\/de\/wp-content\/uploads\/sites\/2\/2023\/07\/3000-600-2048x410.jpg\" class=\"attachment-2048x2048 size-2048x2048 wp-image-35125\" alt=\"\" \/>\t\t\t\t\t\t\t\t\t\t\t\t\t<\/div>\n\t\t\t\t<\/div>\n\t\t\t\t<div class=\"elementor-element elementor-element-325dcf1 elementor-widget elementor-widget-heading\" data-id=\"325dcf1\" data-element_type=\"widget\" data-widget_type=\"heading.default\">\n\t\t\t\t<div class=\"elementor-widget-container\">\n\t\t\t<style>\/*! elementor - v3.21.0 - 22-05-2024 *\/\n.elementor-heading-title{padding:0;margin:0;line-height:1}.elementor-widget-heading .elementor-heading-title[class*=elementor-size-]>a{color:inherit;font-size:inherit;line-height:inherit}.elementor-widget-heading .elementor-heading-title.elementor-size-small{font-size:15px}.elementor-widget-heading .elementor-heading-title.elementor-size-medium{font-size:19px}.elementor-widget-heading .elementor-heading-title.elementor-size-large{font-size:29px}.elementor-widget-heading .elementor-heading-title.elementor-size-xl{font-size:39px}.elementor-widget-heading .elementor-heading-title.elementor-size-xxl{font-size:59px}<\/style><h3 class=\"elementor-heading-title elementor-size-default\">Pr\u00e4zise Ruderbewegungen<\/h3>\t\t<\/div>\n\t\t\t\t<\/div>\n\t\t\t\t<div class=\"elementor-element elementor-element-819b81b elementor-widget elementor-widget-text-editor\" data-id=\"819b81b\" data-element_type=\"widget\" data-widget_type=\"text-editor.default\">\n\t\t\t\t<div class=\"elementor-widget-container\">\n\t\t\t<style>\/*! elementor - v3.21.0 - 22-05-2024 *\/\n.elementor-widget-text-editor.elementor-drop-cap-view-stacked .elementor-drop-cap{background-color:#69727d;color:#fff}.elementor-widget-text-editor.elementor-drop-cap-view-framed .elementor-drop-cap{color:#69727d;border:3px solid;background-color:transparent}.elementor-widget-text-editor:not(.elementor-drop-cap-view-default) .elementor-drop-cap{margin-top:8px}.elementor-widget-text-editor:not(.elementor-drop-cap-view-default) .elementor-drop-cap-letter{width:1em;height:1em}.elementor-widget-text-editor .elementor-drop-cap{float:left;text-align:center;line-height:1;font-size:50px}.elementor-widget-text-editor .elementor-drop-cap-letter{display:inline-block}<\/style>\t\t\t\t<p>Die hochfeste Nussbaum-Schiene des Topiom WASSER-RUDERGER\u00c4T V2 Pro: Nussbaum Rail gew\u00e4hrleistet geschmeidige und pr\u00e4zise Ruderbewegungen, die Ihr Training auf ein neues Niveau heben.<\/p>\t\t\t\t\t\t<\/div>\n\t\t\t\t<\/div>\n\t\t\t\t<div class=\"elementor-element elementor-element-4ac758b elementor-widget elementor-widget-heading\" data-id=\"4ac758b\" data-element_type=\"widget\" data-widget_type=\"heading.default\">\n\t\t\t\t<div class=\"elementor-widget-container\">\n\t\t\t<h3 class=\"elementor-heading-title elementor-size-default\">\u00c4sthetische Eleganz des Nussbaumholzes<\/h3>\t\t<\/div>\n\t\t\t\t<\/div>\n\t\t\t\t<div class=\"elementor-element elementor-element-7601f33 elementor-widget elementor-widget-text-editor\" data-id=\"7601f33\" data-element_type=\"widget\" data-widget_type=\"text-editor.default\">\n\t\t\t\t<div class=\"elementor-widget-container\">\n\t\t\t\t\t\t\t<p>Die \u00e4sthetische Ausf\u00fchrung des Nussbaumholzes verleiht nicht nur dem Ger\u00e4t selbst, sondern auch Ihrem gesamten Trainingsraum eine zeitlose Eleganz.<\/p>\t\t\t\t\t\t<\/div>\n\t\t\t\t<\/div>\n\t\t\t\t<div class=\"elementor-element elementor-element-ace5094 elementor-widget elementor-widget-heading\" data-id=\"ace5094\" data-element_type=\"widget\" data-widget_type=\"heading.default\">\n\t\t\t\t<div class=\"elementor-widget-container\">\n\t\t\t<h3 class=\"elementor-heading-title elementor-size-default\">M\u00fchelose Aufbewahrung<\/h3>\t\t<\/div>\n\t\t\t\t<\/div>\n\t\t\t\t<div class=\"elementor-element elementor-element-3fe522f elementor-widget elementor-widget-text-editor\" data-id=\"3fe522f\" data-element_type=\"widget\" data-widget_type=\"text-editor.default\">\n\t\t\t\t<div class=\"elementor-widget-container\">\n\t\t\t\t\t\t\t<p>Die schlanke Bauweise des Nussbaum Rails erm\u00f6glicht eine m\u00fchelose Aufbewahrung, wodurch Sie mehr Platz in Ihrem Trainingsbereich gewinnen.<\/p>\t\t\t\t\t\t<\/div>\n\t\t\t\t<\/div>\n\t\t\t\t<div class=\"elementor-element elementor-element-92a4188 elementor-widget elementor-widget-heading\" data-id=\"92a4188\" data-element_type=\"widget\" data-widget_type=\"heading.default\">\n\t\t\t\t<div class=\"elementor-widget-container\">\n\t\t\t<h3 class=\"elementor-heading-title elementor-size-default\">Tauchen Sie Ein in Authentisches Rudern<\/h3>\t\t<\/div>\n\t\t\t\t<\/div>\n\t\t\t\t<div class=\"elementor-element elementor-element-8fa839e elementor-widget elementor-widget-text-editor\" data-id=\"8fa839e\" data-element_type=\"widget\" data-widget_type=\"text-editor.default\">\n\t\t\t\t<div class=\"elementor-widget-container\">\n\t\t\t\t\t\t\t<p>Erg\u00e4nzen Sie Ihr Rudererlebnis mit dem Topiom WASSER-RUDERGER\u00c4T V2 Pro: Nussbaum Rail und erleben Sie die perfekte Symbiose aus hochwertiger Konstruktion und herausragender Leistung.<\/p>\t\t\t\t\t\t<\/div>\n\t\t\t\t<\/div>\n\t\t\t\t<section class=\"elementor-section elementor-inner-section elementor-element elementor-element-2abece8 elementor-section-boxed elementor-section-height-default elementor-section-height-default\" data-id=\"2abece8\" data-element_type=\"section\">\n\t\t\t\t\t\t<div class=\"elementor-container elementor-column-gap-default\">\n\t\t\t\t\t<div class=\"elementor-column elementor-col-50 elementor-inner-column elementor-element elementor-element-ed4cca8\" data-id=\"ed4cca8\" data-element_type=\"column\">\n\t\t\t<div class=\"elementor-widget-wrap elementor-element-populated\">\n\t\t\t\t\t\t<div class=\"elementor-element elementor-element-5bce711 elementor-widget elementor-widget-bwp_image\" data-id=\"5bce711\" data-element_type=\"widget\" data-widget_type=\"bwp_image.default\">\n\t\t\t\t<div class=\"elementor-widget-container\">\n\t\t\t<div class=\"bwp-widget-banner layout-1\">\r\n\t\t\r\n\t<div class=\"bg-banner\">\r\n\t\t<div class=\"banner-wrapper banners\">\r\n\t\t\t<div class=\"bwp-image \">\r\n\t\t\t\t\t\t\t\t\t<a href=\"#\"><img decoding=\"async\" src=\"https:\/\/www.topiom.com\/de\/wp-content\/uploads\/sites\/2\/2023\/12\/0.jpg\" alt=\"Banner Image\"><\/a>\r\n\t\t\t\t\t\t\t<\/div>\r\n\t\t\t<div class=\"banner-wrapper-infor\">\r\n\t\t\t\t<div class=\"info\">\r\n\t\t\t\t\t<div class=\"content\">\r\n\t\t\t\t\t\t\t\t\t\t\t\t\t\t\t\t\t\t\t\t\t\t\t\t\t\t\t\t\t<\/div>\r\n\t\t\t\t<\/div>\r\n\t\t\t<\/div>\r\n\t\t<\/div>\r\n\t<\/div>\r\n\t<\/div>\r\n\t\t<\/div>\n\t\t\t\t<\/div>\n\t\t\t\t\t<\/div>\n\t\t<\/div>\n\t\t\t\t<div class=\"elementor-column elementor-col-50 elementor-inner-column elementor-element elementor-element-cb70ab5\" data-id=\"cb70ab5\" data-element_type=\"column\">\n\t\t\t<div class=\"elementor-widget-wrap elementor-element-populated\">\n\t\t\t\t\t\t<div class=\"elementor-element elementor-element-edfed99 elementor-widget elementor-widget-bwp_image\" data-id=\"edfed99\" data-element_type=\"widget\" data-widget_type=\"bwp_image.default\">\n\t\t\t\t<div class=\"elementor-widget-container\">\n\t\t\t<div class=\"bwp-widget-banner layout-1\">\r\n\t\t\r\n\t<div class=\"bg-banner\">\r\n\t\t<div class=\"banner-wrapper banners\">\r\n\t\t\t<div class=\"bwp-image \">\r\n\t\t\t\t\t\t\t\t\t<a href=\"#\"><img decoding=\"async\" src=\"https:\/\/www.topiom.com\/de\/wp-content\/uploads\/sites\/2\/2023\/12\/1-1.jpg\" alt=\"Banner Image\"><\/a>\r\n\t\t\t\t\t\t\t<\/div>\r\n\t\t\t<div class=\"banner-wrapper-infor\">\r\n\t\t\t\t<div class=\"info\">\r\n\t\t\t\t\t<div class=\"content\">\r\n\t\t\t\t\t\t\t\t\t\t\t\t\t\t\t\t\t\t\t\t\t\t\t\t\t\t\t\t\t<\/div>\r\n\t\t\t\t<\/div>\r\n\t\t\t<\/div>\r\n\t\t<\/div>\r\n\t<\/div>\r\n\t<\/div>\r\n\t\t<\/div>\n\t\t\t\t<\/div>\n\t\t\t\t\t<\/div>\n\t\t<\/div>\n\t\t\t\t\t<\/div>\n\t\t<\/section>\n\t\t\t\t\t<\/div>\n\t\t<\/div>\n\t\t\t\t\t<\/div>\n\t\t<\/section>\n\t\t\t\t<\/div>\n\t\t","protected":false},"excerpt":{"rendered":"<p>Pr\u00e4zise Ruderbewegungen Die hochfeste Nussbaum-Schiene des Topiom WASSER-RUDERGER\u00c4T V2 Pro: Nussbaum Rail gew\u00e4hrleistet geschmeidige und pr\u00e4zise Ruderbewegungen, die Ihr Training auf ein neues Niveau heben. \u00c4sthetische Eleganz des Nussbaumholzes Die \u00e4sthetische Ausf\u00fchrung des Nussbaumholzes verleiht nicht nur dem Ger\u00e4t selbst, sondern auch Ihrem gesamten Trainingsraum eine zeitlose Eleganz. M\u00fchelose Aufbewahrung Die schlanke Bauweise des Nussbaum [&hellip;]<\/p>\n","protected":false},"featured_media":37362,"comment_status":"open","ping_status":"closed","template":"","meta":[],"product_cat":[15],"product_tag":[],"class_list":{"0":"post-37361","1":"product","2":"type-product","3":"status-publish","4":"has-post-thumbnail","6":"product_cat-uncategorized","9":"first","10":"outofstock","11":"taxable","12":"shipping-taxable","13":"purchasable","14":"product-type-simple"},"yoast_head":"<!-- This site is optimized with the Yoast SEO plugin v22.7 - https:\/\/yoast.com\/wordpress\/plugins\/seo\/ -->\n<title>Topiom Wasser-Ruderger\u00e4t V2 Pro mit TM3<\/title>\n<meta name=\"description\" content=\"Entdecken Sie das Topiom Wasser-Ruderger\u00e4t V2 Pro mit TM3. Ein hochwertiges Fitnessger\u00e4t f\u00fcr effektives Rudern zu Hause.\" \/>\n<meta name=\"robots\" content=\"index, nofollow, max-snippet:-1, max-image-preview:large, max-video-preview:-1\" \/>\n<link rel=\"canonical\" href=\"https:\/\/www.topiom.com\/de\/product\/topiom-wasser-rudergeraet-v2-pro-nussbaum-rail\/\" \/>\n<meta property=\"og:locale\" content=\"de_DE\" \/>\n<meta property=\"og:type\" content=\"article\" \/>\n<meta property=\"og:title\" content=\"Topiom Wasser-Ruderger\u00e4t V2 Pro mit TM3\" \/>\n<meta property=\"og:description\" content=\"Entdecken Sie das Topiom Wasser-Ruderger\u00e4t V2 Pro mit TM3. Ein hochwertiges Fitnessger\u00e4t f\u00fcr effektives Rudern zu Hause.\" \/>\n<meta property=\"og:url\" content=\"https:\/\/www.topiom.com\/de\/product\/topiom-wasser-rudergeraet-v2-pro-nussbaum-rail\/\" \/>\n<meta property=\"og:site_name\" content=\"Topiom Deutschland\" \/>\n<meta property=\"article:modified_time\" content=\"2024-05-06T08:35:59+00:00\" \/>\n<meta property=\"og:image\" content=\"https:\/\/www.topiom.com\/de\/wp-content\/uploads\/sites\/2\/2023\/12\/4\u7684\u526f\u672c.jpg\" \/>\n\t<meta property=\"og:image:width\" content=\"1600\" \/>\n\t<meta property=\"og:image:height\" content=\"1040\" \/>\n\t<meta property=\"og:image:type\" content=\"image\/jpeg\" \/>\n<meta name=\"twitter:card\" content=\"summary_large_image\" \/>\n<meta name=\"twitter:label1\" content=\"Gesch\u00e4tzte Lesezeit\" \/>\n\t<meta name=\"twitter:data1\" content=\"2 Minuten\" \/>\n<script type=\"application\/ld+json\" class=\"yoast-schema-graph\">{\"@context\":\"https:\/\/schema.org\",\"@graph\":[{\"@type\":\"WebPage\",\"@id\":\"https:\/\/www.topiom.com\/de\/product\/topiom-wasser-rudergeraet-v2-pro-nussbaum-rail\/\",\"url\":\"https:\/\/www.topiom.com\/de\/product\/topiom-wasser-rudergeraet-v2-pro-nussbaum-rail\/\",\"name\":\"Topiom Wasser-Ruderger\u00e4t V2 Pro mit TM3\",\"isPartOf\":{\"@id\":\"https:\/\/www.topiom.com\/de\/#website\"},\"primaryImageOfPage\":{\"@id\":\"https:\/\/www.topiom.com\/de\/product\/topiom-wasser-rudergeraet-v2-pro-nussbaum-rail\/#primaryimage\"},\"image\":{\"@id\":\"https:\/\/www.topiom.com\/de\/product\/topiom-wasser-rudergeraet-v2-pro-nussbaum-rail\/#primaryimage\"},\"thumbnailUrl\":\"https:\/\/www.topiom.com\/de\/wp-content\/uploads\/sites\/2\/2023\/12\/4\u7684\u526f\u672c.jpg\",\"datePublished\":\"2023-12-26T10:28:58+00:00\",\"dateModified\":\"2024-05-06T08:35:59+00:00\",\"description\":\"Entdecken Sie das Topiom Wasser-Ruderger\u00e4t V2 Pro mit TM3. Ein hochwertiges Fitnessger\u00e4t f\u00fcr effektives Rudern zu Hause.\",\"breadcrumb\":{\"@id\":\"https:\/\/www.topiom.com\/de\/product\/topiom-wasser-rudergeraet-v2-pro-nussbaum-rail\/#breadcrumb\"},\"inLanguage\":\"de-DE\",\"potentialAction\":[{\"@type\":\"ReadAction\",\"target\":[\"https:\/\/www.topiom.com\/de\/product\/topiom-wasser-rudergeraet-v2-pro-nussbaum-rail\/\"]}]},{\"@type\":\"ImageObject\",\"inLanguage\":\"de-DE\",\"@id\":\"https:\/\/www.topiom.com\/de\/product\/topiom-wasser-rudergeraet-v2-pro-nussbaum-rail\/#primaryimage\",\"url\":\"https:\/\/www.topiom.com\/de\/wp-content\/uploads\/sites\/2\/2023\/12\/4\u7684\u526f\u672c.jpg\",\"contentUrl\":\"https:\/\/www.topiom.com\/de\/wp-content\/uploads\/sites\/2\/2023\/12\/4\u7684\u526f\u672c.jpg\",\"width\":1600,\"height\":1040},{\"@type\":\"BreadcrumbList\",\"@id\":\"https:\/\/www.topiom.com\/de\/product\/topiom-wasser-rudergeraet-v2-pro-nussbaum-rail\/#breadcrumb\",\"itemListElement\":[{\"@type\":\"ListItem\",\"position\":1,\"name\":\"Home\",\"item\":\"https:\/\/www.topiom.com\/de\/\"},{\"@type\":\"ListItem\",\"position\":2,\"name\":\"Shop\",\"item\":\"https:\/\/www.topiom.com\/de\/shop\/\"},{\"@type\":\"ListItem\",\"position\":3,\"name\":\"Topiom WASSER-RUDERGER\u00c4T V2 Pro: Nussbaum Rail\"}]},{\"@type\":\"WebSite\",\"@id\":\"https:\/\/www.topiom.com\/de\/#website\",\"url\":\"https:\/\/www.topiom.com\/de\/\",\"name\":\"Topiom Deutschland\",\"description\":\"Home Fitness leicht gemacht\",\"potentialAction\":[{\"@type\":\"SearchAction\",\"target\":{\"@type\":\"EntryPoint\",\"urlTemplate\":\"https:\/\/www.topiom.com\/de\/?s={search_term_string}\"},\"query-input\":\"required name=search_term_string\"}],\"inLanguage\":\"de-DE\"}]}<\/script>\n<!-- \/ Yoast SEO plugin. -->","yoast_head_json":{"title":"Topiom Wasser-Ruderger\u00e4t V2 Pro mit TM3","description":"Entdecken Sie das Topiom Wasser-Ruderger\u00e4t V2 Pro mit TM3. Ein hochwertiges Fitnessger\u00e4t f\u00fcr effektives Rudern zu Hause.","robots":{"index":"index","follow":"nofollow","max-snippet":"max-snippet:-1","max-image-preview":"max-image-preview:large","max-video-preview":"max-video-preview:-1"},"canonical":"https:\/\/www.topiom.com\/de\/product\/topiom-wasser-rudergeraet-v2-pro-nussbaum-rail\/","og_locale":"de_DE","og_type":"article","og_title":"Topiom Wasser-Ruderger\u00e4t V2 Pro mit TM3","og_description":"Entdecken Sie das Topiom Wasser-Ruderger\u00e4t V2 Pro mit TM3. Ein hochwertiges Fitnessger\u00e4t f\u00fcr effektives Rudern zu Hause.","og_url":"https:\/\/www.topiom.com\/de\/product\/topiom-wasser-rudergeraet-v2-pro-nussbaum-rail\/","og_site_name":"Topiom Deutschland","article_modified_time":"2024-05-06T08:35:59+00:00","og_image":[{"width":1600,"height":1040,"url":"https:\/\/www.topiom.com\/de\/wp-content\/uploads\/sites\/2\/2023\/12\/4\u7684\u526f\u672c.jpg","type":"image\/jpeg"}],"twitter_card":"summary_large_image","twitter_misc":{"Gesch\u00e4tzte Lesezeit":"2 Minuten"},"schema":{"@context":"https:\/\/schema.org","@graph":[{"@type":"WebPage","@id":"https:\/\/www.topiom.com\/de\/product\/topiom-wasser-rudergeraet-v2-pro-nussbaum-rail\/","url":"https:\/\/www.topiom.com\/de\/product\/topiom-wasser-rudergeraet-v2-pro-nussbaum-rail\/","name":"Topiom Wasser-Ruderger\u00e4t V2 Pro mit TM3","isPartOf":{"@id":"https:\/\/www.topiom.com\/de\/#website"},"primaryImageOfPage":{"@id":"https:\/\/www.topiom.com\/de\/product\/topiom-wasser-rudergeraet-v2-pro-nussbaum-rail\/#primaryimage"},"image":{"@id":"https:\/\/www.topiom.com\/de\/product\/topiom-wasser-rudergeraet-v2-pro-nussbaum-rail\/#primaryimage"},"thumbnailUrl":"https:\/\/www.topiom.com\/de\/wp-content\/uploads\/sites\/2\/2023\/12\/4\u7684\u526f\u672c.jpg","datePublished":"2023-12-26T10:28:58+00:00","dateModified":"2024-05-06T08:35:59+00:00","description":"Entdecken Sie das Topiom Wasser-Ruderger\u00e4t V2 Pro mit TM3. Ein hochwertiges Fitnessger\u00e4t f\u00fcr effektives Rudern zu Hause.","breadcrumb":{"@id":"https:\/\/www.topiom.com\/de\/product\/topiom-wasser-rudergeraet-v2-pro-nussbaum-rail\/#breadcrumb"},"inLanguage":"de-DE","potentialAction":[{"@type":"ReadAction","target":["https:\/\/www.topiom.com\/de\/product\/topiom-wasser-rudergeraet-v2-pro-nussbaum-rail\/"]}]},{"@type":"ImageObject","inLanguage":"de-DE","@id":"https:\/\/www.topiom.com\/de\/product\/topiom-wasser-rudergeraet-v2-pro-nussbaum-rail\/#primaryimage","url":"https:\/\/www.topiom.com\/de\/wp-content\/uploads\/sites\/2\/2023\/12\/4\u7684\u526f\u672c.jpg","contentUrl":"https:\/\/www.topiom.com\/de\/wp-content\/uploads\/sites\/2\/2023\/12\/4\u7684\u526f\u672c.jpg","width":1600,"height":1040},{"@type":"BreadcrumbList","@id":"https:\/\/www.topiom.com\/de\/product\/topiom-wasser-rudergeraet-v2-pro-nussbaum-rail\/#breadcrumb","itemListElement":[{"@type":"ListItem","position":1,"name":"Home","item":"https:\/\/www.topiom.com\/de\/"},{"@type":"ListItem","position":2,"name":"Shop","item":"https:\/\/www.topiom.com\/de\/shop\/"},{"@type":"ListItem","position":3,"name":"Topiom WASSER-RUDERGER\u00c4T V2 Pro: Nussbaum Rail"}]},{"@type":"WebSite","@id":"https:\/\/www.topiom.com\/de\/#website","url":"https:\/\/www.topiom.com\/de\/","name":"Topiom Deutschland","description":"Home Fitness leicht gemacht","potentialAction":[{"@type":"SearchAction","target":{"@type":"EntryPoint","urlTemplate":"https:\/\/www.topiom.com\/de\/?s={search_term_string}"},"query-input":"required name=search_term_string"}],"inLanguage":"de-DE"}]}},"jetpack_sharing_enabled":true,"_links":{"self":[{"href":"https:\/\/www.topiom.com\/de\/wp-json\/wp\/v2\/product\/37361"}],"collection":[{"href":"https:\/\/www.topiom.com\/de\/wp-json\/wp\/v2\/product"}],"about":[{"href":"https:\/\/www.topiom.com\/de\/wp-json\/wp\/v2\/types\/product"}],"replies":[{"embeddable":true,"href":"https:\/\/www.topiom.com\/de\/wp-json\/wp\/v2\/comments?post=37361"}],"version-history":[{"count":11,"href":"https:\/\/www.topiom.com\/de\/wp-json\/wp\/v2\/product\/37361\/revisions"}],"predecessor-version":[{"id":37490,"href":"https:\/\/www.topiom.com\/de\/wp-json\/wp\/v2\/product\/37361\/revisions\/37490"}],"wp:featuredmedia":[{"embeddable":true,"href":"https:\/\/www.topiom.com\/de\/wp-json\/wp\/v2\/media\/37362"}],"wp:attachment":[{"href":"https:\/\/www.topiom.com\/de\/wp-json\/wp\/v2\/media?parent=37361"}],"wp:term":[{"taxonomy":"product_cat","embeddable":true,"href":"https:\/\/www.topiom.com\/de\/wp-json\/wp\/v2\/product_cat?post=37361"},{"taxonomy":"product_tag","embeddable":true,"href":"https:\/\/www.topiom.com\/de\/wp-json\/wp\/v2\/product_tag?post=37361"}],"curies":[{"name":"wp","href":"https:\/\/api.w.org\/{rel}","templated":true}]}}