{"id":37365,"date":"2023-12-26T11:33:27","date_gmt":"2023-12-26T10:33:27","guid":{"rendered":"https:\/\/www.topiom.com\/de\/?post_type=product&#038;p=37365"},"modified":"2024-10-12T22:17:40","modified_gmt":"2024-10-12T20:17:40","slug":"topiom-wasser-rudergeraet-v2-pro-eichenholz-water-tank","status":"publish","type":"product","link":"https:\/\/www.topiom.com\/de\/product\/topiom-wasser-rudergeraet-v2-pro-eichenholz-water-tank\/","title":{"rendered":"Topiom WASSER-RUDERGER\u00c4T V2 Pro: Eichenholz Water Tank"},"content":{"rendered":"\t\t<div data-elementor-type=\"wp-post\" data-elementor-id=\"37365\" class=\"elementor elementor-37365\">\n\t\t\t\t\t\t<section class=\"elementor-section elementor-top-section elementor-element elementor-element-e9cb2bd elementor-section-boxed elementor-section-height-default elementor-section-height-default\" data-id=\"e9cb2bd\" data-element_type=\"section\">\n\t\t\t\t\t\t<div class=\"elementor-container elementor-column-gap-default\">\n\t\t\t\t\t<div class=\"elementor-column elementor-col-100 elementor-top-column elementor-element elementor-element-c06a365\" data-id=\"c06a365\" data-element_type=\"column\">\n\t\t\t<div class=\"elementor-widget-wrap elementor-element-populated\">\n\t\t\t\t\t\t<div class=\"elementor-element elementor-element-5fe6cd8 elementor-arrows-position-inside elementor-pagination-position-outside elementor-widget elementor-widget-image-carousel\" data-id=\"5fe6cd8\" data-element_type=\"widget\" data-settings=\"{&quot;slides_to_show&quot;:&quot;1&quot;,&quot;navigation&quot;:&quot;both&quot;,&quot;autoplay&quot;:&quot;yes&quot;,&quot;pause_on_hover&quot;:&quot;yes&quot;,&quot;pause_on_interaction&quot;:&quot;yes&quot;,&quot;autoplay_speed&quot;:5000,&quot;infinite&quot;:&quot;yes&quot;,&quot;effect&quot;:&quot;slide&quot;,&quot;speed&quot;:500}\" data-widget_type=\"image-carousel.default\">\n\t\t\t\t<div class=\"elementor-widget-container\">\n\t\t\t<style>\/*! elementor - v3.21.0 - 22-05-2024 *\/\n.elementor-widget-image-carousel .swiper,.elementor-widget-image-carousel .swiper-container{position:static}.elementor-widget-image-carousel .swiper-container .swiper-slide figure,.elementor-widget-image-carousel .swiper .swiper-slide figure{line-height:inherit}.elementor-widget-image-carousel .swiper-slide{text-align:center}.elementor-image-carousel-wrapper:not(.swiper-container-initialized):not(.swiper-initialized) .swiper-slide{max-width:calc(100% \/ var(--e-image-carousel-slides-to-show, 3))}<\/style>\t\t<div class=\"elementor-image-carousel-wrapper swiper\" dir=\"ltr\">\n\t\t\t<div class=\"elementor-image-carousel swiper-wrapper\" aria-live=\"off\">\n\t\t\t\t\t\t\t\t<div class=\"swiper-slide\" role=\"group\" aria-roledescription=\"slide\" aria-label=\"1 of 2\"><figure class=\"swiper-slide-inner\"><img decoding=\"async\" class=\"swiper-slide-image\" src=\"https:\/\/www.topiom.com\/de\/wp-content\/uploads\/sites\/2\/2023\/12\/3.jpg\" alt=\"3\" \/><\/figure><\/div><div class=\"swiper-slide\" role=\"group\" aria-roledescription=\"slide\" aria-label=\"2 of 2\"><figure class=\"swiper-slide-inner\"><img decoding=\"async\" class=\"swiper-slide-image\" src=\"https:\/\/www.topiom.com\/de\/wp-content\/uploads\/sites\/2\/2023\/12\/5-1.jpg\" alt=\"5\" \/><\/figure><\/div>\t\t\t<\/div>\n\t\t\t\t\t\t\t\t\t\t\t\t<div class=\"elementor-swiper-button elementor-swiper-button-prev\" role=\"button\" tabindex=\"0\">\n\t\t\t\t\t\t<i aria-hidden=\"true\" class=\"eicon-chevron-left\"><\/i>\t\t\t\t\t<\/div>\n\t\t\t\t\t<div class=\"elementor-swiper-button elementor-swiper-button-next\" role=\"button\" tabindex=\"0\">\n\t\t\t\t\t\t<i aria-hidden=\"true\" class=\"eicon-chevron-right\"><\/i>\t\t\t\t\t<\/div>\n\t\t\t\t\n\t\t\t\t\t\t\t\t\t<div class=\"swiper-pagination\"><\/div>\n\t\t\t\t\t\t\t\t\t<\/div>\n\t\t\t\t<\/div>\n\t\t\t\t<\/div>\n\t\t\t\t<div class=\"elementor-element elementor-element-b98d873 elementor-widget elementor-widget-heading\" data-id=\"b98d873\" data-element_type=\"widget\" data-widget_type=\"heading.default\">\n\t\t\t\t<div class=\"elementor-widget-container\">\n\t\t\t<style>\/*! elementor - v3.21.0 - 22-05-2024 *\/\n.elementor-heading-title{padding:0;margin:0;line-height:1}.elementor-widget-heading .elementor-heading-title[class*=elementor-size-]>a{color:inherit;font-size:inherit;line-height:inherit}.elementor-widget-heading .elementor-heading-title.elementor-size-small{font-size:15px}.elementor-widget-heading .elementor-heading-title.elementor-size-medium{font-size:19px}.elementor-widget-heading .elementor-heading-title.elementor-size-large{font-size:29px}.elementor-widget-heading .elementor-heading-title.elementor-size-xl{font-size:39px}.elementor-widget-heading .elementor-heading-title.elementor-size-xxl{font-size:59px}<\/style><h3 class=\"elementor-heading-title elementor-size-default\">Tauchen Sie Ein in Ruderluxus<\/h3>\t\t<\/div>\n\t\t\t\t<\/div>\n\t\t\t\t<div class=\"elementor-element elementor-element-2f1df05 elementor-widget elementor-widget-text-editor\" data-id=\"2f1df05\" data-element_type=\"widget\" data-widget_type=\"text-editor.default\">\n\t\t\t\t<div class=\"elementor-widget-container\">\n\t\t\t<style>\/*! elementor - v3.21.0 - 22-05-2024 *\/\n.elementor-widget-text-editor.elementor-drop-cap-view-stacked .elementor-drop-cap{background-color:#69727d;color:#fff}.elementor-widget-text-editor.elementor-drop-cap-view-framed .elementor-drop-cap{color:#69727d;border:3px solid;background-color:transparent}.elementor-widget-text-editor:not(.elementor-drop-cap-view-default) .elementor-drop-cap{margin-top:8px}.elementor-widget-text-editor:not(.elementor-drop-cap-view-default) .elementor-drop-cap-letter{width:1em;height:1em}.elementor-widget-text-editor .elementor-drop-cap{float:left;text-align:center;line-height:1;font-size:50px}.elementor-widget-text-editor .elementor-drop-cap-letter{display:inline-block}<\/style>\t\t\t\t<p>Erleben Sie h\u00f6chsten Ruderluxus mit dem Topiom WASSER-RUDERGER\u00c4T V2 Pro: Eichenholz Water Tank. Die fortschrittliche Wasserwiderstandstechnologie vermittelt ein authentisches Rudergef\u00fchl, w\u00e4hrend der Eichenholz-Wassertank einen harmonischen Widerstand liefert.<\/p>\t\t\t\t\t\t<\/div>\n\t\t\t\t<\/div>\n\t\t\t\t<div class=\"elementor-element elementor-element-77612ef elementor-widget elementor-widget-heading\" data-id=\"77612ef\" data-element_type=\"widget\" data-widget_type=\"heading.default\">\n\t\t\t\t<div class=\"elementor-widget-container\">\n\t\t\t<h3 class=\"elementor-heading-title elementor-size-default\">Nat\u00fcrliche \u00c4sthetik mit Eichenholz<\/h3>\t\t<\/div>\n\t\t\t\t<\/div>\n\t\t\t\t<div class=\"elementor-element elementor-element-060c4a5 elementor-widget elementor-widget-text-editor\" data-id=\"060c4a5\" data-element_type=\"widget\" data-widget_type=\"text-editor.default\">\n\t\t\t\t<div class=\"elementor-widget-container\">\n\t\t\t\t\t\t\t<p>Die robuste Konstruktion aus Eichenholz vereint nat\u00fcrliche Sch\u00f6nheit mit Langlebigkeit, und verleiht Ihrem Trainingsraum eine warme und ansprechende \u00c4sthetik.<\/p>\t\t\t\t\t\t<\/div>\n\t\t\t\t<\/div>\n\t\t\t\t<div class=\"elementor-element elementor-element-ac8bcf4 elementor-widget elementor-widget-heading\" data-id=\"ac8bcf4\" data-element_type=\"widget\" data-widget_type=\"heading.default\">\n\t\t\t\t<div class=\"elementor-widget-container\">\n\t\t\t<h3 class=\"elementor-heading-title elementor-size-default\">Konnektivit\u00e4t f\u00fcr Personalisiertes Training<\/h3>\t\t<\/div>\n\t\t\t\t<\/div>\n\t\t\t\t<div class=\"elementor-element elementor-element-d078c1e elementor-widget elementor-widget-text-editor\" data-id=\"d078c1e\" data-element_type=\"widget\" data-widget_type=\"text-editor.default\">\n\t\t\t\t<div class=\"elementor-widget-container\">\n\t\t\t\t\t\t\t<p>Optimieren Sie Ihr Training durch intelligente Sensoren und Konnektivit\u00e4t, um Fitnessziele zu verfolgen und personalisierte Trainingspl\u00e4ne zu erstellen.<\/p>\t\t\t\t\t\t<\/div>\n\t\t\t\t<\/div>\n\t\t\t\t<div class=\"elementor-element elementor-element-f073382 elementor-widget elementor-widget-heading\" data-id=\"f073382\" data-element_type=\"widget\" data-widget_type=\"heading.default\">\n\t\t\t\t<div class=\"elementor-widget-container\">\n\t\t\t<h3 class=\"elementor-heading-title elementor-size-default\">Design f\u00fcr Wohlf\u00fchlmomente<\/h3>\t\t<\/div>\n\t\t\t\t<\/div>\n\t\t\t\t<div class=\"elementor-element elementor-element-663e137 elementor-widget elementor-widget-text-editor\" data-id=\"663e137\" data-element_type=\"widget\" data-widget_type=\"text-editor.default\">\n\t\t\t\t<div class=\"elementor-widget-container\">\n\t\t\t\t\t\t\t<p>Das durchdachte ergonomische Design von Sitz und Griffen bietet nicht nur einzigartigen Komfort, sondern sorgt auch f\u00fcr entspannende Wohlf\u00fchlmomente w\u00e4hrend Ihres Rudererlebnisses.<\/p>\t\t\t\t\t\t<\/div>\n\t\t\t\t<\/div>\n\t\t\t\t<section class=\"elementor-section elementor-inner-section elementor-element elementor-element-c66086b elementor-section-boxed elementor-section-height-default elementor-section-height-default\" data-id=\"c66086b\" data-element_type=\"section\">\n\t\t\t\t\t\t<div class=\"elementor-container elementor-column-gap-default\">\n\t\t\t\t\t<div class=\"elementor-column elementor-col-50 elementor-inner-column elementor-element elementor-element-5ce2414\" data-id=\"5ce2414\" data-element_type=\"column\">\n\t\t\t<div class=\"elementor-widget-wrap elementor-element-populated\">\n\t\t\t\t\t\t<div class=\"elementor-element elementor-element-afaaf47 elementor-widget elementor-widget-bwp_image\" data-id=\"afaaf47\" data-element_type=\"widget\" data-widget_type=\"bwp_image.default\">\n\t\t\t\t<div class=\"elementor-widget-container\">\n\t\t\t<div class=\"bwp-widget-banner layout-1\">\r\n\t\t\r\n\t<div class=\"bg-banner\">\r\n\t\t<div class=\"banner-wrapper banners\">\r\n\t\t\t<div class=\"bwp-image \">\r\n\t\t\t\t\t\t\t\t\t<a href=\"#\"><img decoding=\"async\" src=\"https:\/\/www.topiom.com\/de\/wp-content\/uploads\/sites\/2\/2023\/12\/1-2.jpg\" alt=\"Banner Image\"><\/a>\r\n\t\t\t\t\t\t\t<\/div>\r\n\t\t\t<div class=\"banner-wrapper-infor\">\r\n\t\t\t\t<div class=\"info\">\r\n\t\t\t\t\t<div class=\"content\">\r\n\t\t\t\t\t\t\t\t\t\t\t\t\t\t\t\t\t\t\t\t\t\t\t\t\t\t\t\t\t<\/div>\r\n\t\t\t\t<\/div>\r\n\t\t\t<\/div>\r\n\t\t<\/div>\r\n\t<\/div>\r\n\t<\/div>\r\n\t\t<\/div>\n\t\t\t\t<\/div>\n\t\t\t\t\t<\/div>\n\t\t<\/div>\n\t\t\t\t<div class=\"elementor-column elementor-col-50 elementor-inner-column elementor-element elementor-element-e656385\" data-id=\"e656385\" data-element_type=\"column\">\n\t\t\t<div class=\"elementor-widget-wrap elementor-element-populated\">\n\t\t\t\t\t\t<div class=\"elementor-element elementor-element-15f7a92 elementor-widget elementor-widget-bwp_image\" data-id=\"15f7a92\" data-element_type=\"widget\" data-widget_type=\"bwp_image.default\">\n\t\t\t\t<div class=\"elementor-widget-container\">\n\t\t\t<div class=\"bwp-widget-banner layout-1\">\r\n\t\t\r\n\t<div class=\"bg-banner\">\r\n\t\t<div class=\"banner-wrapper banners\">\r\n\t\t\t<div class=\"bwp-image \">\r\n\t\t\t\t\t\t\t\t\t<a href=\"#\"><img decoding=\"async\" src=\"https:\/\/www.topiom.com\/de\/wp-content\/uploads\/sites\/2\/2023\/12\/2.jpg\" alt=\"Banner Image\"><\/a>\r\n\t\t\t\t\t\t\t<\/div>\r\n\t\t\t<div class=\"banner-wrapper-infor\">\r\n\t\t\t\t<div class=\"info\">\r\n\t\t\t\t\t<div class=\"content\">\r\n\t\t\t\t\t\t\t\t\t\t\t\t\t\t\t\t\t\t\t\t\t\t\t\t\t\t\t\t\t<\/div>\r\n\t\t\t\t<\/div>\r\n\t\t\t<\/div>\r\n\t\t<\/div>\r\n\t<\/div>\r\n\t<\/div>\r\n\t\t<\/div>\n\t\t\t\t<\/div>\n\t\t\t\t\t<\/div>\n\t\t<\/div>\n\t\t\t\t\t<\/div>\n\t\t<\/section>\n\t\t\t\t\t<\/div>\n\t\t<\/div>\n\t\t\t\t\t<\/div>\n\t\t<\/section>\n\t\t\t\t<\/div>\n\t\t","protected":false},"excerpt":{"rendered":"<p>Tauchen Sie Ein in Ruderluxus Erleben Sie h\u00f6chsten Ruderluxus mit dem Topiom WASSER-RUDERGER\u00c4T V2 Pro: Eichenholz Water Tank. Die fortschrittliche Wasserwiderstandstechnologie vermittelt ein authentisches Rudergef\u00fchl, w\u00e4hrend der Eichenholz-Wassertank einen harmonischen Widerstand liefert. Nat\u00fcrliche \u00c4sthetik mit Eichenholz Die robuste Konstruktion aus Eichenholz vereint nat\u00fcrliche Sch\u00f6nheit mit Langlebigkeit, und verleiht Ihrem Trainingsraum eine warme und ansprechende \u00c4sthetik. [&hellip;]<\/p>\n","protected":false},"featured_media":37366,"comment_status":"open","ping_status":"closed","template":"","meta":[],"product_cat":[15],"product_tag":[],"class_list":{"0":"post-37365","1":"product","2":"type-product","3":"status-publish","4":"has-post-thumbnail","6":"product_cat-uncategorized","9":"first","10":"outofstock","11":"taxable","12":"shipping-taxable","13":"purchasable","14":"product-type-simple"},"yoast_head":"<!-- This site is optimized with the Yoast SEO plugin v22.7 - https:\/\/yoast.com\/wordpress\/plugins\/seo\/ -->\n<title>Topiom Wasser-Ruderger\u00e4t V2 Pro mit TM3<\/title>\n<meta name=\"description\" content=\"Entdecken Sie das Topiom Wasser-Ruderger\u00e4t V2 Pro mit TM3. Ein hochwertiges Fitnessger\u00e4t f\u00fcr effektives Rudern zu Hause.\" \/>\n<meta name=\"robots\" content=\"index, nofollow, max-snippet:-1, max-image-preview:large, max-video-preview:-1\" \/>\n<link rel=\"canonical\" href=\"https:\/\/www.topiom.com\/de\/product\/topiom-wasser-rudergeraet-v2-pro-eichenholz-water-tank\/\" \/>\n<meta property=\"og:locale\" content=\"de_DE\" \/>\n<meta property=\"og:type\" content=\"article\" \/>\n<meta property=\"og:title\" content=\"Topiom Wasser-Ruderger\u00e4t V2 Pro mit TM3\" \/>\n<meta property=\"og:description\" content=\"Entdecken Sie das Topiom Wasser-Ruderger\u00e4t V2 Pro mit TM3. Ein hochwertiges Fitnessger\u00e4t f\u00fcr effektives Rudern zu Hause.\" \/>\n<meta property=\"og:url\" content=\"https:\/\/www.topiom.com\/de\/product\/topiom-wasser-rudergeraet-v2-pro-eichenholz-water-tank\/\" \/>\n<meta property=\"og:site_name\" content=\"Topiom Deutschland\" \/>\n<meta property=\"article:modified_time\" content=\"2024-10-12T20:17:40+00:00\" \/>\n<meta property=\"og:image\" content=\"https:\/\/www.topiom.com\/de\/wp-content\/uploads\/sites\/2\/2023\/12\/4-1.jpg\" \/>\n\t<meta property=\"og:image:width\" content=\"1600\" \/>\n\t<meta property=\"og:image:height\" content=\"1040\" \/>\n\t<meta property=\"og:image:type\" content=\"image\/jpeg\" \/>\n<meta name=\"twitter:card\" content=\"summary_large_image\" \/>\n<meta name=\"twitter:label1\" content=\"Gesch\u00e4tzte Lesezeit\" \/>\n\t<meta name=\"twitter:data1\" content=\"2 Minuten\" \/>\n<script type=\"application\/ld+json\" class=\"yoast-schema-graph\">{\"@context\":\"https:\/\/schema.org\",\"@graph\":[{\"@type\":\"WebPage\",\"@id\":\"https:\/\/www.topiom.com\/de\/product\/topiom-wasser-rudergeraet-v2-pro-eichenholz-water-tank\/\",\"url\":\"https:\/\/www.topiom.com\/de\/product\/topiom-wasser-rudergeraet-v2-pro-eichenholz-water-tank\/\",\"name\":\"Topiom Wasser-Ruderger\u00e4t V2 Pro mit TM3\",\"isPartOf\":{\"@id\":\"https:\/\/www.topiom.com\/de\/#website\"},\"primaryImageOfPage\":{\"@id\":\"https:\/\/www.topiom.com\/de\/product\/topiom-wasser-rudergeraet-v2-pro-eichenholz-water-tank\/#primaryimage\"},\"image\":{\"@id\":\"https:\/\/www.topiom.com\/de\/product\/topiom-wasser-rudergeraet-v2-pro-eichenholz-water-tank\/#primaryimage\"},\"thumbnailUrl\":\"https:\/\/www.topiom.com\/de\/wp-content\/uploads\/sites\/2\/2023\/12\/4-1.jpg\",\"datePublished\":\"2023-12-26T10:33:27+00:00\",\"dateModified\":\"2024-10-12T20:17:40+00:00\",\"description\":\"Entdecken Sie das Topiom Wasser-Ruderger\u00e4t V2 Pro mit TM3. Ein hochwertiges Fitnessger\u00e4t f\u00fcr effektives Rudern zu Hause.\",\"breadcrumb\":{\"@id\":\"https:\/\/www.topiom.com\/de\/product\/topiom-wasser-rudergeraet-v2-pro-eichenholz-water-tank\/#breadcrumb\"},\"inLanguage\":\"de-DE\",\"potentialAction\":[{\"@type\":\"ReadAction\",\"target\":[\"https:\/\/www.topiom.com\/de\/product\/topiom-wasser-rudergeraet-v2-pro-eichenholz-water-tank\/\"]}]},{\"@type\":\"ImageObject\",\"inLanguage\":\"de-DE\",\"@id\":\"https:\/\/www.topiom.com\/de\/product\/topiom-wasser-rudergeraet-v2-pro-eichenholz-water-tank\/#primaryimage\",\"url\":\"https:\/\/www.topiom.com\/de\/wp-content\/uploads\/sites\/2\/2023\/12\/4-1.jpg\",\"contentUrl\":\"https:\/\/www.topiom.com\/de\/wp-content\/uploads\/sites\/2\/2023\/12\/4-1.jpg\",\"width\":1600,\"height\":1040},{\"@type\":\"BreadcrumbList\",\"@id\":\"https:\/\/www.topiom.com\/de\/product\/topiom-wasser-rudergeraet-v2-pro-eichenholz-water-tank\/#breadcrumb\",\"itemListElement\":[{\"@type\":\"ListItem\",\"position\":1,\"name\":\"Home\",\"item\":\"https:\/\/www.topiom.com\/de\/\"},{\"@type\":\"ListItem\",\"position\":2,\"name\":\"Shop\",\"item\":\"https:\/\/www.topiom.com\/de\/shop\/\"},{\"@type\":\"ListItem\",\"position\":3,\"name\":\"Topiom WASSER-RUDERGER\u00c4T V2 Pro: Eichenholz Water Tank\"}]},{\"@type\":\"WebSite\",\"@id\":\"https:\/\/www.topiom.com\/de\/#website\",\"url\":\"https:\/\/www.topiom.com\/de\/\",\"name\":\"Topiom Deutschland\",\"description\":\"Home Fitness leicht gemacht\",\"potentialAction\":[{\"@type\":\"SearchAction\",\"target\":{\"@type\":\"EntryPoint\",\"urlTemplate\":\"https:\/\/www.topiom.com\/de\/?s={search_term_string}\"},\"query-input\":\"required name=search_term_string\"}],\"inLanguage\":\"de-DE\"}]}<\/script>\n<!-- \/ Yoast SEO plugin. -->","yoast_head_json":{"title":"Topiom Wasser-Ruderger\u00e4t V2 Pro mit TM3","description":"Entdecken Sie das Topiom Wasser-Ruderger\u00e4t V2 Pro mit TM3. Ein hochwertiges Fitnessger\u00e4t f\u00fcr effektives Rudern zu Hause.","robots":{"index":"index","follow":"nofollow","max-snippet":"max-snippet:-1","max-image-preview":"max-image-preview:large","max-video-preview":"max-video-preview:-1"},"canonical":"https:\/\/www.topiom.com\/de\/product\/topiom-wasser-rudergeraet-v2-pro-eichenholz-water-tank\/","og_locale":"de_DE","og_type":"article","og_title":"Topiom Wasser-Ruderger\u00e4t V2 Pro mit TM3","og_description":"Entdecken Sie das Topiom Wasser-Ruderger\u00e4t V2 Pro mit TM3. Ein hochwertiges Fitnessger\u00e4t f\u00fcr effektives Rudern zu Hause.","og_url":"https:\/\/www.topiom.com\/de\/product\/topiom-wasser-rudergeraet-v2-pro-eichenholz-water-tank\/","og_site_name":"Topiom Deutschland","article_modified_time":"2024-10-12T20:17:40+00:00","og_image":[{"width":1600,"height":1040,"url":"https:\/\/www.topiom.com\/de\/wp-content\/uploads\/sites\/2\/2023\/12\/4-1.jpg","type":"image\/jpeg"}],"twitter_card":"summary_large_image","twitter_misc":{"Gesch\u00e4tzte Lesezeit":"2 Minuten"},"schema":{"@context":"https:\/\/schema.org","@graph":[{"@type":"WebPage","@id":"https:\/\/www.topiom.com\/de\/product\/topiom-wasser-rudergeraet-v2-pro-eichenholz-water-tank\/","url":"https:\/\/www.topiom.com\/de\/product\/topiom-wasser-rudergeraet-v2-pro-eichenholz-water-tank\/","name":"Topiom Wasser-Ruderger\u00e4t V2 Pro mit TM3","isPartOf":{"@id":"https:\/\/www.topiom.com\/de\/#website"},"primaryImageOfPage":{"@id":"https:\/\/www.topiom.com\/de\/product\/topiom-wasser-rudergeraet-v2-pro-eichenholz-water-tank\/#primaryimage"},"image":{"@id":"https:\/\/www.topiom.com\/de\/product\/topiom-wasser-rudergeraet-v2-pro-eichenholz-water-tank\/#primaryimage"},"thumbnailUrl":"https:\/\/www.topiom.com\/de\/wp-content\/uploads\/sites\/2\/2023\/12\/4-1.jpg","datePublished":"2023-12-26T10:33:27+00:00","dateModified":"2024-10-12T20:17:40+00:00","description":"Entdecken Sie das Topiom Wasser-Ruderger\u00e4t V2 Pro mit TM3. Ein hochwertiges Fitnessger\u00e4t f\u00fcr effektives Rudern zu Hause.","breadcrumb":{"@id":"https:\/\/www.topiom.com\/de\/product\/topiom-wasser-rudergeraet-v2-pro-eichenholz-water-tank\/#breadcrumb"},"inLanguage":"de-DE","potentialAction":[{"@type":"ReadAction","target":["https:\/\/www.topiom.com\/de\/product\/topiom-wasser-rudergeraet-v2-pro-eichenholz-water-tank\/"]}]},{"@type":"ImageObject","inLanguage":"de-DE","@id":"https:\/\/www.topiom.com\/de\/product\/topiom-wasser-rudergeraet-v2-pro-eichenholz-water-tank\/#primaryimage","url":"https:\/\/www.topiom.com\/de\/wp-content\/uploads\/sites\/2\/2023\/12\/4-1.jpg","contentUrl":"https:\/\/www.topiom.com\/de\/wp-content\/uploads\/sites\/2\/2023\/12\/4-1.jpg","width":1600,"height":1040},{"@type":"BreadcrumbList","@id":"https:\/\/www.topiom.com\/de\/product\/topiom-wasser-rudergeraet-v2-pro-eichenholz-water-tank\/#breadcrumb","itemListElement":[{"@type":"ListItem","position":1,"name":"Home","item":"https:\/\/www.topiom.com\/de\/"},{"@type":"ListItem","position":2,"name":"Shop","item":"https:\/\/www.topiom.com\/de\/shop\/"},{"@type":"ListItem","position":3,"name":"Topiom WASSER-RUDERGER\u00c4T V2 Pro: Eichenholz Water Tank"}]},{"@type":"WebSite","@id":"https:\/\/www.topiom.com\/de\/#website","url":"https:\/\/www.topiom.com\/de\/","name":"Topiom Deutschland","description":"Home Fitness leicht gemacht","potentialAction":[{"@type":"SearchAction","target":{"@type":"EntryPoint","urlTemplate":"https:\/\/www.topiom.com\/de\/?s={search_term_string}"},"query-input":"required name=search_term_string"}],"inLanguage":"de-DE"}]}},"jetpack_sharing_enabled":true,"_links":{"self":[{"href":"https:\/\/www.topiom.com\/de\/wp-json\/wp\/v2\/product\/37365"}],"collection":[{"href":"https:\/\/www.topiom.com\/de\/wp-json\/wp\/v2\/product"}],"about":[{"href":"https:\/\/www.topiom.com\/de\/wp-json\/wp\/v2\/types\/product"}],"replies":[{"embeddable":true,"href":"https:\/\/www.topiom.com\/de\/wp-json\/wp\/v2\/comments?post=37365"}],"version-history":[{"count":7,"href":"https:\/\/www.topiom.com\/de\/wp-json\/wp\/v2\/product\/37365\/revisions"}],"predecessor-version":[{"id":38293,"href":"https:\/\/www.topiom.com\/de\/wp-json\/wp\/v2\/product\/37365\/revisions\/38293"}],"wp:featuredmedia":[{"embeddable":true,"href":"https:\/\/www.topiom.com\/de\/wp-json\/wp\/v2\/media\/37366"}],"wp:attachment":[{"href":"https:\/\/www.topiom.com\/de\/wp-json\/wp\/v2\/media?parent=37365"}],"wp:term":[{"taxonomy":"product_cat","embeddable":true,"href":"https:\/\/www.topiom.com\/de\/wp-json\/wp\/v2\/product_cat?post=37365"},{"taxonomy":"product_tag","embeddable":true,"href":"https:\/\/www.topiom.com\/de\/wp-json\/wp\/v2\/product_tag?post=37365"}],"curies":[{"name":"wp","href":"https:\/\/api.w.org\/{rel}","templated":true}]}}