{"id":38784,"date":"2024-07-17T07:26:33","date_gmt":"2024-07-17T05:26:33","guid":{"rendered":"https:\/\/www.topiom.com\/de\/?post_type=product&#038;p=38784"},"modified":"2025-11-13T21:44:28","modified_gmt":"2025-11-13T20:44:28","slug":"holz-schragbrett-grundversion","status":"publish","type":"product","link":"https:\/\/www.topiom.com\/de\/product\/holz-schragbrett-grundversion\/","title":{"rendered":"TOPIOM HOLZ-SCHR\u00c4GBRETT GRUNDVERSION"},"content":{"rendered":"\t\t<div data-elementor-type=\"wp-post\" data-elementor-id=\"38784\" class=\"elementor elementor-38784\">\n\t\t\t\t\t\t<section class=\"elementor-section elementor-top-section elementor-element elementor-element-9dc5232 elementor-section-boxed elementor-section-height-default elementor-section-height-default\" data-id=\"9dc5232\" data-element_type=\"section\">\n\t\t\t\t\t\t<div class=\"elementor-container elementor-column-gap-default\">\n\t\t\t\t\t<div class=\"elementor-column elementor-col-100 elementor-top-column elementor-element elementor-element-82c1055\" data-id=\"82c1055\" data-element_type=\"column\">\n\t\t\t<div class=\"elementor-widget-wrap elementor-element-populated\">\n\t\t\t\t\t\t<div class=\"elementor-element elementor-element-4f7c6c5 elementor-widget elementor-widget-image\" data-id=\"4f7c6c5\" data-element_type=\"widget\" data-widget_type=\"image.default\">\n\t\t\t\t<div class=\"elementor-widget-container\">\n\t\t\t<style>\/*! elementor - v3.21.0 - 22-05-2024 *\/\n.elementor-widget-image{text-align:center}.elementor-widget-image a{display:inline-block}.elementor-widget-image a img[src$=\".svg\"]{width:48px}.elementor-widget-image img{vertical-align:middle;display:inline-block}<\/style>\t\t\t\t\t\t\t\t\t\t<img fetchpriority=\"high\" decoding=\"async\" width=\"1920\" height=\"1282\" src=\"https:\/\/www.topiom.com\/de\/wp-content\/uploads\/sites\/2\/2024\/07\/\u9884\u552e\u9875_01.jpg\" class=\"attachment-full size-full wp-image-38800\" alt=\"Holz-Schr\u00e4gbrett\" \/>\t\t\t\t\t\t\t\t\t\t\t\t\t<\/div>\n\t\t\t\t<\/div>\n\t\t\t\t\t<\/div>\n\t\t<\/div>\n\t\t\t\t\t<\/div>\n\t\t<\/section>\n\t\t\t\t<section class=\"elementor-section elementor-top-section elementor-element elementor-element-c9445a7 elementor-section-boxed elementor-section-height-default elementor-section-height-default\" data-id=\"c9445a7\" data-element_type=\"section\">\n\t\t\t\t\t\t<div class=\"elementor-container elementor-column-gap-default\">\n\t\t\t\t\t<div class=\"elementor-column elementor-col-100 elementor-top-column elementor-element elementor-element-8ece10f\" data-id=\"8ece10f\" data-element_type=\"column\">\n\t\t\t<div class=\"elementor-widget-wrap elementor-element-populated\">\n\t\t\t\t\t\t<div class=\"elementor-element elementor-element-1ef7f6a elementor-widget elementor-widget-image\" data-id=\"1ef7f6a\" data-element_type=\"widget\" data-widget_type=\"image.default\">\n\t\t\t\t<div class=\"elementor-widget-container\">\n\t\t\t\t\t\t\t\t\t\t\t\t\t<img decoding=\"async\" width=\"1920\" height=\"1644\" src=\"https:\/\/www.topiom.com\/de\/wp-content\/uploads\/sites\/2\/2024\/07\/\u9884\u552e\u9875_03.jpg\" class=\"attachment-full size-full wp-image-38802\" alt=\"Holz-Schr\u00e4gbrett Faltbar\" \/>\t\t\t\t\t\t\t\t\t\t\t\t\t<\/div>\n\t\t\t\t<\/div>\n\t\t\t\t\t<\/div>\n\t\t<\/div>\n\t\t\t\t\t<\/div>\n\t\t<\/section>\n\t\t\t\t<section class=\"elementor-section elementor-top-section elementor-element elementor-element-4361355 elementor-section-boxed elementor-section-height-default elementor-section-height-default\" data-id=\"4361355\" data-element_type=\"section\">\n\t\t\t\t\t\t<div class=\"elementor-container elementor-column-gap-default\">\n\t\t\t\t\t<div class=\"elementor-column elementor-col-100 elementor-top-column elementor-element elementor-element-60696dd\" data-id=\"60696dd\" data-element_type=\"column\">\n\t\t\t<div class=\"elementor-widget-wrap elementor-element-populated\">\n\t\t\t\t\t\t<div class=\"elementor-element elementor-element-bc59179 elementor-widget elementor-widget-image\" data-id=\"bc59179\" data-element_type=\"widget\" data-widget_type=\"image.default\">\n\t\t\t\t<div class=\"elementor-widget-container\">\n\t\t\t\t\t\t\t\t\t\t\t\t\t<img decoding=\"async\" width=\"1920\" height=\"1129\" src=\"https:\/\/www.topiom.com\/de\/wp-content\/uploads\/sites\/2\/2024\/07\/\u9884\u552e\u9875_04.jpg\" class=\"attachment-full size-full wp-image-38803\" alt=\"Holz-Schr\u00e4gbrett Winkelverstellung\" \/>\t\t\t\t\t\t\t\t\t\t\t\t\t<\/div>\n\t\t\t\t<\/div>\n\t\t\t\t\t<\/div>\n\t\t<\/div>\n\t\t\t\t\t<\/div>\n\t\t<\/section>\n\t\t\t\t<section class=\"elementor-section elementor-top-section elementor-element elementor-element-38672d0 elementor-section-boxed elementor-section-height-default elementor-section-height-default\" data-id=\"38672d0\" data-element_type=\"section\">\n\t\t\t\t\t\t<div class=\"elementor-container elementor-column-gap-default\">\n\t\t\t\t\t<div class=\"elementor-column elementor-col-100 elementor-top-column elementor-element elementor-element-7cd8439\" data-id=\"7cd8439\" data-element_type=\"column\">\n\t\t\t<div class=\"elementor-widget-wrap elementor-element-populated\">\n\t\t\t\t\t\t<div class=\"elementor-element elementor-element-494fc1f elementor-widget elementor-widget-image\" data-id=\"494fc1f\" data-element_type=\"widget\" data-widget_type=\"image.default\">\n\t\t\t\t<div class=\"elementor-widget-container\">\n\t\t\t\t\t\t\t\t\t\t\t\t\t<img loading=\"lazy\" decoding=\"async\" width=\"1920\" height=\"1343\" src=\"https:\/\/www.topiom.com\/de\/wp-content\/uploads\/sites\/2\/2024\/07\/\u9884\u552e\u9875_05.jpg\" class=\"attachment-full size-full wp-image-38804\" alt=\"Holz-Schr\u00e4gbrett dicke Stahl\" \/>\t\t\t\t\t\t\t\t\t\t\t\t\t<\/div>\n\t\t\t\t<\/div>\n\t\t\t\t<div class=\"elementor-element elementor-element-c29b79e elementor-widget elementor-widget-image\" data-id=\"c29b79e\" data-element_type=\"widget\" data-widget_type=\"image.default\">\n\t\t\t\t<div class=\"elementor-widget-container\">\n\t\t\t\t\t\t\t\t\t\t\t\t\t<img loading=\"lazy\" decoding=\"async\" width=\"1920\" height=\"1843\" src=\"https:\/\/www.topiom.com\/de\/wp-content\/uploads\/sites\/2\/2024\/07\/\u9884\u552e\u9875_06-22.jpg\" class=\"attachment-full size-full wp-image-38823\" alt=\"TOPIOM Holz-Schr\u00e4gbrett Maximale Belastung\" \/>\t\t\t\t\t\t\t\t\t\t\t\t\t<\/div>\n\t\t\t\t<\/div>\n\t\t\t\t\t<\/div>\n\t\t<\/div>\n\t\t\t\t\t<\/div>\n\t\t<\/section>\n\t\t\t\t<section class=\"elementor-section elementor-top-section elementor-element elementor-element-ae06aba elementor-section-boxed elementor-section-height-default elementor-section-height-default\" data-id=\"ae06aba\" data-element_type=\"section\">\n\t\t\t\t\t\t<div class=\"elementor-container elementor-column-gap-default\">\n\t\t\t\t\t<div class=\"elementor-column elementor-col-100 elementor-top-column elementor-element elementor-element-887113f\" data-id=\"887113f\" data-element_type=\"column\">\n\t\t\t<div class=\"elementor-widget-wrap elementor-element-populated\">\n\t\t\t\t\t\t<div class=\"elementor-element elementor-element-8b6bcaa elementor-widget elementor-widget-image\" data-id=\"8b6bcaa\" data-element_type=\"widget\" data-widget_type=\"image.default\">\n\t\t\t\t<div class=\"elementor-widget-container\">\n\t\t\t\t\t\t\t\t\t\t\t\t\t<img loading=\"lazy\" decoding=\"async\" width=\"1920\" height=\"2847\" src=\"https:\/\/www.topiom.com\/de\/wp-content\/uploads\/sites\/2\/2024\/07\/\u9884\u552e\u9875_07-scaled.jpg\" class=\"attachment-full size-full wp-image-38809\" alt=\"Holz-Schr\u00e4gbrett Anti-slip sandpaper\" \/>\t\t\t\t\t\t\t\t\t\t\t\t\t<\/div>\n\t\t\t\t<\/div>\n\t\t\t\t\t<\/div>\n\t\t<\/div>\n\t\t\t\t\t<\/div>\n\t\t<\/section>\n\t\t\t\t<section class=\"elementor-section elementor-top-section elementor-element elementor-element-0fb38ac elementor-section-boxed elementor-section-height-default elementor-section-height-default\" data-id=\"0fb38ac\" data-element_type=\"section\">\n\t\t\t\t\t\t<div class=\"elementor-container elementor-column-gap-default\">\n\t\t\t\t\t<div class=\"elementor-column elementor-col-100 elementor-top-column elementor-element elementor-element-109c562\" data-id=\"109c562\" data-element_type=\"column\">\n\t\t\t<div class=\"elementor-widget-wrap elementor-element-populated\">\n\t\t\t\t\t\t<div class=\"elementor-element elementor-element-4801bf4 elementor-widget elementor-widget-image\" data-id=\"4801bf4\" data-element_type=\"widget\" data-widget_type=\"image.default\">\n\t\t\t\t<div class=\"elementor-widget-container\">\n\t\t\t\t\t\t\t\t\t\t\t\t\t<img loading=\"lazy\" decoding=\"async\" width=\"1920\" height=\"1355\" src=\"https:\/\/www.topiom.com\/de\/wp-content\/uploads\/sites\/2\/2024\/07\/\u9884\u552e\u9875_08.jpg\" class=\"attachment-full size-full wp-image-38806\" alt=\"Holz-Schr\u00e4gbrett\" \/>\t\t\t\t\t\t\t\t\t\t\t\t\t<\/div>\n\t\t\t\t<\/div>\n\t\t\t\t\t<\/div>\n\t\t<\/div>\n\t\t\t\t\t<\/div>\n\t\t<\/section>\n\t\t\t\t<section class=\"elementor-section elementor-top-section elementor-element elementor-element-4bd8b0b elementor-section-boxed elementor-section-height-default elementor-section-height-default\" data-id=\"4bd8b0b\" data-element_type=\"section\">\n\t\t\t\t\t\t<div class=\"elementor-container elementor-column-gap-default\">\n\t\t\t\t\t<div class=\"elementor-column elementor-col-100 elementor-top-column elementor-element elementor-element-641a768\" data-id=\"641a768\" data-element_type=\"column\">\n\t\t\t<div class=\"elementor-widget-wrap elementor-element-populated\">\n\t\t\t\t\t\t<div class=\"elementor-element elementor-element-ce9cb5b elementor-widget elementor-widget-image\" data-id=\"ce9cb5b\" data-element_type=\"widget\" data-widget_type=\"image.default\">\n\t\t\t\t<div class=\"elementor-widget-container\">\n\t\t\t\t\t\t\t\t\t\t\t\t\t<img loading=\"lazy\" decoding=\"async\" width=\"1920\" height=\"957\" src=\"https:\/\/www.topiom.com\/de\/wp-content\/uploads\/sites\/2\/2024\/07\/\u9884\u552e\u9875_09.jpg\" class=\"attachment-full size-full wp-image-38807\" alt=\"Holz-Schr\u00e4gbrett Parameter\" \/>\t\t\t\t\t\t\t\t\t\t\t\t\t<\/div>\n\t\t\t\t<\/div>\n\t\t\t\t\t<\/div>\n\t\t<\/div>\n\t\t\t\t\t<\/div>\n\t\t<\/section>\n\t\t\t\t<\/div>\n\t\t","protected":false},"excerpt":{"rendered":"","protected":false},"featured_media":38786,"comment_status":"closed","ping_status":"closed","template":"","meta":[],"product_cat":[190],"product_tag":[],"class_list":{"0":"post-38784","1":"product","2":"type-product","3":"status-publish","4":"has-post-thumbnail","6":"product_cat-schraegbrett","9":"first","10":"instock","11":"sale","12":"taxable","13":"shipping-taxable","14":"purchasable","15":"product-type-simple"},"yoast_head":"<!-- This site is optimized with the Yoast SEO plugin v22.7 - https:\/\/yoast.com\/wordpress\/plugins\/seo\/ -->\n<title>TOPIOM HOLZ-SCHR\u00c4GBRETT GRUNDVERSION<\/title>\n<meta name=\"description\" content=\"Jetzt entdecken Sie TOPIOM Holz-Schr\u00e4gbrett Grundversion Zusammenfaltbar! Faltbar und tragbar, die erste Wahl f\u00fcr Ihr Heimtraining! Kaufen Sie jetzt!\" \/>\n<meta name=\"robots\" content=\"index, follow, max-snippet:-1, max-image-preview:large, max-video-preview:-1\" \/>\n<link rel=\"canonical\" href=\"https:\/\/www.topiom.com\/de\/product\/holz-schragbrett-grundversion\/\" \/>\n<meta property=\"og:locale\" content=\"de_DE\" \/>\n<meta property=\"og:type\" content=\"article\" \/>\n<meta property=\"og:title\" content=\"TOPIOM HOLZ-SCHR\u00c4GBRETT GRUNDVERSION\" \/>\n<meta property=\"og:description\" content=\"Jetzt entdecken Sie TOPIOM Holz-Schr\u00e4gbrett Grundversion Zusammenfaltbar! Faltbar und tragbar, die erste Wahl f\u00fcr Ihr Heimtraining! Kaufen Sie jetzt!\" \/>\n<meta property=\"og:url\" content=\"https:\/\/www.topiom.com\/de\/product\/holz-schragbrett-grundversion\/\" \/>\n<meta property=\"og:site_name\" content=\"Topiom Deutschland\" \/>\n<meta property=\"article:modified_time\" content=\"2025-11-13T20:44:28+00:00\" \/>\n<meta property=\"og:image\" content=\"https:\/\/www.topiom.com\/de\/wp-content\/uploads\/sites\/2\/2024\/07\/1600-1040-1.jpg\" \/>\n\t<meta property=\"og:image:width\" content=\"1600\" \/>\n\t<meta property=\"og:image:height\" content=\"1040\" \/>\n\t<meta property=\"og:image:type\" content=\"image\/jpeg\" \/>\n<meta name=\"twitter:card\" content=\"summary_large_image\" \/>\n<meta name=\"twitter:label1\" content=\"Gesch\u00e4tzte Lesezeit\" \/>\n\t<meta name=\"twitter:data1\" content=\"2 Minuten\" \/>\n<script type=\"application\/ld+json\" class=\"yoast-schema-graph\">{\"@context\":\"https:\/\/schema.org\",\"@graph\":[{\"@type\":\"WebPage\",\"@id\":\"https:\/\/www.topiom.com\/de\/product\/holz-schragbrett-grundversion\/\",\"url\":\"https:\/\/www.topiom.com\/de\/product\/holz-schragbrett-grundversion\/\",\"name\":\"TOPIOM HOLZ-SCHR\u00c4GBRETT GRUNDVERSION\",\"isPartOf\":{\"@id\":\"https:\/\/www.topiom.com\/de\/#website\"},\"primaryImageOfPage\":{\"@id\":\"https:\/\/www.topiom.com\/de\/product\/holz-schragbrett-grundversion\/#primaryimage\"},\"image\":{\"@id\":\"https:\/\/www.topiom.com\/de\/product\/holz-schragbrett-grundversion\/#primaryimage\"},\"thumbnailUrl\":\"https:\/\/www.topiom.com\/de\/wp-content\/uploads\/sites\/2\/2024\/07\/1600-1040-1.jpg\",\"datePublished\":\"2024-07-17T05:26:33+00:00\",\"dateModified\":\"2025-11-13T20:44:28+00:00\",\"description\":\"Jetzt entdecken Sie TOPIOM Holz-Schr\u00e4gbrett Grundversion Zusammenfaltbar! Faltbar und tragbar, die erste Wahl f\u00fcr Ihr Heimtraining! Kaufen Sie jetzt!\",\"breadcrumb\":{\"@id\":\"https:\/\/www.topiom.com\/de\/product\/holz-schragbrett-grundversion\/#breadcrumb\"},\"inLanguage\":\"de-DE\",\"potentialAction\":[{\"@type\":\"ReadAction\",\"target\":[\"https:\/\/www.topiom.com\/de\/product\/holz-schragbrett-grundversion\/\"]}]},{\"@type\":\"ImageObject\",\"inLanguage\":\"de-DE\",\"@id\":\"https:\/\/www.topiom.com\/de\/product\/holz-schragbrett-grundversion\/#primaryimage\",\"url\":\"https:\/\/www.topiom.com\/de\/wp-content\/uploads\/sites\/2\/2024\/07\/1600-1040-1.jpg\",\"contentUrl\":\"https:\/\/www.topiom.com\/de\/wp-content\/uploads\/sites\/2\/2024\/07\/1600-1040-1.jpg\",\"width\":1600,\"height\":1040,\"caption\":\"TOPIOM HOLZ-SCHR\u00c4GBRETT GRUNDVERSION\"},{\"@type\":\"BreadcrumbList\",\"@id\":\"https:\/\/www.topiom.com\/de\/product\/holz-schragbrett-grundversion\/#breadcrumb\",\"itemListElement\":[{\"@type\":\"ListItem\",\"position\":1,\"name\":\"Home\",\"item\":\"https:\/\/www.topiom.com\/de\/\"},{\"@type\":\"ListItem\",\"position\":2,\"name\":\"Shop\",\"item\":\"https:\/\/www.topiom.com\/de\/shop\/\"},{\"@type\":\"ListItem\",\"position\":3,\"name\":\"TOPIOM HOLZ-SCHR\u00c4GBRETT GRUNDVERSION\"}]},{\"@type\":\"WebSite\",\"@id\":\"https:\/\/www.topiom.com\/de\/#website\",\"url\":\"https:\/\/www.topiom.com\/de\/\",\"name\":\"Topiom Deutschland\",\"description\":\"Home Fitness leicht gemacht\",\"potentialAction\":[{\"@type\":\"SearchAction\",\"target\":{\"@type\":\"EntryPoint\",\"urlTemplate\":\"https:\/\/www.topiom.com\/de\/?s={search_term_string}\"},\"query-input\":\"required name=search_term_string\"}],\"inLanguage\":\"de-DE\"}]}<\/script>\n<!-- \/ Yoast SEO plugin. -->","yoast_head_json":{"title":"TOPIOM HOLZ-SCHR\u00c4GBRETT GRUNDVERSION","description":"Jetzt entdecken Sie TOPIOM Holz-Schr\u00e4gbrett Grundversion Zusammenfaltbar! Faltbar und tragbar, die erste Wahl f\u00fcr Ihr Heimtraining! Kaufen Sie jetzt!","robots":{"index":"index","follow":"follow","max-snippet":"max-snippet:-1","max-image-preview":"max-image-preview:large","max-video-preview":"max-video-preview:-1"},"canonical":"https:\/\/www.topiom.com\/de\/product\/holz-schragbrett-grundversion\/","og_locale":"de_DE","og_type":"article","og_title":"TOPIOM HOLZ-SCHR\u00c4GBRETT GRUNDVERSION","og_description":"Jetzt entdecken Sie TOPIOM Holz-Schr\u00e4gbrett Grundversion Zusammenfaltbar! Faltbar und tragbar, die erste Wahl f\u00fcr Ihr Heimtraining! Kaufen Sie jetzt!","og_url":"https:\/\/www.topiom.com\/de\/product\/holz-schragbrett-grundversion\/","og_site_name":"Topiom Deutschland","article_modified_time":"2025-11-13T20:44:28+00:00","og_image":[{"width":1600,"height":1040,"url":"https:\/\/www.topiom.com\/de\/wp-content\/uploads\/sites\/2\/2024\/07\/1600-1040-1.jpg","type":"image\/jpeg"}],"twitter_card":"summary_large_image","twitter_misc":{"Gesch\u00e4tzte Lesezeit":"2 Minuten"},"schema":{"@context":"https:\/\/schema.org","@graph":[{"@type":"WebPage","@id":"https:\/\/www.topiom.com\/de\/product\/holz-schragbrett-grundversion\/","url":"https:\/\/www.topiom.com\/de\/product\/holz-schragbrett-grundversion\/","name":"TOPIOM HOLZ-SCHR\u00c4GBRETT GRUNDVERSION","isPartOf":{"@id":"https:\/\/www.topiom.com\/de\/#website"},"primaryImageOfPage":{"@id":"https:\/\/www.topiom.com\/de\/product\/holz-schragbrett-grundversion\/#primaryimage"},"image":{"@id":"https:\/\/www.topiom.com\/de\/product\/holz-schragbrett-grundversion\/#primaryimage"},"thumbnailUrl":"https:\/\/www.topiom.com\/de\/wp-content\/uploads\/sites\/2\/2024\/07\/1600-1040-1.jpg","datePublished":"2024-07-17T05:26:33+00:00","dateModified":"2025-11-13T20:44:28+00:00","description":"Jetzt entdecken Sie TOPIOM Holz-Schr\u00e4gbrett Grundversion Zusammenfaltbar! Faltbar und tragbar, die erste Wahl f\u00fcr Ihr Heimtraining! Kaufen Sie jetzt!","breadcrumb":{"@id":"https:\/\/www.topiom.com\/de\/product\/holz-schragbrett-grundversion\/#breadcrumb"},"inLanguage":"de-DE","potentialAction":[{"@type":"ReadAction","target":["https:\/\/www.topiom.com\/de\/product\/holz-schragbrett-grundversion\/"]}]},{"@type":"ImageObject","inLanguage":"de-DE","@id":"https:\/\/www.topiom.com\/de\/product\/holz-schragbrett-grundversion\/#primaryimage","url":"https:\/\/www.topiom.com\/de\/wp-content\/uploads\/sites\/2\/2024\/07\/1600-1040-1.jpg","contentUrl":"https:\/\/www.topiom.com\/de\/wp-content\/uploads\/sites\/2\/2024\/07\/1600-1040-1.jpg","width":1600,"height":1040,"caption":"TOPIOM HOLZ-SCHR\u00c4GBRETT GRUNDVERSION"},{"@type":"BreadcrumbList","@id":"https:\/\/www.topiom.com\/de\/product\/holz-schragbrett-grundversion\/#breadcrumb","itemListElement":[{"@type":"ListItem","position":1,"name":"Home","item":"https:\/\/www.topiom.com\/de\/"},{"@type":"ListItem","position":2,"name":"Shop","item":"https:\/\/www.topiom.com\/de\/shop\/"},{"@type":"ListItem","position":3,"name":"TOPIOM HOLZ-SCHR\u00c4GBRETT GRUNDVERSION"}]},{"@type":"WebSite","@id":"https:\/\/www.topiom.com\/de\/#website","url":"https:\/\/www.topiom.com\/de\/","name":"Topiom Deutschland","description":"Home Fitness leicht gemacht","potentialAction":[{"@type":"SearchAction","target":{"@type":"EntryPoint","urlTemplate":"https:\/\/www.topiom.com\/de\/?s={search_term_string}"},"query-input":"required name=search_term_string"}],"inLanguage":"de-DE"}]}},"jetpack_sharing_enabled":true,"_links":{"self":[{"href":"https:\/\/www.topiom.com\/de\/wp-json\/wp\/v2\/product\/38784"}],"collection":[{"href":"https:\/\/www.topiom.com\/de\/wp-json\/wp\/v2\/product"}],"about":[{"href":"https:\/\/www.topiom.com\/de\/wp-json\/wp\/v2\/types\/product"}],"replies":[{"embeddable":true,"href":"https:\/\/www.topiom.com\/de\/wp-json\/wp\/v2\/comments?post=38784"}],"version-history":[{"count":24,"href":"https:\/\/www.topiom.com\/de\/wp-json\/wp\/v2\/product\/38784\/revisions"}],"predecessor-version":[{"id":40339,"href":"https:\/\/www.topiom.com\/de\/wp-json\/wp\/v2\/product\/38784\/revisions\/40339"}],"wp:featuredmedia":[{"embeddable":true,"href":"https:\/\/www.topiom.com\/de\/wp-json\/wp\/v2\/media\/38786"}],"wp:attachment":[{"href":"https:\/\/www.topiom.com\/de\/wp-json\/wp\/v2\/media?parent=38784"}],"wp:term":[{"taxonomy":"product_cat","embeddable":true,"href":"https:\/\/www.topiom.com\/de\/wp-json\/wp\/v2\/product_cat?post=38784"},{"taxonomy":"product_tag","embeddable":true,"href":"https:\/\/www.topiom.com\/de\/wp-json\/wp\/v2\/product_tag?post=38784"}],"curies":[{"name":"wp","href":"https:\/\/api.w.org\/{rel}","templated":true}]}}