{"id":39027,"date":"2024-08-12T10:48:19","date_gmt":"2024-08-12T08:48:19","guid":{"rendered":"https:\/\/www.topiom.com\/de\/?post_type=product&#038;p=39027"},"modified":"2026-01-15T03:02:45","modified_gmt":"2026-01-15T02:02:45","slug":"topiom-griff-fuer-rudergeraet","status":"publish","type":"product","link":"https:\/\/www.topiom.com\/de\/product\/topiom-griff-fuer-rudergeraet\/","title":{"rendered":"TOPIOM Griff f\u00fcr Ruderger\u00e4t"},"content":{"rendered":"<table class=\"a-normal a-spacing-micro\" style=\"height: 275px;\" width=\"694\">\n<tbody>\n<tr class=\"a-spacing-small po-special_feature\">\n<td class=\"a-span3\"><strong>Besonderes Merkmal<\/strong><\/td>\n<td class=\"a-span9\">Einfache Montage<\/td>\n<\/tr>\n<tr class=\"a-spacing-small po-color\">\n<td class=\"a-span3\"><strong>Farbe<\/strong><\/td>\n<td class=\"a-span9\">Schwarznuss<\/td>\n<\/tr>\n<tr class=\"a-spacing-small po-resistance_mechanism\">\n<td class=\"a-span3\"><strong>Widerstandsmechanismus<\/strong><\/td>\n<td class=\"a-span9\">Wasser<\/td>\n<\/tr>\n<tr class=\"a-spacing-small po-item_depth_width_height\">\n<td class=\"a-span3\"><strong>Produktabmessungen<\/strong><\/td>\n<td class=\"a-span9\">4,3 cm Tiefe x 42 cm Breite x 3 cm H\u00f6he<\/td>\n<\/tr>\n<tr class=\"a-spacing-small po-maximum_weight_recommendation\">\n<td class=\"a-span3\"><strong>Maximale Gewichtsempfehlung<\/strong><\/td>\n<td class=\"a-span9\">400 Pfund<\/td>\n<\/tr>\n<tr class=\"a-spacing-small po-model_name\">\n<td class=\"a-span3\"><strong>Modellname<\/strong><\/td>\n<td class=\"a-span9\">Griff f\u00fcr Ruderger\u00e4t<\/td>\n<\/tr>\n<tr class=\"a-spacing-small po-frame.material\">\n<td class=\"a-span3\"><strong>Rahmenmaterial<\/strong><\/td>\n<td class=\"a-span9\">Massivholz<\/td>\n<\/tr>\n<tr class=\"a-spacing-small po-item_weight\">\n<td class=\"a-span3\"><strong>Artikelgewicht<\/strong><\/td>\n<td class=\"a-span9\">600 Gramm<\/td>\n<\/tr>\n<tr class=\"a-spacing-small po-material\">\n<td class=\"a-span3\"><strong>Material<\/strong><\/td>\n<td class=\"a-span9\" style=\"text-align: left;\">Massivholz<\/td>\n<\/tr>\n<\/tbody>\n<\/table>\n<p>&nbsp;<\/p>\n<p>\u3010<strong>Hochwertiges Massivholz aus Roteiche<\/strong>\u3011Der Griff der TOPIOM-Ruderger\u00e4t ist aus hochwertigem Massivholz aus Roteiche gefertigt, von Hand poliert und sorgf\u00e4ltig verarbeitet, sodass er f\u00fcr verschiedene Holzruderger\u00e4te geeignet ist.<\/p>\n<p>\u3010<strong>Ergonomischer Griff<\/strong>\u3011Der Griff des TOPIOM-Wasserruderger\u00e4ts ist ergonomisch gestaltet, passt sich nahtlos Ihren H\u00e4nden an und sorgt f\u00fcr Komfort w\u00e4hrend des Trainings.<\/p>\n<p>\u3010<strong>Fortschrittliche Schutzabdeckung aus Kunstleder<\/strong>\u3011Auf den TOPIOM-Griff ist geschickt eine hochwertige Kunstleder-Schutzabdeckung gen\u00e4ht. Diese Abdeckung verhindert nicht nur das Verrutschen w\u00e4hrend des Trainings, sondern erh\u00f6ht auch den Komfort und sorgt f\u00fcr die Sicherheit Ihrer H\u00e4nde.<\/p>\n<p>\u3010<strong>Kundendienst<\/strong>\u3011TOPIOM ist bestrebt, professionelles Fitness-Equipment und Zubeh\u00f6r f\u00fcr zu Hause anzubieten, wobei der Benutzerkomfort im Vordergrund steht. Wenn Sie Fragen haben, z\u00f6gern Sie nicht, uns zu kontaktieren, und wir werden innerhalb von 24 Stunden antworten. Die Zufriedenheit unserer Kunden hat f\u00fcr TOPIOM stets oberste Priorit\u00e4t. Wir laden Sie ein, Ihre Benutzererfahrungen mit uns zu teilen. Lassen Sie uns gemeinsam daran arbeiten, die beste Version unserer selbst zu sein.<\/p>\n","protected":false},"excerpt":{"rendered":"<p>Bitte beachten Sie: Die Lieferzeit f\u00fcr dieses Produkt betr\u00e4gt 7-15 Tage.<\/p>\n<p>Bitte ber\u00fccksichtigen Sie dies vor der Bestellung.<\/p>\n<p>F\u00fcr alle Anfragen wenden Sie sich bitte per E-Mail an unser Kundenserviceteam: <a rel=\"noreferrer\">support@topiom.com<\/a><\/p>\n","protected":false},"featured_media":39029,"comment_status":"closed","ping_status":"closed","template":"","meta":[],"product_cat":[153],"product_tag":[],"class_list":{"0":"post-39027","1":"product","2":"type-product","3":"status-publish","4":"has-post-thumbnail","6":"product_cat-zubehoer","9":"first","10":"outofstock","11":"taxable","12":"shipping-taxable","13":"purchasable","14":"product-type-simple"},"yoast_head":"<!-- This site is optimized with the Yoast SEO plugin v22.7 - https:\/\/yoast.com\/wordpress\/plugins\/seo\/ -->\n<title>TOPIOM Griff f\u00fcr Ruderger\u00e4t - Topiom Deutschland<\/title>\n<meta name=\"description\" content=\"TOPIOM Griff f\u00fcr Ruderger\u00e4t - Topiom Deutschland\" \/>\n<meta name=\"robots\" content=\"index, follow, max-snippet:-1, max-image-preview:large, max-video-preview:-1\" \/>\n<link rel=\"canonical\" href=\"https:\/\/www.topiom.com\/de\/product\/topiom-griff-fuer-rudergeraet\/\" \/>\n<meta property=\"og:locale\" content=\"de_DE\" \/>\n<meta property=\"og:type\" content=\"article\" \/>\n<meta property=\"og:title\" content=\"TOPIOM Griff f\u00fcr Ruderger\u00e4t - Topiom Deutschland\" \/>\n<meta property=\"og:description\" content=\"TOPIOM Griff f\u00fcr Ruderger\u00e4t - Topiom Deutschland\" \/>\n<meta property=\"og:url\" content=\"https:\/\/www.topiom.com\/de\/product\/topiom-griff-fuer-rudergeraet\/\" \/>\n<meta property=\"og:site_name\" content=\"Topiom Deutschland\" \/>\n<meta property=\"article:modified_time\" content=\"2026-01-15T02:02:45+00:00\" \/>\n<meta property=\"og:image\" content=\"https:\/\/www.topiom.com\/de\/wp-content\/uploads\/sites\/2\/2024\/08\/11.jpg\" \/>\n\t<meta property=\"og:image:width\" content=\"1600\" \/>\n\t<meta property=\"og:image:height\" content=\"1600\" \/>\n\t<meta property=\"og:image:type\" content=\"image\/jpeg\" \/>\n<meta name=\"twitter:card\" content=\"summary_large_image\" \/>\n<meta name=\"twitter:label1\" content=\"Gesch\u00e4tzte Lesezeit\" \/>\n\t<meta name=\"twitter:data1\" content=\"2 Minuten\" \/>\n<script type=\"application\/ld+json\" class=\"yoast-schema-graph\">{\"@context\":\"https:\/\/schema.org\",\"@graph\":[{\"@type\":\"WebPage\",\"@id\":\"https:\/\/www.topiom.com\/de\/product\/topiom-griff-fuer-rudergeraet\/\",\"url\":\"https:\/\/www.topiom.com\/de\/product\/topiom-griff-fuer-rudergeraet\/\",\"name\":\"TOPIOM Griff f\u00fcr Ruderger\u00e4t - Topiom Deutschland\",\"isPartOf\":{\"@id\":\"https:\/\/www.topiom.com\/de\/#website\"},\"primaryImageOfPage\":{\"@id\":\"https:\/\/www.topiom.com\/de\/product\/topiom-griff-fuer-rudergeraet\/#primaryimage\"},\"image\":{\"@id\":\"https:\/\/www.topiom.com\/de\/product\/topiom-griff-fuer-rudergeraet\/#primaryimage\"},\"thumbnailUrl\":\"https:\/\/www.topiom.com\/de\/wp-content\/uploads\/sites\/2\/2024\/08\/11.jpg\",\"datePublished\":\"2024-08-12T08:48:19+00:00\",\"dateModified\":\"2026-01-15T02:02:45+00:00\",\"description\":\"TOPIOM Griff f\u00fcr Ruderger\u00e4t - Topiom Deutschland\",\"breadcrumb\":{\"@id\":\"https:\/\/www.topiom.com\/de\/product\/topiom-griff-fuer-rudergeraet\/#breadcrumb\"},\"inLanguage\":\"de-DE\",\"potentialAction\":[{\"@type\":\"ReadAction\",\"target\":[\"https:\/\/www.topiom.com\/de\/product\/topiom-griff-fuer-rudergeraet\/\"]}]},{\"@type\":\"ImageObject\",\"inLanguage\":\"de-DE\",\"@id\":\"https:\/\/www.topiom.com\/de\/product\/topiom-griff-fuer-rudergeraet\/#primaryimage\",\"url\":\"https:\/\/www.topiom.com\/de\/wp-content\/uploads\/sites\/2\/2024\/08\/11.jpg\",\"contentUrl\":\"https:\/\/www.topiom.com\/de\/wp-content\/uploads\/sites\/2\/2024\/08\/11.jpg\",\"width\":1600,\"height\":1600,\"caption\":\"TOPIOM Griff f\u00fcr Ruderger\u00e4t\"},{\"@type\":\"BreadcrumbList\",\"@id\":\"https:\/\/www.topiom.com\/de\/product\/topiom-griff-fuer-rudergeraet\/#breadcrumb\",\"itemListElement\":[{\"@type\":\"ListItem\",\"position\":1,\"name\":\"Home\",\"item\":\"https:\/\/www.topiom.com\/de\/\"},{\"@type\":\"ListItem\",\"position\":2,\"name\":\"Shop\",\"item\":\"https:\/\/www.topiom.com\/de\/shop\/\"},{\"@type\":\"ListItem\",\"position\":3,\"name\":\"TOPIOM Griff f\u00fcr Ruderger\u00e4t\"}]},{\"@type\":\"WebSite\",\"@id\":\"https:\/\/www.topiom.com\/de\/#website\",\"url\":\"https:\/\/www.topiom.com\/de\/\",\"name\":\"Topiom Deutschland\",\"description\":\"Home Fitness leicht gemacht\",\"potentialAction\":[{\"@type\":\"SearchAction\",\"target\":{\"@type\":\"EntryPoint\",\"urlTemplate\":\"https:\/\/www.topiom.com\/de\/?s={search_term_string}\"},\"query-input\":\"required name=search_term_string\"}],\"inLanguage\":\"de-DE\"}]}<\/script>\n<!-- \/ Yoast SEO plugin. -->","yoast_head_json":{"title":"TOPIOM Griff f\u00fcr Ruderger\u00e4t - Topiom Deutschland","description":"TOPIOM Griff f\u00fcr Ruderger\u00e4t - Topiom Deutschland","robots":{"index":"index","follow":"follow","max-snippet":"max-snippet:-1","max-image-preview":"max-image-preview:large","max-video-preview":"max-video-preview:-1"},"canonical":"https:\/\/www.topiom.com\/de\/product\/topiom-griff-fuer-rudergeraet\/","og_locale":"de_DE","og_type":"article","og_title":"TOPIOM Griff f\u00fcr Ruderger\u00e4t - Topiom Deutschland","og_description":"TOPIOM Griff f\u00fcr Ruderger\u00e4t - Topiom Deutschland","og_url":"https:\/\/www.topiom.com\/de\/product\/topiom-griff-fuer-rudergeraet\/","og_site_name":"Topiom Deutschland","article_modified_time":"2026-01-15T02:02:45+00:00","og_image":[{"width":1600,"height":1600,"url":"https:\/\/www.topiom.com\/de\/wp-content\/uploads\/sites\/2\/2024\/08\/11.jpg","type":"image\/jpeg"}],"twitter_card":"summary_large_image","twitter_misc":{"Gesch\u00e4tzte Lesezeit":"2 Minuten"},"schema":{"@context":"https:\/\/schema.org","@graph":[{"@type":"WebPage","@id":"https:\/\/www.topiom.com\/de\/product\/topiom-griff-fuer-rudergeraet\/","url":"https:\/\/www.topiom.com\/de\/product\/topiom-griff-fuer-rudergeraet\/","name":"TOPIOM Griff f\u00fcr Ruderger\u00e4t - Topiom Deutschland","isPartOf":{"@id":"https:\/\/www.topiom.com\/de\/#website"},"primaryImageOfPage":{"@id":"https:\/\/www.topiom.com\/de\/product\/topiom-griff-fuer-rudergeraet\/#primaryimage"},"image":{"@id":"https:\/\/www.topiom.com\/de\/product\/topiom-griff-fuer-rudergeraet\/#primaryimage"},"thumbnailUrl":"https:\/\/www.topiom.com\/de\/wp-content\/uploads\/sites\/2\/2024\/08\/11.jpg","datePublished":"2024-08-12T08:48:19+00:00","dateModified":"2026-01-15T02:02:45+00:00","description":"TOPIOM Griff f\u00fcr Ruderger\u00e4t - Topiom Deutschland","breadcrumb":{"@id":"https:\/\/www.topiom.com\/de\/product\/topiom-griff-fuer-rudergeraet\/#breadcrumb"},"inLanguage":"de-DE","potentialAction":[{"@type":"ReadAction","target":["https:\/\/www.topiom.com\/de\/product\/topiom-griff-fuer-rudergeraet\/"]}]},{"@type":"ImageObject","inLanguage":"de-DE","@id":"https:\/\/www.topiom.com\/de\/product\/topiom-griff-fuer-rudergeraet\/#primaryimage","url":"https:\/\/www.topiom.com\/de\/wp-content\/uploads\/sites\/2\/2024\/08\/11.jpg","contentUrl":"https:\/\/www.topiom.com\/de\/wp-content\/uploads\/sites\/2\/2024\/08\/11.jpg","width":1600,"height":1600,"caption":"TOPIOM Griff f\u00fcr Ruderger\u00e4t"},{"@type":"BreadcrumbList","@id":"https:\/\/www.topiom.com\/de\/product\/topiom-griff-fuer-rudergeraet\/#breadcrumb","itemListElement":[{"@type":"ListItem","position":1,"name":"Home","item":"https:\/\/www.topiom.com\/de\/"},{"@type":"ListItem","position":2,"name":"Shop","item":"https:\/\/www.topiom.com\/de\/shop\/"},{"@type":"ListItem","position":3,"name":"TOPIOM Griff f\u00fcr Ruderger\u00e4t"}]},{"@type":"WebSite","@id":"https:\/\/www.topiom.com\/de\/#website","url":"https:\/\/www.topiom.com\/de\/","name":"Topiom Deutschland","description":"Home Fitness leicht gemacht","potentialAction":[{"@type":"SearchAction","target":{"@type":"EntryPoint","urlTemplate":"https:\/\/www.topiom.com\/de\/?s={search_term_string}"},"query-input":"required name=search_term_string"}],"inLanguage":"de-DE"}]}},"jetpack_sharing_enabled":true,"_links":{"self":[{"href":"https:\/\/www.topiom.com\/de\/wp-json\/wp\/v2\/product\/39027"}],"collection":[{"href":"https:\/\/www.topiom.com\/de\/wp-json\/wp\/v2\/product"}],"about":[{"href":"https:\/\/www.topiom.com\/de\/wp-json\/wp\/v2\/types\/product"}],"replies":[{"embeddable":true,"href":"https:\/\/www.topiom.com\/de\/wp-json\/wp\/v2\/comments?post=39027"}],"version-history":[{"count":2,"href":"https:\/\/www.topiom.com\/de\/wp-json\/wp\/v2\/product\/39027\/revisions"}],"predecessor-version":[{"id":39034,"href":"https:\/\/www.topiom.com\/de\/wp-json\/wp\/v2\/product\/39027\/revisions\/39034"}],"wp:featuredmedia":[{"embeddable":true,"href":"https:\/\/www.topiom.com\/de\/wp-json\/wp\/v2\/media\/39029"}],"wp:attachment":[{"href":"https:\/\/www.topiom.com\/de\/wp-json\/wp\/v2\/media?parent=39027"}],"wp:term":[{"taxonomy":"product_cat","embeddable":true,"href":"https:\/\/www.topiom.com\/de\/wp-json\/wp\/v2\/product_cat?post=39027"},{"taxonomy":"product_tag","embeddable":true,"href":"https:\/\/www.topiom.com\/de\/wp-json\/wp\/v2\/product_tag?post=39027"}],"curies":[{"name":"wp","href":"https:\/\/api.w.org\/{rel}","templated":true}]}}