{"id":41506,"date":"2025-11-17T03:30:02","date_gmt":"2025-11-17T02:30:02","guid":{"rendered":"https:\/\/www.topiom.com\/de\/?post_type=product&#038;p=41506"},"modified":"2026-02-09T11:01:23","modified_gmt":"2026-02-09T10:01:23","slug":"30kg-hantelset","status":"publish","type":"product","link":"https:\/\/www.topiom.com\/de\/product\/30kg-hantelset\/","title":{"rendered":"30kg Hantelset mit Verbindungsstange"},"content":{"rendered":"<h2 class=\"a-size-base-plus a-text-bold\">Info zu diesem Artikel<\/h2>\n<ul class=\"a-unordered-list a-vertical a-spacing-mini\">\n<li class=\"a-spacing-mini\"><span class=\"a-list-item\">Komplettes 30kg Hantelset \u2014 Ideal f\u00fcr effektives Krafttraining zu Hause; robustes Metall mit elegantem Schwarz-Rot Finish.<\/span><\/li>\n<li class=\"a-spacing-mini\"><span class=\"a-list-item\">2-in-1 Trainingssystem \u2014 Mit der mitgelieferten Verbindungsstange einfach zwischen Kurzhantel und Langhantel wechseln; vielseitig f\u00fcr Bankdr\u00fccken, Kniebeugen, Schulterdr\u00fccken und Curls.<\/span><\/li>\n<li class=\"a-spacing-mini\"><span class=\"a-list-item\">Platzsparendes Design \u2014 Kompakt (40&#215;17 cm), perfekt f\u00fcr Heimtrainingsr\u00e4ume mit begrenztem Platz, einfach zu lagern.<\/span><\/li>\n<li class=\"a-spacing-mini\"><span class=\"a-list-item\">F\u00f6rdert Muskelkoordination &amp; Kraft \u2014 Trainiert stabilisierende Muskeln und verbessert die intermuskul\u00e4re Koordination; erm\u00f6glicht progressives Krafttraining.<\/span><\/li>\n<li class=\"a-spacing-mini\"><span class=\"a-list-item\">Professionelle Ergebnisse zu Hause \u2014 Gym-Qualit\u00e4t Workouts ohne Studio; ideal f\u00fcr Muskelaufbau, Verletzungspr\u00e4vention und allgemeine Fitnesssteigerung.<\/span><\/li>\n<\/ul>\n<h2 class=\"default\">Produktbeschreibungen<\/h2>\n<div id=\"productDescription\" class=\"a-section a-spacing-small\">\n<p><strong>Produktvorteile<\/strong>:<\/p>\n<p>2 x Langhanteln<br \/>\n2 x Doppelverschl\u00fcsse<br \/>\n1 x Verbindungsrohr<br \/>\nScheiben mit bodenschonender Kunststoffummantelung<br \/>\nVerbindungsrohr mit 1,5 cm dickem Schaumstoff<br \/>\nLanghantel aus Eisen und Kunststoff<br \/>\nMit Zement gef\u00fcllte PVC-Gewichte<br \/>\nDoppelverschl\u00fcsse sorgen f\u00fcr sicheren Halt der Gewichte<br \/>\nErgonomisches Design<br \/>\nFarbe: Rot, Schwarz<\/p>\n<p><strong>Gewichtsangaben<\/strong>:<\/p>\n<p>30 kg:<br \/>\n4 x 2,5 kg<br \/>\n4 x 2,0 kg<br \/>\n4 x 1,5 kg<br \/>\n4 x 1,25 kg<\/p>\n<\/div>\n","protected":false},"excerpt":{"rendered":"<p>Info zu diesem Artikel Komplettes 30kg Hantelset \u2014 Ideal f\u00fcr effektives Krafttraining zu Hause; robustes Metall mit elegantem Schwarz-Rot Finish. 2-in-1 Trainingssystem \u2014 Mit der mitgelieferten Verbindungsstange einfach zwischen Kurzhantel und Langhantel wechseln; vielseitig f\u00fcr Bankdr\u00fccken, Kniebeugen, Schulterdr\u00fccken und Curls. Platzsparendes Design \u2014 Kompakt (40&#215;17 cm), perfekt f\u00fcr Heimtrainingsr\u00e4ume mit begrenztem Platz, einfach zu lagern. [&hellip;]<\/p>\n","protected":false},"featured_media":41509,"comment_status":"closed","ping_status":"closed","template":"","meta":[],"product_cat":[183,153],"product_tag":[],"class_list":{"0":"post-41506","1":"product","2":"type-product","3":"status-publish","4":"has-post-thumbnail","6":"product_cat-top-angebot","7":"product_cat-zubehoer","10":"first","11":"instock","12":"sale","13":"taxable","14":"shipping-taxable","15":"purchasable","16":"product-type-simple"},"yoast_head":"<!-- This site is optimized with the Yoast SEO plugin v22.7 - https:\/\/yoast.com\/wordpress\/plugins\/seo\/ -->\n<title>30kg Hantelset mit Verbindungsstange - Topiom Deutschland<\/title>\n<meta name=\"description\" content=\"30kg Hantelset mit Verbindungsstange - Topiom Deutschland\" \/>\n<meta name=\"robots\" content=\"index, follow, max-snippet:-1, max-image-preview:large, max-video-preview:-1\" \/>\n<link rel=\"canonical\" href=\"https:\/\/www.topiom.com\/de\/product\/30kg-hantelset\/\" \/>\n<meta property=\"og:locale\" content=\"de_DE\" \/>\n<meta property=\"og:type\" content=\"article\" \/>\n<meta property=\"og:title\" content=\"30kg Hantelset mit Verbindungsstange - Topiom Deutschland\" \/>\n<meta property=\"og:description\" content=\"30kg Hantelset mit Verbindungsstange - Topiom Deutschland\" \/>\n<meta property=\"og:url\" content=\"https:\/\/www.topiom.com\/de\/product\/30kg-hantelset\/\" \/>\n<meta property=\"og:site_name\" content=\"Topiom Deutschland\" \/>\n<meta property=\"article:modified_time\" content=\"2026-02-09T10:01:23+00:00\" \/>\n<meta property=\"og:image\" content=\"https:\/\/www.topiom.com\/de\/wp-content\/uploads\/sites\/2\/2025\/11\/30kg-Hantelset-mit-Verbindungsstange-1.jpg\" \/>\n\t<meta property=\"og:image:width\" content=\"1600\" \/>\n\t<meta property=\"og:image:height\" content=\"1600\" \/>\n\t<meta property=\"og:image:type\" content=\"image\/jpeg\" \/>\n<meta name=\"twitter:card\" content=\"summary_large_image\" \/>\n<meta name=\"twitter:label1\" content=\"Gesch\u00e4tzte Lesezeit\" \/>\n\t<meta name=\"twitter:data1\" content=\"1 Minute\" \/>\n<script type=\"application\/ld+json\" class=\"yoast-schema-graph\">{\"@context\":\"https:\/\/schema.org\",\"@graph\":[{\"@type\":\"WebPage\",\"@id\":\"https:\/\/www.topiom.com\/de\/product\/30kg-hantelset\/\",\"url\":\"https:\/\/www.topiom.com\/de\/product\/30kg-hantelset\/\",\"name\":\"30kg Hantelset mit Verbindungsstange - Topiom Deutschland\",\"isPartOf\":{\"@id\":\"https:\/\/www.topiom.com\/de\/#website\"},\"primaryImageOfPage\":{\"@id\":\"https:\/\/www.topiom.com\/de\/product\/30kg-hantelset\/#primaryimage\"},\"image\":{\"@id\":\"https:\/\/www.topiom.com\/de\/product\/30kg-hantelset\/#primaryimage\"},\"thumbnailUrl\":\"https:\/\/www.topiom.com\/de\/wp-content\/uploads\/sites\/2\/2025\/11\/30kg-Hantelset-mit-Verbindungsstange-1.jpg\",\"datePublished\":\"2025-11-17T02:30:02+00:00\",\"dateModified\":\"2026-02-09T10:01:23+00:00\",\"description\":\"30kg Hantelset mit Verbindungsstange - Topiom Deutschland\",\"breadcrumb\":{\"@id\":\"https:\/\/www.topiom.com\/de\/product\/30kg-hantelset\/#breadcrumb\"},\"inLanguage\":\"de-DE\",\"potentialAction\":[{\"@type\":\"ReadAction\",\"target\":[\"https:\/\/www.topiom.com\/de\/product\/30kg-hantelset\/\"]}]},{\"@type\":\"ImageObject\",\"inLanguage\":\"de-DE\",\"@id\":\"https:\/\/www.topiom.com\/de\/product\/30kg-hantelset\/#primaryimage\",\"url\":\"https:\/\/www.topiom.com\/de\/wp-content\/uploads\/sites\/2\/2025\/11\/30kg-Hantelset-mit-Verbindungsstange-1.jpg\",\"contentUrl\":\"https:\/\/www.topiom.com\/de\/wp-content\/uploads\/sites\/2\/2025\/11\/30kg-Hantelset-mit-Verbindungsstange-1.jpg\",\"width\":1600,\"height\":1600,\"caption\":\"30kg Hantelset\"},{\"@type\":\"BreadcrumbList\",\"@id\":\"https:\/\/www.topiom.com\/de\/product\/30kg-hantelset\/#breadcrumb\",\"itemListElement\":[{\"@type\":\"ListItem\",\"position\":1,\"name\":\"Home\",\"item\":\"https:\/\/www.topiom.com\/de\/\"},{\"@type\":\"ListItem\",\"position\":2,\"name\":\"Shop\",\"item\":\"https:\/\/www.topiom.com\/de\/shop\/\"},{\"@type\":\"ListItem\",\"position\":3,\"name\":\"30kg Hantelset mit Verbindungsstange\"}]},{\"@type\":\"WebSite\",\"@id\":\"https:\/\/www.topiom.com\/de\/#website\",\"url\":\"https:\/\/www.topiom.com\/de\/\",\"name\":\"Topiom Deutschland\",\"description\":\"Home Fitness leicht gemacht\",\"potentialAction\":[{\"@type\":\"SearchAction\",\"target\":{\"@type\":\"EntryPoint\",\"urlTemplate\":\"https:\/\/www.topiom.com\/de\/?s={search_term_string}\"},\"query-input\":\"required name=search_term_string\"}],\"inLanguage\":\"de-DE\"}]}<\/script>\n<!-- \/ Yoast SEO plugin. -->","yoast_head_json":{"title":"30kg Hantelset mit Verbindungsstange - Topiom Deutschland","description":"30kg Hantelset mit Verbindungsstange - Topiom Deutschland","robots":{"index":"index","follow":"follow","max-snippet":"max-snippet:-1","max-image-preview":"max-image-preview:large","max-video-preview":"max-video-preview:-1"},"canonical":"https:\/\/www.topiom.com\/de\/product\/30kg-hantelset\/","og_locale":"de_DE","og_type":"article","og_title":"30kg Hantelset mit Verbindungsstange - Topiom Deutschland","og_description":"30kg Hantelset mit Verbindungsstange - Topiom Deutschland","og_url":"https:\/\/www.topiom.com\/de\/product\/30kg-hantelset\/","og_site_name":"Topiom Deutschland","article_modified_time":"2026-02-09T10:01:23+00:00","og_image":[{"width":1600,"height":1600,"url":"https:\/\/www.topiom.com\/de\/wp-content\/uploads\/sites\/2\/2025\/11\/30kg-Hantelset-mit-Verbindungsstange-1.jpg","type":"image\/jpeg"}],"twitter_card":"summary_large_image","twitter_misc":{"Gesch\u00e4tzte Lesezeit":"1 Minute"},"schema":{"@context":"https:\/\/schema.org","@graph":[{"@type":"WebPage","@id":"https:\/\/www.topiom.com\/de\/product\/30kg-hantelset\/","url":"https:\/\/www.topiom.com\/de\/product\/30kg-hantelset\/","name":"30kg Hantelset mit Verbindungsstange - Topiom Deutschland","isPartOf":{"@id":"https:\/\/www.topiom.com\/de\/#website"},"primaryImageOfPage":{"@id":"https:\/\/www.topiom.com\/de\/product\/30kg-hantelset\/#primaryimage"},"image":{"@id":"https:\/\/www.topiom.com\/de\/product\/30kg-hantelset\/#primaryimage"},"thumbnailUrl":"https:\/\/www.topiom.com\/de\/wp-content\/uploads\/sites\/2\/2025\/11\/30kg-Hantelset-mit-Verbindungsstange-1.jpg","datePublished":"2025-11-17T02:30:02+00:00","dateModified":"2026-02-09T10:01:23+00:00","description":"30kg Hantelset mit Verbindungsstange - Topiom Deutschland","breadcrumb":{"@id":"https:\/\/www.topiom.com\/de\/product\/30kg-hantelset\/#breadcrumb"},"inLanguage":"de-DE","potentialAction":[{"@type":"ReadAction","target":["https:\/\/www.topiom.com\/de\/product\/30kg-hantelset\/"]}]},{"@type":"ImageObject","inLanguage":"de-DE","@id":"https:\/\/www.topiom.com\/de\/product\/30kg-hantelset\/#primaryimage","url":"https:\/\/www.topiom.com\/de\/wp-content\/uploads\/sites\/2\/2025\/11\/30kg-Hantelset-mit-Verbindungsstange-1.jpg","contentUrl":"https:\/\/www.topiom.com\/de\/wp-content\/uploads\/sites\/2\/2025\/11\/30kg-Hantelset-mit-Verbindungsstange-1.jpg","width":1600,"height":1600,"caption":"30kg Hantelset"},{"@type":"BreadcrumbList","@id":"https:\/\/www.topiom.com\/de\/product\/30kg-hantelset\/#breadcrumb","itemListElement":[{"@type":"ListItem","position":1,"name":"Home","item":"https:\/\/www.topiom.com\/de\/"},{"@type":"ListItem","position":2,"name":"Shop","item":"https:\/\/www.topiom.com\/de\/shop\/"},{"@type":"ListItem","position":3,"name":"30kg Hantelset mit Verbindungsstange"}]},{"@type":"WebSite","@id":"https:\/\/www.topiom.com\/de\/#website","url":"https:\/\/www.topiom.com\/de\/","name":"Topiom Deutschland","description":"Home Fitness leicht gemacht","potentialAction":[{"@type":"SearchAction","target":{"@type":"EntryPoint","urlTemplate":"https:\/\/www.topiom.com\/de\/?s={search_term_string}"},"query-input":"required name=search_term_string"}],"inLanguage":"de-DE"}]}},"jetpack_sharing_enabled":true,"_links":{"self":[{"href":"https:\/\/www.topiom.com\/de\/wp-json\/wp\/v2\/product\/41506"}],"collection":[{"href":"https:\/\/www.topiom.com\/de\/wp-json\/wp\/v2\/product"}],"about":[{"href":"https:\/\/www.topiom.com\/de\/wp-json\/wp\/v2\/types\/product"}],"replies":[{"embeddable":true,"href":"https:\/\/www.topiom.com\/de\/wp-json\/wp\/v2\/comments?post=41506"}],"version-history":[{"count":2,"href":"https:\/\/www.topiom.com\/de\/wp-json\/wp\/v2\/product\/41506\/revisions"}],"predecessor-version":[{"id":41508,"href":"https:\/\/www.topiom.com\/de\/wp-json\/wp\/v2\/product\/41506\/revisions\/41508"}],"wp:featuredmedia":[{"embeddable":true,"href":"https:\/\/www.topiom.com\/de\/wp-json\/wp\/v2\/media\/41509"}],"wp:attachment":[{"href":"https:\/\/www.topiom.com\/de\/wp-json\/wp\/v2\/media?parent=41506"}],"wp:term":[{"taxonomy":"product_cat","embeddable":true,"href":"https:\/\/www.topiom.com\/de\/wp-json\/wp\/v2\/product_cat?post=41506"},{"taxonomy":"product_tag","embeddable":true,"href":"https:\/\/www.topiom.com\/de\/wp-json\/wp\/v2\/product_tag?post=41506"}],"curies":[{"name":"wp","href":"https:\/\/api.w.org\/{rel}","templated":true}]}}